{"id":196439,"date":"2023-10-31T16:19:55","date_gmt":"2023-10-31T15:19:55","guid":{"rendered":"https:\/\/lediamant.ch\/?post_type=product&#038;p=196439"},"modified":"2024-04-30T16:18:37","modified_gmt":"2024-04-30T14:18:37","slug":"halsband-pesavento-polver-silber-925-plaque-gold-rosa-wplve1259","status":"publish","type":"product","link":"https:\/\/lediamant.ch\/de\/schmuck\/196439-halsband-pesavento-polver-silber-925-plaque-gold-rosa-wplve1259\/","title":{"rendered":"Pesavento Polvere Halskette, 925 Silber, ros\u00e9vergoldet, 90 cm, WPLVE1259"},"content":{"rendered":"<p>Diese Halskette von Pesavento WPLVE1259 ist aus ros\u00e9vergoldetem 925er Silber gefertigt und hat ein spezielles Pesavento-Design. Die L\u00e4nge des Halsbands betr\u00e4gt 90 cm.<\/p>\n","protected":false},"excerpt":{"rendered":"<p>Diese Halskette von Pesavento WPLVE1259 ist aus ros\u00e9vergoldetem 925er Silber gefertigt und hat ein spezielles Pesavento-Design. Die L\u00e4nge des Halsbands betr\u00e4gt 90 cm.<\/p>\n","protected":false},"featured_media":196441,"template":"","meta":{"_acf_changed":false,"_seopress_robots_primary_cat":"none","_seopress_titles_title":"","_seopress_titles_desc":"","_seopress_robots_index":""},"brand":[27111],"product_brand":[],"product_cat":[27179,27121,27229],"product_tag":[],"class_list":{"0":"post-196439","1":"product","2":"type-product","3":"status-publish","4":"has-post-thumbnail","6":"brand-silver-jewellery-de","7":"product_cat-colliers-de","8":"product_cat-schmuck","9":"product_cat-silberne-halsketten","10":"pa_garantie-12monate","11":"pa_genre-frau","12":"pa_matiere-925silber","13":"sales-flash-overlay","14":"woocommerce-text-align-center","15":"woocommerce-image-align-center","16":"do-quantity-buttons","18":"first","19":"instock","20":"taxable","21":"shipping-taxable","22":"purchasable","23":"product-type-simple"},"acf":[],"_links":{"self":[{"href":"https:\/\/lediamant.ch\/de\/wp-json\/wp\/v2\/product\/196439","targetHints":{"allow":["GET"]}}],"collection":[{"href":"https:\/\/lediamant.ch\/de\/wp-json\/wp\/v2\/product"}],"about":[{"href":"https:\/\/lediamant.ch\/de\/wp-json\/wp\/v2\/types\/product"}],"wp:featuredmedia":[{"embeddable":true,"href":"https:\/\/lediamant.ch\/de\/wp-json\/wp\/v2\/media\/196441"}],"wp:attachment":[{"href":"https:\/\/lediamant.ch\/de\/wp-json\/wp\/v2\/media?parent=196439"}],"wp:term":[{"taxonomy":"brand","embeddable":true,"href":"https:\/\/lediamant.ch\/de\/wp-json\/wp\/v2\/brand?post=196439"},{"taxonomy":"product_brand","embeddable":true,"href":"https:\/\/lediamant.ch\/de\/wp-json\/wp\/v2\/product_brand?post=196439"},{"taxonomy":"product_cat","embeddable":true,"href":"https:\/\/lediamant.ch\/de\/wp-json\/wp\/v2\/product_cat?post=196439"},{"taxonomy":"product_tag","embeddable":true,"href":"https:\/\/lediamant.ch\/de\/wp-json\/wp\/v2\/product_tag?post=196439"}],"curies":[{"name":"wp","href":"https:\/\/api.w.org\/{rel}","templated":true}]}}