{"id":196627,"date":"2024-01-16T15:59:04","date_gmt":"2024-01-16T14:59:04","guid":{"rendered":"https:\/\/lediamant.ch\/?post_type=product&#038;p=196627"},"modified":"2024-02-13T09:57:56","modified_gmt":"2024-02-13T08:57:56","slug":"tissot-supersport-chrono-pvd-gelbgold","status":"publish","type":"product","link":"https:\/\/lediamant.ch\/de\/uhren\/196627-tissot-supersport-chrono-t0580093303100\/","title":{"rendered":"Tissot Supersport Chrono"},"content":{"rendered":"<p>Markante Linien und klare Konturen in Kombination mit einem 45,5 mm gro\u00dfen Geh\u00e4use verleihen dem Tissot Supersport Chrono eine starke Pers\u00f6nlichkeit. Die massiven, mit SuperLuminova\u00ae beschichteten Indizes sorgen f\u00fcr eine beeindruckende Ablesbarkeit im Dunkeln. Alle Modelle der Tissot Supersport Chrono besitzen ein massives Geh\u00e4use aus 316L-Edelstahl sowie ein kratzfestes Saphirglas und sind bis zu einem Druck von 10 bar (100 m) wasserdicht. Diese Version des Tissot Supersport Chrono verf\u00fcgt \u00fcber ein Swiss Made Quarzwerk und ein Geh\u00e4use aus 316L-Edelstahl mit gelbgoldener PVD-Beschichtung. Das schwarze Zifferblatt mit Datumsanzeige wird von Zeigern und Indizes aus Gelbgold kontrastiert. Das Armband aus 316L-Edelstahl, ebenfalls mit gelbgoldener PVD-Beschichtung, ist mit einem Schnellwechselsystem ausgestattet.<\/p>\n","protected":false},"excerpt":{"rendered":"<p>Markante Linien und klare Konturen in Kombination mit einem 45,5 mm gro\u00dfen Geh\u00e4use verleihen dem Tissot Supersport Chrono eine starke Pers\u00f6nlichkeit. Die massiven, mit SuperLuminova\u00ae beschichteten Indizes sorgen f\u00fcr eine beeindruckende Ablesbarkeit im Dunkeln. Alle Modelle der Tissot Supersport Chrono besitzen ein massives Geh\u00e4use aus 316L-Edelstahl sowie ein kratzfestes Saphirglas und sind bis zu einem &#8230; <a title=\"Tissot Supersport Chrono\" class=\"read-more\" href=\"https:\/\/lediamant.ch\/de\/uhren\/196627-tissot-supersport-chrono-t0580093303100\/\" aria-label=\"Mehr Informationen \u00fcber Tissot Supersport Chrono\">Weiterlesen &#8230;<\/a><\/p>\n","protected":false},"featured_media":196612,"template":"","meta":{"_acf_changed":false,"_seopress_robots_primary_cat":"","_seopress_titles_title":"","_seopress_titles_desc":"","_seopress_robots_index":""},"brand":[27087],"product_brand":[],"product_cat":[27123,27159,27381],"product_tag":[],"class_list":{"0":"post-196627","1":"product","2":"type-product","3":"status-publish","4":"has-post-thumbnail","6":"brand-tissot-de","7":"product_cat-uhren","8":"product_cat-tissot-de","9":"product_cat-tissot-supersport-chrono","10":"pa_couleurduboitier-gelb-de","11":"pa_couleurdubracelet-gelb-de","12":"pa_couleurducadran-schwarz","13":"pa_dimensions-o-45-5-mm","14":"pa_etancheite-100m-de","15":"pa_forme-runden","16":"pa_garantie-24monate","17":"pa_genre-mann","18":"pa_matiere-gelbgoldpvd","19":"pa_matierebraceletmontre-edelstahl","20":"pa_mouvement-quarzbatterie-de","21":"pa_swissmade-ja-de","22":"pa_typedemontre-chronograph-de","23":"sales-flash-overlay","24":"woocommerce-text-align-center","25":"woocommerce-image-align-center","26":"do-quantity-buttons","28":"first","29":"outofstock","30":"taxable","31":"shipping-taxable","32":"purchasable","33":"product-type-simple"},"acf":[],"_links":{"self":[{"href":"https:\/\/lediamant.ch\/de\/wp-json\/wp\/v2\/product\/196627","targetHints":{"allow":["GET"]}}],"collection":[{"href":"https:\/\/lediamant.ch\/de\/wp-json\/wp\/v2\/product"}],"about":[{"href":"https:\/\/lediamant.ch\/de\/wp-json\/wp\/v2\/types\/product"}],"wp:featuredmedia":[{"embeddable":true,"href":"https:\/\/lediamant.ch\/de\/wp-json\/wp\/v2\/media\/196612"}],"wp:attachment":[{"href":"https:\/\/lediamant.ch\/de\/wp-json\/wp\/v2\/media?parent=196627"}],"wp:term":[{"taxonomy":"brand","embeddable":true,"href":"https:\/\/lediamant.ch\/de\/wp-json\/wp\/v2\/brand?post=196627"},{"taxonomy":"product_brand","embeddable":true,"href":"https:\/\/lediamant.ch\/de\/wp-json\/wp\/v2\/product_brand?post=196627"},{"taxonomy":"product_cat","embeddable":true,"href":"https:\/\/lediamant.ch\/de\/wp-json\/wp\/v2\/product_cat?post=196627"},{"taxonomy":"product_tag","embeddable":true,"href":"https:\/\/lediamant.ch\/de\/wp-json\/wp\/v2\/product_tag?post=196627"}],"curies":[{"name":"wp","href":"https:\/\/api.w.org\/{rel}","templated":true}]}}