{"id":197088,"date":"2023-11-15T00:01:34","date_gmt":"2023-11-14T23:01:34","guid":{"rendered":"https:\/\/lediamant.ch\/produit\/unkategorisiert\/tissot-t-touch-connect-sport-5\/"},"modified":"2025-10-03T08:36:04","modified_gmt":"2025-10-03T06:36:04","slug":"tissot-t-touch-connect-sport-t1534204705103","status":"publish","type":"product","link":"https:\/\/lediamant.ch\/de\/uhren\/197088-tissot-t-touch-connect-sport-t1534204705103\/","title":{"rendered":"Tissot T-Touch Connect Sport"},"content":{"rendered":"<p>Die Tissot T-Touch Connect Sport vereint Schweizer Handwerkskunst und moderne Technologie. Sie verf\u00fcgt \u00fcber einen 43 mm hohen Titanrahmen und einen AMOLED-Touchscreen, der sowohl Funktionalit\u00e4t als auch Stil garantiert. W\u00e4hrend sie Herzfrequenz, zur\u00fcckgelegte Distanz, Geschwindigkeit und Kalorien misst, passt sich diese Uhr jedem aktiven Lebensstil an. Vertiefen Sie Ihre Leistungsanalyse mit einer speziellen App und profitieren Sie gleichzeitig von Informationen \u00fcber die neuesten Wellness-Trends. Sie wird mit Solarenergie und dem SwALPS-System betrieben und bietet eine lange Nutzungsdauer, ohne dass sie h\u00e4ufig aufgeladen werden muss. Die Lebensdauer seiner Batterie ist im Uhrenmodus nahezu unbegrenzt und h\u00e4lt in den verschiedenen verbundenen Modi mehrere Monate. Mit einer Vielzahl von Brillen und Geh\u00e4usen integriert die Kollektion edle Materialien wie Keramik und Titan und spiegelt damit eine sportliche und zugleich raffinierte \u00c4sthetik wider. Als t\u00e4gliche Verb\u00fcndete aktiver und modebewusster Menschen \u00fcberbr\u00fcckt die Tissot T-Touch Connect Sport die Kluft zwischen traditioneller Schweizer Uhrmacherkunst und praktischen Funktionen, die sich an verschiedene Anl\u00e4sse und Stile anpassen lassen. Ewiger Kalender, Wecker, Uhrzeit, Zeitzonen, Automatische Sommerzeit, Chronograph, Chronograph mit Zwischenzeitfunktionen (SPLIT), Chrono Tour (Tagebuch), Chrono-Tagebuch, Schrittz\u00e4hler, Verbrannte Kalorien, Zur\u00fcckgelegte Distanz, Benachrichtigungen, Verbindungswarnungen, Eco-Modus, Automatischer Standby-Modus, Geschwindigkeit, Pace, Herzfrequenz, H\u00f6hengewinn, H\u00f6he, H\u00f6he, Eingehende Anrufe, Reisewarnungen<\/p>\n","protected":false},"excerpt":{"rendered":"<p>Die Tissot T-Touch Connect Sport vereint Schweizer Handwerkskunst und moderne Technologie. Sie verf\u00fcgt \u00fcber einen 43 mm hohen Titanrahmen und einen AMOLED-Touchscreen, der sowohl Funktionalit\u00e4t als auch Stil garantiert. W\u00e4hrend sie Herzfrequenz, zur\u00fcckgelegte Distanz, Geschwindigkeit und Kalorien misst, passt sich diese Uhr jedem aktiven Lebensstil an. Vertiefen Sie Ihre Leistungsanalyse mit einer speziellen App und &#8230; <a title=\"Tissot T-Touch Connect Sport\" class=\"read-more\" href=\"https:\/\/lediamant.ch\/de\/uhren\/197088-tissot-t-touch-connect-sport-t1534204705103\/\" aria-label=\"Mehr Informationen \u00fcber Tissot T-Touch Connect Sport\">Weiterlesen &#8230;<\/a><\/p>\n","protected":false},"featured_media":196285,"template":"","meta":{"_acf_changed":false,"_seopress_robots_primary_cat":"27158","_seopress_titles_title":"","_seopress_titles_desc":"Entdecken Sie Eleganz und Technologie mit der Tissot T-Touch Connect Sport: Schweizer Uhr aus Titan, AMOLED-Display und zahlreiche Funktionen f\u00fcr einen aktiven Lebensstil.","_seopress_robots_index":""},"brand":[27087],"product_brand":[],"product_cat":[27159,42062,27377,27123],"product_tag":[],"class_list":{"0":"post-197088","1":"product","2":"type-product","3":"status-publish","4":"has-post-thumbnail","6":"brand-tissot-de","7":"product_cat-tissot-de","8":"product_cat-tissot-t-touch-connect-sport-de","9":"product_cat-touch-uhren","10":"product_cat-uhren","11":"pa_couleurdubracelet-weiss-de","12":"pa_couleurducadran-schwarz","13":"pa_etancheite-50m-de","14":"pa_forme-runden","15":"pa_garantie-24monate","16":"pa_genre-frau","17":"pa_genre-mann","18":"pa_matiere-titan","19":"pa_matierebraceletmontre-silikon","20":"pa_mouvement-solar-de","21":"pa_swissmade-ja-de","22":"pa_typedemontre-sportuhren","23":"pa_typedemontre-touchuhren","24":"pa_verre-saphir-de","25":"sales-flash-overlay","26":"woocommerce-text-align-center","27":"woocommerce-image-align-center","28":"do-quantity-buttons","30":"first","31":"instock","32":"taxable","33":"shipping-taxable","34":"purchasable","35":"product-type-simple"},"acf":[],"_links":{"self":[{"href":"https:\/\/lediamant.ch\/de\/wp-json\/wp\/v2\/product\/197088","targetHints":{"allow":["GET"]}}],"collection":[{"href":"https:\/\/lediamant.ch\/de\/wp-json\/wp\/v2\/product"}],"about":[{"href":"https:\/\/lediamant.ch\/de\/wp-json\/wp\/v2\/types\/product"}],"wp:featuredmedia":[{"embeddable":true,"href":"https:\/\/lediamant.ch\/de\/wp-json\/wp\/v2\/media\/196285"}],"wp:attachment":[{"href":"https:\/\/lediamant.ch\/de\/wp-json\/wp\/v2\/media?parent=197088"}],"wp:term":[{"taxonomy":"brand","embeddable":true,"href":"https:\/\/lediamant.ch\/de\/wp-json\/wp\/v2\/brand?post=197088"},{"taxonomy":"product_brand","embeddable":true,"href":"https:\/\/lediamant.ch\/de\/wp-json\/wp\/v2\/product_brand?post=197088"},{"taxonomy":"product_cat","embeddable":true,"href":"https:\/\/lediamant.ch\/de\/wp-json\/wp\/v2\/product_cat?post=197088"},{"taxonomy":"product_tag","embeddable":true,"href":"https:\/\/lediamant.ch\/de\/wp-json\/wp\/v2\/product_tag?post=197088"}],"curies":[{"name":"wp","href":"https:\/\/api.w.org\/{rel}","templated":true}]}}