{"id":207642,"date":"2023-08-12T18:03:48","date_gmt":"2023-08-12T16:03:48","guid":{"rendered":"https:\/\/lediamant.ch\/?post_type=product&#038;p=207642"},"modified":"2024-11-27T18:32:17","modified_gmt":"2024-11-27T17:32:17","slug":"montre-claude-meylan-fenetre-sur-temps-mecanique-a-remontage-manuel-cadran-bleu-42-mm","status":"publish","type":"product","link":"https:\/\/lediamant.ch\/de\/uhren\/207642-uhr-claude-meylan-fenetre-sur-temps-mechanikwerk-mit-handaufzug-blaues-zifferblatt-42-mm-6046-b\/","title":{"rendered":"Claude Meylan Fen\u00eatre sur temps 42mm mechanisch mit Handaufzug"},"content":{"rendered":"<p>Entdecken Sie zeitlose Eleganz mit unserer Claude Meylan &#8222;Fen\u00eatre sur Temps&#8220; Uhr. Diese 42 mm gro\u00dfe Uhr ist mit einem Handaufzugsmechanismus ausgestattet, der Liebhabern traditioneller Uhren ein authentisches Erlebnis bietet. Das subtil gearbeitete blaue Zifferblatt enth\u00fcllt das R\u00e4derwerk der Uhr und schafft so ein faszinierendes Schauspiel f\u00fcr den Tr\u00e4ger und die Betrachter. Die Uhr ist mit einem hochwertigen Lederarmband ausgestattet, das der Uhr einen Hauch von Raffinesse verleiht. Sie ist mehr als nur eine Uhr, sie ist ein Meisterwerk der Schweizer Uhrmacherkunst.<\/p>\n","protected":false},"excerpt":{"rendered":"<p>Entdecken Sie zeitlose Eleganz mit unserer Claude Meylan &#8222;Fen\u00eatre sur Temps&#8220; Uhr. Diese 42 mm gro\u00dfe Uhr ist mit einem Handaufzugsmechanismus ausgestattet, der Liebhabern traditioneller Uhren ein authentisches Erlebnis bietet. Das subtil gearbeitete blaue Zifferblatt enth\u00fcllt das R\u00e4derwerk der Uhr und schafft so ein faszinierendes Schauspiel f\u00fcr den Tr\u00e4ger und die Betrachter. Die Uhr ist &#8230; <a title=\"Claude Meylan Fen\u00eatre sur temps 42mm mechanisch mit Handaufzug\" class=\"read-more\" href=\"https:\/\/lediamant.ch\/de\/uhren\/207642-uhr-claude-meylan-fenetre-sur-temps-mechanikwerk-mit-handaufzug-blaues-zifferblatt-42-mm-6046-b\/\" aria-label=\"Mehr Informationen \u00fcber Claude Meylan Fen\u00eatre sur temps 42mm mechanisch mit Handaufzug\">Weiterlesen &#8230;<\/a><\/p>\n","protected":false},"featured_media":215209,"template":"","meta":{"_acf_changed":false,"_seopress_robots_primary_cat":"27185","_seopress_titles_title":"%%post_title%%","_seopress_titles_desc":"Entdecken Sie die Eleganz mit der Claude Meylan Uhr, einem 42 mm gro\u00dfen Meisterwerk mit Handaufzug und Lederarmband. Ein wahres Spektakel der Uhrmacherkunst.","_seopress_robots_index":""},"brand":[27113],"product_brand":[],"product_cat":[27185,27217,27123],"product_tag":[],"class_list":{"0":"post-207642","1":"product","2":"type-product","3":"status-publish","4":"has-post-thumbnail","6":"brand-claudemeylan-de","7":"product_cat-claude-meylan-de","8":"product_cat-lac-de","9":"product_cat-uhren","10":"pa_couleurduboitier-grau-de","11":"pa_couleurdubracelet-blau-de","12":"pa_couleurducadran-blau","13":"pa_etancheite-30m-de","14":"pa_forme-runden","15":"pa_genre-frau","16":"pa_genre-mann","17":"pa_matiere-stahl","18":"pa_matierebraceletmontre-leder","19":"pa_mouvement-mechanik","20":"pa_option-boitier-transparenter-hintergrund","21":"pa_swissmade-ja-de","22":"pa_typedemontre-uhrenmithandaufzug","23":"sales-flash-overlay","24":"woocommerce-text-align-center","25":"woocommerce-image-align-center","26":"do-quantity-buttons","28":"first","29":"instock","30":"taxable","31":"shipping-taxable","32":"purchasable","33":"product-type-simple"},"acf":[],"_links":{"self":[{"href":"https:\/\/lediamant.ch\/de\/wp-json\/wp\/v2\/product\/207642","targetHints":{"allow":["GET"]}}],"collection":[{"href":"https:\/\/lediamant.ch\/de\/wp-json\/wp\/v2\/product"}],"about":[{"href":"https:\/\/lediamant.ch\/de\/wp-json\/wp\/v2\/types\/product"}],"wp:featuredmedia":[{"embeddable":true,"href":"https:\/\/lediamant.ch\/de\/wp-json\/wp\/v2\/media\/215209"}],"wp:attachment":[{"href":"https:\/\/lediamant.ch\/de\/wp-json\/wp\/v2\/media?parent=207642"}],"wp:term":[{"taxonomy":"brand","embeddable":true,"href":"https:\/\/lediamant.ch\/de\/wp-json\/wp\/v2\/brand?post=207642"},{"taxonomy":"product_brand","embeddable":true,"href":"https:\/\/lediamant.ch\/de\/wp-json\/wp\/v2\/product_brand?post=207642"},{"taxonomy":"product_cat","embeddable":true,"href":"https:\/\/lediamant.ch\/de\/wp-json\/wp\/v2\/product_cat?post=207642"},{"taxonomy":"product_tag","embeddable":true,"href":"https:\/\/lediamant.ch\/de\/wp-json\/wp\/v2\/product_tag?post=207642"}],"curies":[{"name":"wp","href":"https:\/\/api.w.org\/{rel}","templated":true}]}}