{"id":208251,"date":"2023-12-19T16:29:56","date_gmt":"2023-12-19T15:29:56","guid":{"rendered":"https:\/\/lediamant.ch\/?post_type=product&#038;p=208251"},"modified":"2023-12-19T17:39:15","modified_gmt":"2023-12-19T16:39:15","slug":"hamilton-ventura-elvis80-skeleton-auto-automatisch-42mm-x-44mm-copie-copie","status":"publish","type":"product","link":"https:\/\/lediamant.ch\/de\/uhren\/208251-hamilton-ventura-elvis80-skeleton-dragon-automatik-42mm-x-44mm-h24535332\/","title":{"rendered":"Hamilton Ventura Elvis80 Skeleton Dragon Schwarz Automatik | 42mm x 44mm"},"content":{"rendered":"<p>Der Drache besitzt in der \u00f6stlichen Kultur viele wundersch\u00f6ne Bedeutungen. Neben St\u00e4rke und Gl\u00fcck steht es auch f\u00fcr einen starken Unternehmergeist und symbolisiert oft Chancen und Erfolg. Die Ventura Elvis80 Skeleton Dragon ist mit einem schwarzen Drachenkopf mit flammend roten Augen und einem spektakul\u00e4ren roten Sekundenzeiger ausgestattet und wird von einem Kautschukarmband mit 3D-Drachenschuppen begleitet. Unter dem Zifferblatt schl\u00e4gt das Uhrwerk H-10-S mit einer Gangreserve von 80 Stunden und einer Spiralfeder aus Nivachron\u2122 sowie mit Super-Luminova\u00ae beschichteten Stunden- und Minutenzeigern f\u00fcr eine perfekte Ablesbarkeit im Dunkeln.<\/p>\n","protected":false},"excerpt":{"rendered":"<p>Der Drache besitzt in der \u00f6stlichen Kultur viele wundersch\u00f6ne Bedeutungen. Neben St\u00e4rke und Gl\u00fcck steht es auch f\u00fcr einen starken Unternehmergeist und symbolisiert oft Chancen und Erfolg. Die Ventura Elvis80 Skeleton Dragon ist mit einem schwarzen Drachenkopf mit flammend roten Augen und einem spektakul\u00e4ren roten Sekundenzeiger ausgestattet und wird von einem Kautschukarmband mit 3D-Drachenschuppen begleitet. &#8230; <a title=\"Hamilton Ventura Elvis80 Skeleton Dragon Schwarz Automatik | 42mm x 44mm\" class=\"read-more\" href=\"https:\/\/lediamant.ch\/de\/uhren\/208251-hamilton-ventura-elvis80-skeleton-dragon-automatik-42mm-x-44mm-h24535332\/\" aria-label=\"Mehr Informationen \u00fcber Hamilton Ventura Elvis80 Skeleton Dragon Schwarz Automatik | 42mm x 44mm\">Weiterlesen &#8230;<\/a><\/p>\n","protected":false},"featured_media":208253,"template":"","meta":{"_acf_changed":false,"_seopress_robots_primary_cat":"","_seopress_titles_title":"","_seopress_titles_desc":"","_seopress_robots_index":""},"brand":[27085],"product_brand":[],"product_cat":[27181,27123,27323],"product_tag":[],"class_list":{"0":"post-208251","1":"product","2":"type-product","3":"status-publish","4":"has-post-thumbnail","6":"brand-hamilton-de","7":"product_cat-hamilton-de","8":"product_cat-uhren","9":"product_cat-ventura-de","10":"pa_couleurdubracelet-schwarz-de","11":"pa_couleurducadran-schwarz","12":"pa_etancheite-50m-de","13":"pa_forme-dreieck-de","14":"pa_genre-mann","15":"pa_matiere-schwarzespvd","16":"pa_matierebraceletmontre-kautschuk","17":"pa_mouvement-automatik-de","18":"pa_swissmade-ja-de","19":"sales-flash-overlay","20":"woocommerce-text-align-center","21":"woocommerce-image-align-center","22":"do-quantity-buttons","24":"first","25":"outofstock","26":"taxable","27":"shipping-taxable","28":"purchasable","29":"product-type-simple"},"acf":[],"_links":{"self":[{"href":"https:\/\/lediamant.ch\/de\/wp-json\/wp\/v2\/product\/208251","targetHints":{"allow":["GET"]}}],"collection":[{"href":"https:\/\/lediamant.ch\/de\/wp-json\/wp\/v2\/product"}],"about":[{"href":"https:\/\/lediamant.ch\/de\/wp-json\/wp\/v2\/types\/product"}],"wp:featuredmedia":[{"embeddable":true,"href":"https:\/\/lediamant.ch\/de\/wp-json\/wp\/v2\/media\/208253"}],"wp:attachment":[{"href":"https:\/\/lediamant.ch\/de\/wp-json\/wp\/v2\/media?parent=208251"}],"wp:term":[{"taxonomy":"brand","embeddable":true,"href":"https:\/\/lediamant.ch\/de\/wp-json\/wp\/v2\/brand?post=208251"},{"taxonomy":"product_brand","embeddable":true,"href":"https:\/\/lediamant.ch\/de\/wp-json\/wp\/v2\/product_brand?post=208251"},{"taxonomy":"product_cat","embeddable":true,"href":"https:\/\/lediamant.ch\/de\/wp-json\/wp\/v2\/product_cat?post=208251"},{"taxonomy":"product_tag","embeddable":true,"href":"https:\/\/lediamant.ch\/de\/wp-json\/wp\/v2\/product_tag?post=208251"}],"curies":[{"name":"wp","href":"https:\/\/api.w.org\/{rel}","templated":true}]}}