{"id":208278,"date":"2023-03-19T17:03:44","date_gmt":"2023-03-19T16:03:44","guid":{"rendered":"https:\/\/lediamant.ch\/?post_type=product&#038;p=208278"},"modified":"2024-01-12T16:39:12","modified_gmt":"2024-01-12T15:39:12","slug":"hamilton-ventura-elvis80-skeleton-dragon-pvd-rosa-automatisch-42mm-x-44mm-copie","status":"publish","type":"product","link":"https:\/\/lediamant.ch\/de\/uhren\/208278-hamilton-ventura-elvis80-skeleton-pvd-rosegold-automatik-42mm-x-44mm-h24525331\/","title":{"rendered":"Hamilton Ventura Elvis80 Skeleton PVD Ros\u00e9gold, Automatik | 42mm x 44mm"},"content":{"rendered":"<p>Heben Sie sich ab mit der Ventura Elvis80 Skeleton, einer ultramodernen Hommage an die Vergangenheit, Gegenwart und Zukunft der ersten elektrischen Uhr der Welt. Als kraftvolle Weiterentwicklung einer revolution\u00e4ren Uhr weist das pr\u00e4zise skelettierte Zifferblatt ein auff\u00e4lliges Zickzackmuster in der Mitte auf, das zu dem leuchtenden dreieckigen Geh\u00e4use aus PVD-beschichtetem Ros\u00e9gold passt. Dieser Blitz ist eine Hommage an ein innovatives Vorbild und hebt das H-10-S Uhrwerk mit automatischem Aufzug in seinem Herzen hervor.<\/p>\n","protected":false},"excerpt":{"rendered":"<p>Heben Sie sich ab mit der Ventura Elvis80 Skeleton, einer ultramodernen Hommage an die Vergangenheit, Gegenwart und Zukunft der ersten elektrischen Uhr der Welt. Als kraftvolle Weiterentwicklung einer revolution\u00e4ren Uhr weist das pr\u00e4zise skelettierte Zifferblatt ein auff\u00e4lliges Zickzackmuster in der Mitte auf, das zu dem leuchtenden dreieckigen Geh\u00e4use aus PVD-beschichtetem Ros\u00e9gold passt. Dieser Blitz ist &#8230; <a title=\"Hamilton Ventura Elvis80 Skeleton PVD Ros\u00e9gold, Automatik | 42mm x 44mm\" class=\"read-more\" href=\"https:\/\/lediamant.ch\/de\/uhren\/208278-hamilton-ventura-elvis80-skeleton-pvd-rosegold-automatik-42mm-x-44mm-h24525331\/\" aria-label=\"Mehr Informationen \u00fcber Hamilton Ventura Elvis80 Skeleton PVD Ros\u00e9gold, Automatik | 42mm x 44mm\">Weiterlesen &#8230;<\/a><\/p>\n","protected":false},"featured_media":208280,"template":"","meta":{"_acf_changed":false,"_seopress_robots_primary_cat":"","_seopress_titles_title":"","_seopress_titles_desc":"","_seopress_robots_index":""},"brand":[27085],"product_brand":[],"product_cat":[27123,27181,27323],"product_tag":[],"class_list":{"0":"post-208278","1":"product","2":"type-product","3":"status-publish","4":"has-post-thumbnail","6":"brand-hamilton-de","7":"product_cat-uhren","8":"product_cat-hamilton-de","9":"product_cat-ventura-de","10":"pa_couleurdubracelet-schwarz-de","11":"pa_couleurducadran-schwarz","12":"pa_etancheite-50m-de","13":"pa_forme-dreieck-de","14":"pa_genre-mann","15":"pa_matiere-rosegoldpvd","16":"pa_matierebraceletmontre-kautschuk","17":"pa_mouvement-automatik-de","18":"pa_swissmade-ja-de","19":"sales-flash-overlay","20":"woocommerce-text-align-center","21":"woocommerce-image-align-center","22":"do-quantity-buttons","24":"first","25":"instock","26":"taxable","27":"shipping-taxable","28":"purchasable","29":"product-type-simple"},"acf":[],"_links":{"self":[{"href":"https:\/\/lediamant.ch\/de\/wp-json\/wp\/v2\/product\/208278","targetHints":{"allow":["GET"]}}],"collection":[{"href":"https:\/\/lediamant.ch\/de\/wp-json\/wp\/v2\/product"}],"about":[{"href":"https:\/\/lediamant.ch\/de\/wp-json\/wp\/v2\/types\/product"}],"wp:featuredmedia":[{"embeddable":true,"href":"https:\/\/lediamant.ch\/de\/wp-json\/wp\/v2\/media\/208280"}],"wp:attachment":[{"href":"https:\/\/lediamant.ch\/de\/wp-json\/wp\/v2\/media?parent=208278"}],"wp:term":[{"taxonomy":"brand","embeddable":true,"href":"https:\/\/lediamant.ch\/de\/wp-json\/wp\/v2\/brand?post=208278"},{"taxonomy":"product_brand","embeddable":true,"href":"https:\/\/lediamant.ch\/de\/wp-json\/wp\/v2\/product_brand?post=208278"},{"taxonomy":"product_cat","embeddable":true,"href":"https:\/\/lediamant.ch\/de\/wp-json\/wp\/v2\/product_cat?post=208278"},{"taxonomy":"product_tag","embeddable":true,"href":"https:\/\/lediamant.ch\/de\/wp-json\/wp\/v2\/product_tag?post=208278"}],"curies":[{"name":"wp","href":"https:\/\/api.w.org\/{rel}","templated":true}]}}