{"id":209176,"date":"2024-01-18T09:12:08","date_gmt":"2024-01-18T08:12:08","guid":{"rendered":"https:\/\/lediamant.ch\/?post_type=product&#038;p=209176"},"modified":"2024-02-07T10:45:57","modified_gmt":"2024-02-07T09:45:57","slug":"__trashed-82","status":"publish","type":"product","link":"https:\/\/lediamant.ch\/de\/uhren\/209176-tissot-t-my-lady-automatic-t1320071133600\/","title":{"rendered":"Tissot T-My Lady Automatic"},"content":{"rendered":"<p>Die Tissot T-My Lady Automatic, das weibliche Pendant zur Tissot Gentleman-Linie, besticht durch ihre unaufdringliche Eleganz, die sich f\u00fcr jeden Anlass eignet und perfekt zu jedem Stil passt. Jedes Detail dieser Linie zeugt von dem Fachwissen und der Sorgfalt, die in ihre Entwicklung geflossen sind. Die 29,3 mm gro\u00dfe Uhr mit einem Swiss Made Automatikwerk bietet eine Gangreserve von 48 Stunden und verf\u00fcgt \u00fcber eine Nivachron-Spiralfeder, die f\u00fcr ihre bemerkenswerte Best\u00e4ndigkeit gegen\u00fcber Magnetfeldern bekannt ist. Durch seinen transparenten Boden kann man das Uhrwerk in unerm\u00fcdlicher Aktion bewundern. Diese Version der Tissot T-My Lady Automatic ist mit einem Uhrwerk mit automatischem Aufzug ausgestattet. Das rosafarbene Zifferblatt mit Datumsanzeige beherbergt acht echte Diamanten, die als Indizes auf den Stunden 3, 6, 9 und 12 dienen. Das gew\u00f6lbte Saphirglas und der transparente Boden tragen zu ihrem unverwechselbaren Charme bei. Die Uhr wird mit zwei praktischen Armb\u00e4ndern geliefert: eines aus 316L-Edelstahl und eines aus braunem Leder. Dank des Schnellwechselsystems k\u00f6nnen die Armb\u00e4nder einfach und ohne Werkzeug ausgetauscht werden.<\/p>\n","protected":false},"excerpt":{"rendered":"<p>Die Tissot T-My Lady Automatic, das weibliche Pendant zur Tissot Gentleman-Linie, besticht durch ihre unaufdringliche Eleganz, die sich f\u00fcr jeden Anlass eignet und perfekt zu jedem Stil passt. Jedes Detail dieser Linie zeugt von dem Fachwissen und der Sorgfalt, die in ihre Entwicklung geflossen sind. Die 29,3 mm gro\u00dfe Uhr mit einem Swiss Made Automatikwerk &#8230; <a title=\"Tissot T-My Lady Automatic\" class=\"read-more\" href=\"https:\/\/lediamant.ch\/de\/uhren\/209176-tissot-t-my-lady-automatic-t1320071133600\/\" aria-label=\"Mehr Informationen \u00fcber Tissot T-My Lady Automatic\">Weiterlesen &#8230;<\/a><\/p>\n","protected":false},"featured_media":209156,"template":"","meta":{"_acf_changed":false,"_seopress_robots_primary_cat":"","_seopress_titles_title":"","_seopress_titles_desc":"","_seopress_robots_index":""},"brand":[27087],"product_brand":[],"product_cat":[27297,27159,41514,27123],"product_tag":[],"class_list":{"0":"post-209176","1":"product","2":"type-product","3":"status-publish","4":"has-post-thumbnail","6":"brand-tissot-de","7":"product_cat-exklusiv-fur-damen","8":"product_cat-tissot-de","9":"product_cat-tissot-my-lady","10":"product_cat-uhren","11":"pa_couleurduboitier-grau-de","12":"pa_couleurdubracelet-grau-de","13":"pa_couleurducadran-rosa-de","14":"pa_detail-de-s-pierres-s-8-diamanten-0-0160-ct-vs-si","15":"pa_dimensions-o-29-3-mm","16":"pa_etancheite-100m-de","17":"pa_forme-runden","18":"pa_garantie-24monate","19":"pa_genre-frau","20":"pa_matiere-stahl","21":"pa_matierebraceletmontre-edelstahl","22":"pa_mouvement-automatik-de","23":"pa_swissmade-ja-de","24":"pa_typedemontre-uhrenmitdiamanten","25":"pa_verre-saphir-de","26":"sales-flash-overlay","27":"woocommerce-text-align-center","28":"woocommerce-image-align-center","29":"do-quantity-buttons","31":"first","32":"instock","33":"taxable","34":"shipping-taxable","35":"purchasable","36":"product-type-simple"},"acf":[],"_links":{"self":[{"href":"https:\/\/lediamant.ch\/de\/wp-json\/wp\/v2\/product\/209176","targetHints":{"allow":["GET"]}}],"collection":[{"href":"https:\/\/lediamant.ch\/de\/wp-json\/wp\/v2\/product"}],"about":[{"href":"https:\/\/lediamant.ch\/de\/wp-json\/wp\/v2\/types\/product"}],"wp:featuredmedia":[{"embeddable":true,"href":"https:\/\/lediamant.ch\/de\/wp-json\/wp\/v2\/media\/209156"}],"wp:attachment":[{"href":"https:\/\/lediamant.ch\/de\/wp-json\/wp\/v2\/media?parent=209176"}],"wp:term":[{"taxonomy":"brand","embeddable":true,"href":"https:\/\/lediamant.ch\/de\/wp-json\/wp\/v2\/brand?post=209176"},{"taxonomy":"product_brand","embeddable":true,"href":"https:\/\/lediamant.ch\/de\/wp-json\/wp\/v2\/product_brand?post=209176"},{"taxonomy":"product_cat","embeddable":true,"href":"https:\/\/lediamant.ch\/de\/wp-json\/wp\/v2\/product_cat?post=209176"},{"taxonomy":"product_tag","embeddable":true,"href":"https:\/\/lediamant.ch\/de\/wp-json\/wp\/v2\/product_tag?post=209176"}],"curies":[{"name":"wp","href":"https:\/\/api.w.org\/{rel}","templated":true}]}}