{"id":209184,"date":"2024-01-18T09:12:06","date_gmt":"2024-01-18T08:12:06","guid":{"rendered":"https:\/\/lediamant.ch\/?post_type=product&#038;p=209184"},"modified":"2026-04-08T11:01:50","modified_gmt":"2026-04-08T09:01:50","slug":"__trashed-82__trashed","status":"publish","type":"product","link":"https:\/\/lediamant.ch\/de\/uhren\/209184-tissot-nordic-gold-lady-t9132101603101\/","title":{"rendered":"Tissot Nordic Gold Lady"},"content":{"rendered":"<p>Die Tissot Nordic Gold Lady zeichnet sich durch ihre Schlichtheit, Raffinesse und ihr edles Aussehen aus. Mit einem diskreten Durchmesser von 27 Millimetern und einem Geh\u00e4use aus massivem 18-kar\u00e4tigem Gelbgold liegt diese Damenuhr leicht und sanft auf dem Handgelenk. Das versilberte Zifferblatt mit feinen Zeigern und Indizes aus Gelbgold wird von einem kratzfesten Saphirglas gesch\u00fctzt und bewahrt so seinen gleichbleibenden Glanz. Die Tissot Nordic Gold Lady wird von einem Schweizer Quarzwerk angetrieben und ist die perfekte Verk\u00f6rperung von Eleganz. Das schwarze Lederarmband mit Pr\u00e4gung in Alligatorlederoptik bildet einen schicken Kontrast zum funkelnden Geh\u00e4use aus Gelbgold.<\/p>\n","protected":false},"excerpt":{"rendered":"<p>Die Tissot Nordic Gold Lady zeichnet sich durch ihre Schlichtheit, Raffinesse und ihr edles Aussehen aus. Mit einem diskreten Durchmesser von 27 Millimetern und einem Geh\u00e4use aus massivem 18-kar\u00e4tigem Gelbgold liegt diese Damenuhr leicht und sanft auf dem Handgelenk. Das versilberte Zifferblatt mit feinen Zeigern und Indizes aus Gelbgold wird von einem kratzfesten Saphirglas gesch\u00fctzt &#8230; <a title=\"Tissot Nordic Gold Lady\" class=\"read-more\" href=\"https:\/\/lediamant.ch\/de\/uhren\/209184-tissot-nordic-gold-lady-t9132101603101\/\" aria-label=\"Mehr Informationen \u00fcber Tissot Nordic Gold Lady\">Weiterlesen &#8230;<\/a><\/p>\n","protected":false},"featured_media":209178,"template":"","meta":{"_acf_changed":false,"_seopress_robots_primary_cat":"","_seopress_titles_title":"","_seopress_titles_desc":"","_seopress_robots_index":""},"brand":[27087],"product_brand":[],"product_cat":[27123,27159],"product_tag":[],"class_list":{"0":"post-209184","1":"product","2":"type-product","3":"status-publish","4":"has-post-thumbnail","6":"brand-tissot-de","7":"product_cat-uhren","8":"product_cat-tissot-de","9":"pa_etancheite-30m-de","10":"sales-flash-overlay","11":"woocommerce-text-align-center","12":"woocommerce-image-align-center","13":"do-quantity-buttons","15":"first","16":"instock","17":"taxable","18":"shipping-taxable","19":"purchasable","20":"product-type-simple"},"acf":[],"_links":{"self":[{"href":"https:\/\/lediamant.ch\/de\/wp-json\/wp\/v2\/product\/209184","targetHints":{"allow":["GET"]}}],"collection":[{"href":"https:\/\/lediamant.ch\/de\/wp-json\/wp\/v2\/product"}],"about":[{"href":"https:\/\/lediamant.ch\/de\/wp-json\/wp\/v2\/types\/product"}],"wp:featuredmedia":[{"embeddable":true,"href":"https:\/\/lediamant.ch\/de\/wp-json\/wp\/v2\/media\/209178"}],"wp:attachment":[{"href":"https:\/\/lediamant.ch\/de\/wp-json\/wp\/v2\/media?parent=209184"}],"wp:term":[{"taxonomy":"brand","embeddable":true,"href":"https:\/\/lediamant.ch\/de\/wp-json\/wp\/v2\/brand?post=209184"},{"taxonomy":"product_brand","embeddable":true,"href":"https:\/\/lediamant.ch\/de\/wp-json\/wp\/v2\/product_brand?post=209184"},{"taxonomy":"product_cat","embeddable":true,"href":"https:\/\/lediamant.ch\/de\/wp-json\/wp\/v2\/product_cat?post=209184"},{"taxonomy":"product_tag","embeddable":true,"href":"https:\/\/lediamant.ch\/de\/wp-json\/wp\/v2\/product_tag?post=209184"}],"curies":[{"name":"wp","href":"https:\/\/api.w.org\/{rel}","templated":true}]}}