{"id":209263,"date":"2024-01-19T11:56:25","date_gmt":"2024-01-19T10:56:25","guid":{"rendered":"https:\/\/lediamant.ch\/?post_type=product&#038;p=209263"},"modified":"2024-01-24T15:50:05","modified_gmt":"2024-01-24T14:50:05","slug":"hamilton-khaki-aviation-pilot-day-date-grey-automatik-42mm-copie","status":"publish","type":"product","link":"https:\/\/lediamant.ch\/de\/uhren\/209263-hamilton-khaki-aviation-pilot-day-date-grey-automatik-42mm-h64635560\/","title":{"rendered":"KHAKI AVIATION PILOT DAY DATE AUTO | 42mm"},"content":{"rendered":"<p>Die Khaki Aviation Pilot Day Date ist f\u00fcr Flugbegeisterte gedacht und erinnert an den Entdecker- und Abenteuergeist der Khaki. Angetrieben vom Automatikwerk H-30 mit 80 Stunden Gangreserve und einer Spiralfeder aus Nivachron\u2122, verf\u00fcgt dieses Modell \u00fcber ein Tag-Datum-Fenster und gro\u00dfe Ziffern f\u00fcr eine bessere Ablesbarkeit. Die Khaki Aviation Day Date 42 mm kombiniert ein dunkelbraunes Lederarmband mit einem olivgr\u00fcnen Zifferblatt - eine Hommage an die Wurzeln der Khaki, einer Uhr f\u00fcr Abenteuer im Freien.<\/p>\n","protected":false},"excerpt":{"rendered":"<p>Die Khaki Aviation Pilot Day Date ist f\u00fcr Flugbegeisterte gedacht und erinnert an den Entdecker- und Abenteuergeist der Khaki. Angetrieben vom Automatikwerk H-30 mit 80 Stunden Gangreserve und einer Spiralfeder aus Nivachron\u2122, verf\u00fcgt dieses Modell \u00fcber ein Tag-Datum-Fenster und gro\u00dfe Ziffern f\u00fcr eine bessere Ablesbarkeit. Die Khaki Aviation Day Date 42 mm kombiniert ein dunkelbraunes &#8230; <a title=\"KHAKI AVIATION PILOT DAY DATE AUTO | 42mm\" class=\"read-more\" href=\"https:\/\/lediamant.ch\/de\/uhren\/209263-hamilton-khaki-aviation-pilot-day-date-grey-automatik-42mm-h64635560\/\" aria-label=\"Mehr Informationen \u00fcber KHAKI AVIATION PILOT DAY DATE AUTO | 42mm\">Weiterlesen &#8230;<\/a><\/p>\n","protected":false},"featured_media":209386,"template":"","meta":{"_acf_changed":false,"_seopress_robots_primary_cat":"","_seopress_titles_title":"","_seopress_titles_desc":"","_seopress_robots_index":""},"brand":[27085],"product_brand":[],"product_cat":[27181,27269,27123],"product_tag":[],"class_list":{"0":"post-209263","1":"product","2":"type-product","3":"status-publish","4":"has-post-thumbnail","6":"brand-hamilton-de","7":"product_cat-hamilton-de","8":"product_cat-khaki-aviation-de","9":"product_cat-uhren","10":"pa_couleurdubracelet-braun-de","11":"pa_couleurducadran-grun","12":"pa_dimensions-42-cm","13":"pa_etancheite-100m-de","14":"pa_forme-runden","15":"pa_garantie-24monate","16":"pa_genre-mann","17":"pa_matiere-stahl","18":"pa_matierebraceletmontre-leder","19":"pa_mouvement-automatik-de","20":"pa_option-boitier-transparenter-hintergrund","21":"pa_swissmade-ja-de","22":"pa_typedemontre-fliegeruhren","23":"pa_verre-saphir-de","24":"sales-flash-overlay","25":"woocommerce-text-align-center","26":"woocommerce-image-align-center","27":"do-quantity-buttons","29":"first","30":"instock","31":"taxable","32":"shipping-taxable","33":"purchasable","34":"product-type-simple"},"acf":[],"_links":{"self":[{"href":"https:\/\/lediamant.ch\/de\/wp-json\/wp\/v2\/product\/209263","targetHints":{"allow":["GET"]}}],"collection":[{"href":"https:\/\/lediamant.ch\/de\/wp-json\/wp\/v2\/product"}],"about":[{"href":"https:\/\/lediamant.ch\/de\/wp-json\/wp\/v2\/types\/product"}],"wp:featuredmedia":[{"embeddable":true,"href":"https:\/\/lediamant.ch\/de\/wp-json\/wp\/v2\/media\/209386"}],"wp:attachment":[{"href":"https:\/\/lediamant.ch\/de\/wp-json\/wp\/v2\/media?parent=209263"}],"wp:term":[{"taxonomy":"brand","embeddable":true,"href":"https:\/\/lediamant.ch\/de\/wp-json\/wp\/v2\/brand?post=209263"},{"taxonomy":"product_brand","embeddable":true,"href":"https:\/\/lediamant.ch\/de\/wp-json\/wp\/v2\/product_brand?post=209263"},{"taxonomy":"product_cat","embeddable":true,"href":"https:\/\/lediamant.ch\/de\/wp-json\/wp\/v2\/product_cat?post=209263"},{"taxonomy":"product_tag","embeddable":true,"href":"https:\/\/lediamant.ch\/de\/wp-json\/wp\/v2\/product_tag?post=209263"}],"curies":[{"name":"wp","href":"https:\/\/api.w.org\/{rel}","templated":true}]}}