{"id":209347,"date":"2024-01-19T11:10:55","date_gmt":"2024-01-19T10:10:55","guid":{"rendered":"https:\/\/lediamant.ch\/?post_type=product&#038;p=209347"},"modified":"2024-01-19T11:45:47","modified_gmt":"2024-01-19T10:45:47","slug":"khaki-aviation-pilot-auto-36mm-copie-2","status":"publish","type":"product","link":"https:\/\/lediamant.ch\/de\/uhren\/209347-khaki-aviation-pilot-auto-36mm-h76215850\/","title":{"rendered":"KHAKI AVIATION PILOT AUTO | 36mm"},"content":{"rendered":"<p>Der Khaki Pilot Auto ist f\u00fcr Flugbegeisterte gedacht und erinnert an den Entdecker- und Abenteuergeist des Khaki. Angetrieben vom Automatikwerk H-10 mit 80 Stunden Gangreserve, werden die 36-mm-Versionen Liebhaber von Uhren mit kleinen Abmessungen begeistern. Ihr kompakteres Design entspricht den Pr\u00e4zisionsanforderungen, die an ein Cockpit gestellt werden, und eignet sich sowohl f\u00fcr den Einsatz im Himmel als auch auf der Erde. Die Khaki Pilot Auto kombiniert ein wei\u00dfes Lederarmband mit einem silberwei\u00dfen Zifferblatt mit einer speziellen Super-LumiNova-Beschichtung f\u00fcr eine bessere Ablesbarkeit.<\/p>\n","protected":false},"excerpt":{"rendered":"<p>Der Khaki Pilot Auto ist f\u00fcr Flugbegeisterte gedacht und erinnert an den Entdecker- und Abenteuergeist des Khaki. Angetrieben vom Automatikwerk H-10 mit 80 Stunden Gangreserve, werden die 36-mm-Versionen Liebhaber von Uhren mit kleinen Abmessungen begeistern. Ihr kompakteres Design entspricht den Pr\u00e4zisionsanforderungen, die an ein Cockpit gestellt werden, und eignet sich sowohl f\u00fcr den Einsatz im &#8230; <a title=\"KHAKI AVIATION PILOT AUTO | 36mm\" class=\"read-more\" href=\"https:\/\/lediamant.ch\/de\/uhren\/209347-khaki-aviation-pilot-auto-36mm-h76215850\/\" aria-label=\"Mehr Informationen \u00fcber KHAKI AVIATION PILOT AUTO | 36mm\">Weiterlesen &#8230;<\/a><\/p>\n","protected":false},"featured_media":209349,"template":"","meta":{"_acf_changed":false,"_seopress_robots_primary_cat":"","_seopress_titles_title":"","_seopress_titles_desc":"","_seopress_robots_index":""},"brand":[27085],"product_brand":[],"product_cat":[27181,27269,27123],"product_tag":[],"class_list":{"0":"post-209347","1":"product","2":"type-product","3":"status-publish","4":"has-post-thumbnail","6":"brand-hamilton-de","7":"product_cat-hamilton-de","8":"product_cat-khaki-aviation-de","9":"product_cat-uhren","10":"pa_couleurduboitier-grau-de","11":"pa_couleurdubracelet-weiss-de","12":"pa_couleurducadran-silber","13":"pa_dimensions-oe-36","14":"pa_etancheite-100m-de","15":"pa_forme-runden","16":"pa_garantie-24monate","17":"pa_genre-frau","18":"pa_matiere-stahl","19":"pa_matierebraceletmontre-leder","20":"pa_mouvement-automatik-de","21":"pa_option-boitier-transparenter-hintergrund","22":"pa_swissmade-ja-de","23":"pa_typedemontre-fliegeruhren","24":"pa_verre-saphir-de","25":"sales-flash-overlay","26":"woocommerce-text-align-center","27":"woocommerce-image-align-center","28":"do-quantity-buttons","30":"first","31":"instock","32":"taxable","33":"shipping-taxable","34":"purchasable","35":"product-type-simple"},"acf":[],"_links":{"self":[{"href":"https:\/\/lediamant.ch\/de\/wp-json\/wp\/v2\/product\/209347","targetHints":{"allow":["GET"]}}],"collection":[{"href":"https:\/\/lediamant.ch\/de\/wp-json\/wp\/v2\/product"}],"about":[{"href":"https:\/\/lediamant.ch\/de\/wp-json\/wp\/v2\/types\/product"}],"wp:featuredmedia":[{"embeddable":true,"href":"https:\/\/lediamant.ch\/de\/wp-json\/wp\/v2\/media\/209349"}],"wp:attachment":[{"href":"https:\/\/lediamant.ch\/de\/wp-json\/wp\/v2\/media?parent=209347"}],"wp:term":[{"taxonomy":"brand","embeddable":true,"href":"https:\/\/lediamant.ch\/de\/wp-json\/wp\/v2\/brand?post=209347"},{"taxonomy":"product_brand","embeddable":true,"href":"https:\/\/lediamant.ch\/de\/wp-json\/wp\/v2\/product_brand?post=209347"},{"taxonomy":"product_cat","embeddable":true,"href":"https:\/\/lediamant.ch\/de\/wp-json\/wp\/v2\/product_cat?post=209347"},{"taxonomy":"product_tag","embeddable":true,"href":"https:\/\/lediamant.ch\/de\/wp-json\/wp\/v2\/product_tag?post=209347"}],"curies":[{"name":"wp","href":"https:\/\/api.w.org\/{rel}","templated":true}]}}