{"id":209539,"date":"2020-01-24T11:06:30","date_gmt":"2020-01-24T10:06:30","guid":{"rendered":"https:\/\/lediamant.ch\/?post_type=product&#038;p=209539"},"modified":"2024-12-06T13:11:42","modified_gmt":"2024-12-06T12:11:42","slug":"tissot-heritage-visodate-copie","status":"publish","type":"product","link":"https:\/\/lediamant.ch\/de\/sale\/209539-tissot-heritage-visodate-quarz-t1184103627701\/","title":{"rendered":"Tissot Heritage Visodate Quarz"},"content":{"rendered":"<p>Die Tissot Heritage Visodate Quartz, ein zeitgen\u00f6ssischer Zeitmesser, der ganz dem Detail gewidmet und von Nostalgie gepr\u00e4gt ist, enth\u00fcllt ein sanft gew\u00f6lbtes Zifferblatt, das mit einem gew\u00f6lbten Saphirglas korrespondiert, um die Ablesbarkeit der Wochentags- und Datumsanzeige zu betonen.<\/p>\n","protected":false},"excerpt":{"rendered":"<p>Die Tissot Heritage Visodate Quartz, ein zeitgen\u00f6ssischer Zeitmesser, der ganz dem Detail gewidmet und von Nostalgie gepr\u00e4gt ist, enth\u00fcllt ein sanft gew\u00f6lbtes Zifferblatt, das mit einem gew\u00f6lbten Saphirglas korrespondiert, um die Ablesbarkeit der Wochentags- und Datumsanzeige zu betonen.<\/p>\n","protected":false},"featured_media":209541,"template":"","meta":{"_acf_changed":false,"_seopress_robots_primary_cat":"27159","_seopress_titles_title":"","_seopress_titles_desc":"","_seopress_robots_index":""},"brand":[27087],"product_brand":[],"product_cat":[27159,27307,27461,27123],"product_tag":[],"class_list":{"0":"post-209539","1":"product","2":"type-product","3":"status-publish","4":"has-post-thumbnail","6":"brand-tissot-de","7":"product_cat-tissot-de","8":"product_cat-tissot-heritage","9":"product_cat-tissot-heritage-visodate","10":"product_cat-uhren","11":"pa_couleurduboitier-pinkrosa-de","12":"pa_couleurdubracelet-beige-de","13":"pa_couleurducadran-weiss","14":"pa_etancheite-30m-de","15":"pa_forme-runden","16":"pa_genre-frau","17":"pa_genre-mann","18":"pa_matiere-rosegoldpvd","19":"pa_matierebraceletmontre-leder","20":"pa_mouvement-quarzbatterie-de","21":"pa_swissmade-ja-de","22":"pa_verre-saphir-de","23":"sales-flash-overlay","24":"woocommerce-text-align-center","25":"woocommerce-image-align-center","26":"do-quantity-buttons","28":"first","29":"outofstock","30":"taxable","31":"shipping-taxable","32":"purchasable","33":"product-type-simple"},"acf":[],"_links":{"self":[{"href":"https:\/\/lediamant.ch\/de\/wp-json\/wp\/v2\/product\/209539","targetHints":{"allow":["GET"]}}],"collection":[{"href":"https:\/\/lediamant.ch\/de\/wp-json\/wp\/v2\/product"}],"about":[{"href":"https:\/\/lediamant.ch\/de\/wp-json\/wp\/v2\/types\/product"}],"wp:featuredmedia":[{"embeddable":true,"href":"https:\/\/lediamant.ch\/de\/wp-json\/wp\/v2\/media\/209541"}],"wp:attachment":[{"href":"https:\/\/lediamant.ch\/de\/wp-json\/wp\/v2\/media?parent=209539"}],"wp:term":[{"taxonomy":"brand","embeddable":true,"href":"https:\/\/lediamant.ch\/de\/wp-json\/wp\/v2\/brand?post=209539"},{"taxonomy":"product_brand","embeddable":true,"href":"https:\/\/lediamant.ch\/de\/wp-json\/wp\/v2\/product_brand?post=209539"},{"taxonomy":"product_cat","embeddable":true,"href":"https:\/\/lediamant.ch\/de\/wp-json\/wp\/v2\/product_cat?post=209539"},{"taxonomy":"product_tag","embeddable":true,"href":"https:\/\/lediamant.ch\/de\/wp-json\/wp\/v2\/product_tag?post=209539"}],"curies":[{"name":"wp","href":"https:\/\/api.w.org\/{rel}","templated":true}]}}