{"id":209545,"date":"2022-01-24T15:19:59","date_gmt":"2022-01-24T14:19:59","guid":{"rendered":"https:\/\/lediamant.ch\/?post_type=product&#038;p=209545"},"modified":"2026-01-23T14:05:16","modified_gmt":"2026-01-23T13:05:16","slug":"tissot-pr-100-sport-chic-chronograph","status":"publish","type":"product","link":"https:\/\/lediamant.ch\/de\/uhren\/209545-tissot-pr-100-sport-chic-chronograph-t1019173311600\/","title":{"rendered":"Tissot Pr 100 Sport Chic Chronograph"},"content":{"rendered":"<p>Angesichts des Erfolgs der PR 100 Sport-Chic-Kollektion wird die Serie nun um einen Sportchronographen erweitert. Mit ihrem gro\u00dfz\u00fcgigen 38-mm-Geh\u00e4use ist sie eines der gr\u00f6\u00dften Uhrenmodelle und ihre Gr\u00f6\u00dfe ist beeindruckend. Das Design ist sowohl robust als auch sch\u00f6n stromlinienf\u00f6rmig, mit einer st\u00e4rkeren L\u00fcnette und einem schlichteren Armband. So stark die PR100-Kollektion auf der einen Seite ist, so wenig vernachl\u00e4ssigt sie auf der anderen Seite ihre feminine \u00c4sthetik. Die Indizes und Zeiger sind mit einer praktischen Leuchtbeschichtung versehen, die eine optimale Ablesbarkeit gew\u00e4hrleistet. Minimalisten werden sich von dem schlichten Zifferblatt angezogen f\u00fchlen, w\u00e4hrend diejenigen, die einem Hauch von Luxus nicht widerstehen k\u00f6nnen, die Zifferbl\u00e4tter und Z\u00e4hler mit schillernden Perlmutt- oder Sonnenschliff-Zifferbl\u00e4ttern mit Diamantindexen zu sch\u00e4tzen wissen. Dieses Damenmodell aus der Kollektion Tissot PR 100 Sport Chic Lady Chronograph verf\u00fcgt \u00fcber ein Geh\u00e4use aus Edelstahl 316L mit PVD-Beschichtung in Ros\u00e9gold und ein gl\u00e4nzendes Perlmuttzifferblatt mit Indexen und 12 Diamanten. Zu den Merkmalen dieser sportlichen Version geh\u00f6ren ein Swiss-Made-Quarzwerk mit Batterie-Endanzeige, ein kratzfestes Saphirglas und eine Datumsanzeige. Die Zeiger und Indizes sind mit Superluminova-Leuchtmasse beschichtet. Das wundersch\u00f6ne Armband aus 316L-Edelstahl mit PVD-Beschichtung in Ros\u00e9gold hat eine Faltschlie\u00dfe mit Dr\u00fcckern.<\/p>\n","protected":false},"excerpt":{"rendered":"<p>Angesichts des Erfolgs der PR 100 Sport-Chic-Kollektion wird die Serie nun um einen Sportchronographen erweitert. Mit ihrem gro\u00dfz\u00fcgigen 38-mm-Geh\u00e4use ist sie eines der gr\u00f6\u00dften Uhrenmodelle und ihre Gr\u00f6\u00dfe ist beeindruckend. Das Design ist sowohl robust als auch sch\u00f6n stromlinienf\u00f6rmig, mit einer st\u00e4rkeren L\u00fcnette und einem schlichteren Armband. So stark die PR100-Kollektion auf der einen Seite &#8230; <a title=\"Tissot Pr 100 Sport Chic Chronograph\" class=\"read-more\" href=\"https:\/\/lediamant.ch\/de\/uhren\/209545-tissot-pr-100-sport-chic-chronograph-t1019173311600\/\" aria-label=\"Mehr Informationen \u00fcber Tissot Pr 100 Sport Chic Chronograph\">Weiterlesen &#8230;<\/a><\/p>\n","protected":false},"featured_media":209547,"template":"","meta":{"_acf_changed":false,"_seopress_robots_primary_cat":"none","_seopress_titles_title":"","_seopress_titles_desc":"Entdecken Sie den sportlichen Chronographen PR 100 Sport-Chic von Tissot mit Rotgoldgeh\u00e4use, Perlmuttzifferblatt und Diamanten. Eleganz und Leistung vereint.","_seopress_robots_index":""},"brand":[27087],"product_brand":[],"product_cat":[27137,27159,27513,27123],"product_tag":[],"class_list":{"0":"post-209545","1":"product","2":"type-product","3":"status-publish","4":"has-post-thumbnail","6":"brand-tissot-de","7":"product_cat-bracelet-ajustable-de","8":"product_cat-tissot-de","9":"product_cat-tissot-pr100","10":"product_cat-uhren","11":"pa_couleurduboitier-pinkrosa-de","12":"pa_couleurducadran-perlmutt","13":"pa_dimensions-o-38-mm","14":"pa_etancheite-100m-de","15":"pa_forme-runden","16":"pa_genre-frau","17":"pa_matiere-rosegoldpvd","18":"pa_matierebraceletmontre-edelstahl","19":"pa_mouvement-quarzbatterie-de","20":"pa_swissmade-ja-de","21":"pa_typedemontre-chronograph-de","22":"pa_typedemontre-uhrenmitdiamanten","23":"pa_verre-saphir-de","24":"sales-flash-overlay","25":"woocommerce-text-align-center","26":"woocommerce-image-align-center","27":"do-quantity-buttons","29":"first","30":"outofstock","31":"taxable","32":"shipping-taxable","33":"purchasable","34":"product-type-simple"},"acf":[],"_links":{"self":[{"href":"https:\/\/lediamant.ch\/de\/wp-json\/wp\/v2\/product\/209545","targetHints":{"allow":["GET"]}}],"collection":[{"href":"https:\/\/lediamant.ch\/de\/wp-json\/wp\/v2\/product"}],"about":[{"href":"https:\/\/lediamant.ch\/de\/wp-json\/wp\/v2\/types\/product"}],"wp:featuredmedia":[{"embeddable":true,"href":"https:\/\/lediamant.ch\/de\/wp-json\/wp\/v2\/media\/209547"}],"wp:attachment":[{"href":"https:\/\/lediamant.ch\/de\/wp-json\/wp\/v2\/media?parent=209545"}],"wp:term":[{"taxonomy":"brand","embeddable":true,"href":"https:\/\/lediamant.ch\/de\/wp-json\/wp\/v2\/brand?post=209545"},{"taxonomy":"product_brand","embeddable":true,"href":"https:\/\/lediamant.ch\/de\/wp-json\/wp\/v2\/product_brand?post=209545"},{"taxonomy":"product_cat","embeddable":true,"href":"https:\/\/lediamant.ch\/de\/wp-json\/wp\/v2\/product_cat?post=209545"},{"taxonomy":"product_tag","embeddable":true,"href":"https:\/\/lediamant.ch\/de\/wp-json\/wp\/v2\/product_tag?post=209545"}],"curies":[{"name":"wp","href":"https:\/\/api.w.org\/{rel}","templated":true}]}}