{"id":209577,"date":"2024-01-26T11:30:55","date_gmt":"2024-01-26T10:30:55","guid":{"rendered":"https:\/\/lediamant.ch\/?post_type=product&#038;p=209577"},"modified":"2024-02-28T17:58:56","modified_gmt":"2024-02-28T16:58:56","slug":"maurice-lacroix-aikon-auto-date-42mm-blau-blaues-kautschukarmband-copie","status":"publish","type":"product","link":"https:\/\/lediamant.ch\/de\/uhren\/209577-maurice-lacroix-aikon-automatic-39mm-pvd-blau-limited-edition-ai6007pvc004304\/","title":{"rendered":"Maurice Lacroix Aikon Automatik 39mm PVD Blau Limited Edition"},"content":{"rendered":"<p>Entdecken Sie die exquisite Maurice Lacroix Uhr mit der Referenz AI6007-PVC00-430-4, eine perfekte Kombination aus zeitgen\u00f6ssischer Mode, sportlichem Stil und modernster Uhrentechnik. Diese Unisex-Uhr wurde als idealer Begleiter sowohl in der Stadt als auch bei Abenteuern entworfen und verk\u00f6rpert Eleganz und Funktionalit\u00e4t.<\/p>\n<p>Diese Uhr mit einem Automatikwerk des Kalibers ML 115 garantiert eine au\u00dfergew\u00f6hnliche Pr\u00e4zision und bietet gleichzeitig eine Gangreserve von ca. 38 Stunden. Swiss Made ist ein Qualit\u00e4tsmerkmal, das die hervorragende Qualit\u00e4t der Schweizer Uhrenherstellung belegt.<\/p>\n<p>Mit einer Wasserdichtigkeit von bis zu 200 Metern und einem Edelstahlgeh\u00e4use mit einem Durchmesser von 39 mm und einer H\u00f6he von 11 mm vereint diese Uhr Robustheit und \u00c4sthetik. Das blaue Zifferblatt, das durch ein Saphirglas gesch\u00fctzt wird, verleiht der Uhr einen Hauch von Raffinesse, w\u00e4hrend das blaue Kautschukarmband mit Schnalle f\u00fcr einen bequemen Sitz sorgt.<\/p>\n<p>Diese limitierte Auflage, von der nur 888 Exemplare erh\u00e4ltlich sind, verleiht zus\u00e4tzliche Exklusivit\u00e4t. Die Leuchtzeiger und die Datumsanzeige sind allesamt Funktionen, die dazu gedacht sind, Ihr Uhrenerlebnis zu verbessern.<\/p>\n<p>Genie\u00dfen Sie diese Anschaffung mit einer 24-monatigen Garantie, die f\u00fcr Seelenfrieden sorgt. Entdecken Sie die perfekte Kombination aus Stil, Funktion und Exklusivit\u00e4t mit der Maurice Lacroix AI6007-PVC00-430-4 Uhr. Bestellen Sie jetzt und definieren Sie Ihren Uhrenstil neu.<\/p>\n","protected":false},"excerpt":{"rendered":"<p>Entdecken Sie die exquisite Maurice Lacroix Uhr mit der Referenz AI6007-PVC00-430-4, eine perfekte Kombination aus zeitgen\u00f6ssischer Mode, sportlichem Stil und modernster Uhrentechnik. Diese Unisex-Uhr wurde als idealer Begleiter sowohl in der Stadt als auch bei Abenteuern entworfen und verk\u00f6rpert Eleganz und Funktionalit\u00e4t. Diese Uhr mit einem Automatikwerk des Kalibers ML 115 garantiert eine au\u00dfergew\u00f6hnliche Pr\u00e4zision &#8230; <a title=\"Maurice Lacroix Aikon Automatik 39mm PVD Blau Limited Edition\" class=\"read-more\" href=\"https:\/\/lediamant.ch\/de\/uhren\/209577-maurice-lacroix-aikon-automatic-39mm-pvd-blau-limited-edition-ai6007pvc004304\/\" aria-label=\"Mehr Informationen \u00fcber Maurice Lacroix Aikon Automatik 39mm PVD Blau Limited Edition\">Weiterlesen &#8230;<\/a><\/p>\n","protected":false},"featured_media":209579,"template":"","meta":{"_acf_changed":false,"_seopress_robots_primary_cat":"none","_seopress_titles_title":"%%post_title%%","_seopress_titles_desc":"Entdecken Sie die exklusive Maurice Lacroix Uhr AI6007-PVC00-430-4. Perfekte Mischung aus Mode, sportlichem Stil und Pr\u00e4zision. Limitierte Auflage. Jetzt bestellen!","_seopress_robots_index":""},"brand":[27103],"product_brand":[],"product_cat":[27205,27149,27123],"product_tag":[],"class_list":{"0":"post-209577","1":"product","2":"type-product","3":"status-publish","4":"has-post-thumbnail","6":"brand-mauricelacroix-de","7":"product_cat-aikon-de","8":"product_cat-maurice-lacroix-de","9":"product_cat-uhren","10":"pa_couleurducadran-blau","11":"pa_dimensions-o-39-mm","12":"pa_etancheite-200m-de","13":"pa_forme-runden","14":"pa_genre-frau","15":"pa_genre-mann","16":"pa_matiere-pvd-blau","17":"pa_matierebraceletmontre-kautschuk","18":"pa_mouvement-automatik-de","19":"pa_swissmade-ja-de","20":"sales-flash-overlay","21":"woocommerce-text-align-center","22":"woocommerce-image-align-center","23":"do-quantity-buttons","25":"first","26":"instock","27":"taxable","28":"shipping-taxable","29":"purchasable","30":"product-type-simple"},"acf":[],"_links":{"self":[{"href":"https:\/\/lediamant.ch\/de\/wp-json\/wp\/v2\/product\/209577","targetHints":{"allow":["GET"]}}],"collection":[{"href":"https:\/\/lediamant.ch\/de\/wp-json\/wp\/v2\/product"}],"about":[{"href":"https:\/\/lediamant.ch\/de\/wp-json\/wp\/v2\/types\/product"}],"wp:featuredmedia":[{"embeddable":true,"href":"https:\/\/lediamant.ch\/de\/wp-json\/wp\/v2\/media\/209579"}],"wp:attachment":[{"href":"https:\/\/lediamant.ch\/de\/wp-json\/wp\/v2\/media?parent=209577"}],"wp:term":[{"taxonomy":"brand","embeddable":true,"href":"https:\/\/lediamant.ch\/de\/wp-json\/wp\/v2\/brand?post=209577"},{"taxonomy":"product_brand","embeddable":true,"href":"https:\/\/lediamant.ch\/de\/wp-json\/wp\/v2\/product_brand?post=209577"},{"taxonomy":"product_cat","embeddable":true,"href":"https:\/\/lediamant.ch\/de\/wp-json\/wp\/v2\/product_cat?post=209577"},{"taxonomy":"product_tag","embeddable":true,"href":"https:\/\/lediamant.ch\/de\/wp-json\/wp\/v2\/product_tag?post=209577"}],"curies":[{"name":"wp","href":"https:\/\/api.w.org\/{rel}","templated":true}]}}