{"id":209589,"date":"2024-01-26T10:29:16","date_gmt":"2024-01-26T09:29:16","guid":{"rendered":"https:\/\/lediamant.ch\/?post_type=product&#038;p=209589"},"modified":"2025-03-07T17:56:24","modified_gmt":"2025-03-07T16:56:24","slug":"maurice-lacroix-aikon-automatic-39mm-pvd-blue-limited-edition-copie","status":"publish","type":"product","link":"https:\/\/lediamant.ch\/de\/uhren\/209589-maurice-lacroix-aikon-automatique-42mm-pvd-schwarz-gunmetal-limited-edition-ai6008pvb003302\/","title":{"rendered":"Maurice Lacroix Aikon Automatique 42mm Gunmetal"},"content":{"rendered":"<p>Die von der Stadt inspirierte AIKON Automatic bietet eine zeitgem\u00e4\u00dfe \u00c4sthetik, ergonomisches Design und ein mechanisches Herz. Mit seinem cleveren Einsatz von Kontrasten und Formen ist der AIKON Automatic der ideale Begleiter f\u00fcr das Leben in der Stadt. Limited Edition (888 Exemplare)<\/p>\n","protected":false},"excerpt":{"rendered":"<p>Die von der Stadt inspirierte AIKON Automatic bietet eine zeitgem\u00e4\u00dfe \u00c4sthetik, ergonomisches Design und ein mechanisches Herz. Mit seinem cleveren Einsatz von Kontrasten und Formen ist der AIKON Automatic der ideale Begleiter f\u00fcr das Leben in der Stadt. Limited Edition (888 Exemplare)<\/p>\n","protected":false},"featured_media":209591,"template":"","meta":{"_acf_changed":false,"_seopress_robots_primary_cat":"27149","_seopress_titles_title":"%%post_title%%","_seopress_titles_desc":"Moderne \u00c4sthetik trifft Mechanik in der AIKON Automatic \u2013 Ihr idealer Stadtbegleiter. Nur 888 Exemplare verf\u00fcgbar!","_seopress_robots_index":""},"brand":[27103],"product_brand":[],"product_cat":[27205,27149,27123],"product_tag":[],"class_list":{"0":"post-209589","1":"product","2":"type-product","3":"status-publish","4":"has-post-thumbnail","6":"brand-mauricelacroix-de","7":"product_cat-aikon-de","8":"product_cat-maurice-lacroix-de","9":"product_cat-uhren","10":"pa_couleurducadran-schwarz","11":"pa_dimensions-o-42-mm","12":"pa_etancheite-200m-de","13":"pa_forme-runden","14":"pa_genre-mann","15":"pa_matiere-schwarzespvd","16":"pa_matierebraceletmontre-kautschuk","17":"pa_mouvement-automatik-de","18":"pa_swissmade-ja-de","19":"sales-flash-overlay","20":"woocommerce-text-align-center","21":"woocommerce-image-align-center","22":"do-quantity-buttons","24":"first","25":"instock","26":"taxable","27":"shipping-taxable","28":"purchasable","29":"product-type-simple"},"acf":[],"_links":{"self":[{"href":"https:\/\/lediamant.ch\/de\/wp-json\/wp\/v2\/product\/209589","targetHints":{"allow":["GET"]}}],"collection":[{"href":"https:\/\/lediamant.ch\/de\/wp-json\/wp\/v2\/product"}],"about":[{"href":"https:\/\/lediamant.ch\/de\/wp-json\/wp\/v2\/types\/product"}],"wp:featuredmedia":[{"embeddable":true,"href":"https:\/\/lediamant.ch\/de\/wp-json\/wp\/v2\/media\/209591"}],"wp:attachment":[{"href":"https:\/\/lediamant.ch\/de\/wp-json\/wp\/v2\/media?parent=209589"}],"wp:term":[{"taxonomy":"brand","embeddable":true,"href":"https:\/\/lediamant.ch\/de\/wp-json\/wp\/v2\/brand?post=209589"},{"taxonomy":"product_brand","embeddable":true,"href":"https:\/\/lediamant.ch\/de\/wp-json\/wp\/v2\/product_brand?post=209589"},{"taxonomy":"product_cat","embeddable":true,"href":"https:\/\/lediamant.ch\/de\/wp-json\/wp\/v2\/product_cat?post=209589"},{"taxonomy":"product_tag","embeddable":true,"href":"https:\/\/lediamant.ch\/de\/wp-json\/wp\/v2\/product_tag?post=209589"}],"curies":[{"name":"wp","href":"https:\/\/api.w.org\/{rel}","templated":true}]}}