{"id":209665,"date":"2025-10-12T16:12:53","date_gmt":"2025-10-12T14:12:53","guid":{"rendered":"https:\/\/lediamant.ch\/?post_type=product&#038;p=209665"},"modified":"2025-12-24T13:45:49","modified_gmt":"2025-12-24T12:45:49","slug":"chimento-bracelet-extensible-or-blanc-750-18-ct","status":"publish","type":"product","link":"https:\/\/lediamant.ch\/de\/schmuck\/209665-chimento-stretch-armband-weissgold-750-18-kt-4-7-mm-1274006601700\/","title":{"rendered":"Chimento Stretch-Armband aus Wei\u00dfgold 750\/18 ct. 4,7 mm"},"content":{"rendered":"<p>Die Armb\u00e4nder aus Wei\u00dfgold 750\/18 ct k\u00f6nnen einzeln oder \u00fcbereinander f\u00fcr ein pers\u00f6nliches Mix-and-Match-Spiel getragen werden. Stretch-Chimento definieren einen minimalistischen und entschieden zeitlosen Stil mit raffinierten Details, um ein Alltagsoutfit zu vervollst\u00e4ndigen. Die extreme Synthese des zeitgen\u00f6ssischen Charakters der Kollektion: Klare Linien und polierte Volumen schaffen Schmuckst\u00fccke, die bequem, perfekt elastisch und auch ohne Verschluss tragbar sind. Breite des Armbands 4,7 mm.<\/p>\n","protected":false},"excerpt":{"rendered":"<p>Die Armb\u00e4nder aus Wei\u00dfgold 750\/18 ct k\u00f6nnen einzeln oder \u00fcbereinander f\u00fcr ein pers\u00f6nliches Mix-and-Match-Spiel getragen werden. Stretch-Chimento definieren einen minimalistischen und entschieden zeitlosen Stil mit raffinierten Details, um ein Alltagsoutfit zu vervollst\u00e4ndigen. Die extreme Synthese des zeitgen\u00f6ssischen Charakters der Kollektion: Klare Linien und polierte Volumen schaffen Schmuckst\u00fccke, die bequem, perfekt elastisch und auch ohne Verschluss &#8230; <a title=\"Chimento Stretch-Armband aus Wei\u00dfgold 750\/18 ct. 4,7 mm\" class=\"read-more\" href=\"https:\/\/lediamant.ch\/de\/schmuck\/209665-chimento-stretch-armband-weissgold-750-18-kt-4-7-mm-1274006601700\/\" aria-label=\"Mehr Informationen \u00fcber Chimento Stretch-Armband aus Wei\u00dfgold 750\/18 ct. 4,7 mm\">Weiterlesen &#8230;<\/a><\/p>\n","protected":false},"featured_media":209671,"template":"","meta":{"_acf_changed":false,"_seopress_robots_primary_cat":"27238","_seopress_titles_title":"","_seopress_titles_desc":"","_seopress_robots_index":""},"brand":[27089],"product_brand":[],"product_cat":[27175,27239,27121],"product_tag":[],"class_list":{"0":"post-209665","1":"product","2":"type-product","3":"status-publish","4":"has-post-thumbnail","6":"brand-gold-jewellery-de","7":"product_cat-armschmuck","8":"product_cat-goldarmbander","9":"product_cat-schmuck","10":"pa_genre-frau","11":"pa_matiere-75018ktweissgold","12":"sales-flash-overlay","13":"woocommerce-text-align-center","14":"woocommerce-image-align-center","15":"do-quantity-buttons","17":"first","18":"instock","19":"taxable","20":"shipping-taxable","21":"purchasable","22":"product-type-simple"},"acf":[],"_links":{"self":[{"href":"https:\/\/lediamant.ch\/de\/wp-json\/wp\/v2\/product\/209665","targetHints":{"allow":["GET"]}}],"collection":[{"href":"https:\/\/lediamant.ch\/de\/wp-json\/wp\/v2\/product"}],"about":[{"href":"https:\/\/lediamant.ch\/de\/wp-json\/wp\/v2\/types\/product"}],"wp:featuredmedia":[{"embeddable":true,"href":"https:\/\/lediamant.ch\/de\/wp-json\/wp\/v2\/media\/209671"}],"wp:attachment":[{"href":"https:\/\/lediamant.ch\/de\/wp-json\/wp\/v2\/media?parent=209665"}],"wp:term":[{"taxonomy":"brand","embeddable":true,"href":"https:\/\/lediamant.ch\/de\/wp-json\/wp\/v2\/brand?post=209665"},{"taxonomy":"product_brand","embeddable":true,"href":"https:\/\/lediamant.ch\/de\/wp-json\/wp\/v2\/product_brand?post=209665"},{"taxonomy":"product_cat","embeddable":true,"href":"https:\/\/lediamant.ch\/de\/wp-json\/wp\/v2\/product_cat?post=209665"},{"taxonomy":"product_tag","embeddable":true,"href":"https:\/\/lediamant.ch\/de\/wp-json\/wp\/v2\/product_tag?post=209665"}],"curies":[{"name":"wp","href":"https:\/\/api.w.org\/{rel}","templated":true}]}}