{"id":209688,"date":"2025-11-26T17:47:42","date_gmt":"2025-11-26T16:47:42","guid":{"rendered":"https:\/\/lediamant.ch\/?post_type=product&#038;p=209688"},"modified":"2025-11-14T17:14:04","modified_gmt":"2025-11-14T16:14:04","slug":"chimento-bracelet-extensible-or-jaune-750-18-ct-diamants-35mm","status":"publish","type":"product","link":"https:\/\/lediamant.ch\/de\/schmuck\/209688-chimento-stretch-armband-gelbgold-750-18-kt-diamanten-3-5mm-1570027521700\/","title":{"rendered":"Chimento Stretch-Armband Gelbgold 750\/18 ct. Diamanten 3,5mm"},"content":{"rendered":"<p>Einzeln getragen oder \u00fcbereinandergelegt f\u00fcr ein pers\u00f6nliches Mix-and-Match-Spiel, die Armb\u00e4nder aus 750\/18 ct Gelbgold. Chimento extensibles mit Diamanten 0,10 ct GV S definieren einen minimalistischen und entschieden zeitlosen Stil mit raffinierten Details, um ein Alltagsoutfit zu vervollst\u00e4ndigen. Die extreme Synthese des zeitgen\u00f6ssischen Charakters der Kollektion: Klare Linien und polierte Volumen schaffen Schmuckst\u00fccke, die bequem, perfekt elastisch und auch ohne Verschluss tragbar sind. Breite des Armbands 3,5 mm.<\/p>\n","protected":false},"excerpt":{"rendered":"<p>Einzeln getragen oder \u00fcbereinandergelegt f\u00fcr ein pers\u00f6nliches Mix-and-Match-Spiel, die Armb\u00e4nder aus 750\/18 ct Gelbgold. Chimento extensibles mit Diamanten 0,10 ct GV S definieren einen minimalistischen und entschieden zeitlosen Stil mit raffinierten Details, um ein Alltagsoutfit zu vervollst\u00e4ndigen. Die extreme Synthese des zeitgen\u00f6ssischen Charakters der Kollektion: Klare Linien und polierte Volumen schaffen Schmuckst\u00fccke, die bequem, perfekt &#8230; <a title=\"Chimento Stretch-Armband Gelbgold 750\/18 ct. Diamanten 3,5mm\" class=\"read-more\" href=\"https:\/\/lediamant.ch\/de\/schmuck\/209688-chimento-stretch-armband-gelbgold-750-18-kt-diamanten-3-5mm-1570027521700\/\" aria-label=\"Mehr Informationen \u00fcber Chimento Stretch-Armband Gelbgold 750\/18 ct. Diamanten 3,5mm\">Weiterlesen &#8230;<\/a><\/p>\n","protected":false},"featured_media":209690,"template":"","meta":{"_acf_changed":false,"_seopress_robots_primary_cat":"27238","_seopress_titles_title":"","_seopress_titles_desc":"","_seopress_robots_index":""},"brand":[27089],"product_brand":[],"product_cat":[27175,27239,27121],"product_tag":[],"class_list":{"0":"post-209688","1":"product","2":"type-product","3":"status-publish","4":"has-post-thumbnail","6":"brand-gold-jewellery-de","7":"product_cat-armschmuck","8":"product_cat-goldarmbander","9":"product_cat-schmuck","10":"pa_detail-de-s-pierres-s-0-10-ct-gv-s-de","11":"pa_genre-frau","12":"pa_matiere-75018ktgelbgold","13":"sales-flash-overlay","14":"woocommerce-text-align-center","15":"woocommerce-image-align-center","16":"do-quantity-buttons","18":"first","19":"instock","20":"taxable","21":"shipping-taxable","22":"purchasable","23":"product-type-simple"},"acf":[],"_links":{"self":[{"href":"https:\/\/lediamant.ch\/de\/wp-json\/wp\/v2\/product\/209688","targetHints":{"allow":["GET"]}}],"collection":[{"href":"https:\/\/lediamant.ch\/de\/wp-json\/wp\/v2\/product"}],"about":[{"href":"https:\/\/lediamant.ch\/de\/wp-json\/wp\/v2\/types\/product"}],"wp:featuredmedia":[{"embeddable":true,"href":"https:\/\/lediamant.ch\/de\/wp-json\/wp\/v2\/media\/209690"}],"wp:attachment":[{"href":"https:\/\/lediamant.ch\/de\/wp-json\/wp\/v2\/media?parent=209688"}],"wp:term":[{"taxonomy":"brand","embeddable":true,"href":"https:\/\/lediamant.ch\/de\/wp-json\/wp\/v2\/brand?post=209688"},{"taxonomy":"product_brand","embeddable":true,"href":"https:\/\/lediamant.ch\/de\/wp-json\/wp\/v2\/product_brand?post=209688"},{"taxonomy":"product_cat","embeddable":true,"href":"https:\/\/lediamant.ch\/de\/wp-json\/wp\/v2\/product_cat?post=209688"},{"taxonomy":"product_tag","embeddable":true,"href":"https:\/\/lediamant.ch\/de\/wp-json\/wp\/v2\/product_tag?post=209688"}],"curies":[{"name":"wp","href":"https:\/\/api.w.org\/{rel}","templated":true}]}}