{"id":209716,"date":"2025-12-30T17:08:40","date_gmt":"2025-12-30T16:08:40","guid":{"rendered":"https:\/\/lediamant.ch\/?post_type=product&#038;p=209716"},"modified":"2024-05-08T13:43:36","modified_gmt":"2024-05-08T11:43:36","slug":"chimento-deoreilles-ketten-armillas-acqua-gold-gelb-750-18-ct","status":"publish","type":"product","link":"https:\/\/lediamant.ch\/de\/schmuck\/209716-chimento-ketten-ohrhanger-armillas-acqua-gelbgold-750\/18-kt\/","title":{"rendered":"Chimento Kettenohrh\u00e4nger, Armillas Acqua, Gelbgold 750\/18 ct."},"content":{"rendered":"<p>H\u00e4ngende Ohrringe in Form einer Kette aus 18 Karat Gelbgold. Armillas Acqua ist von den Formen des Wassers und seinen flie\u00dfenden und gewundenen Bewegungen inspiriert. Die Schmuckst\u00fccke dieser Kollektion umschmeicheln sanft den K\u00f6rper und beleuchten ihn mit bezaubernden Goldtropfen, die sich in einem au\u00dfergew\u00f6hnlichen Spiel aus Licht und zarten Reflexen fortsetzen.<\/p>\n","protected":false},"excerpt":{"rendered":"<p>H\u00e4ngende Ohrringe in Form einer Kette aus 18 Karat Gelbgold. Armillas Acqua ist von den Formen des Wassers und seinen flie\u00dfenden und gewundenen Bewegungen inspiriert. Die Schmuckst\u00fccke dieser Kollektion umschmeicheln sanft den K\u00f6rper und beleuchten ihn mit bezaubernden Goldtropfen, die sich in einem au\u00dfergew\u00f6hnlichen Spiel aus Licht und zarten Reflexen fortsetzen.<\/p>\n","protected":false},"featured_media":209718,"template":"","meta":{"_acf_changed":false,"_seopress_robots_primary_cat":"none","_seopress_titles_title":"Chimento Armillas Acqua Ohrringe aus 18 Karat Gold. %%sep%% %%sitetitle%%.ch","_seopress_titles_desc":"Diese Ohrringe aus 18 Karat Gold sind vom Wasser inspiriert. streicheln sanft den K\u00f6rper, beleuchten mit Goldtropfen f\u00fcr ein au\u00dfergew\u00f6hnliches Lichtspiel.","_seopress_robots_index":""},"brand":[27089],"product_brand":[],"product_cat":[27251,27125,27199,27171,27121,27153],"product_tag":[],"class_list":{"0":"post-209716","1":"product","2":"type-product","3":"status-publish","4":"has-post-thumbnail","6":"brand-gold-jewellery-de","7":"product_cat-auswahl-fuer-sie-de","8":"product_cat-geschenkideen","9":"product_cat-ohrhanger","10":"product_cat-ohrringe","11":"product_cat-schmuck","12":"product_cat-valentinstag-de","13":"pa_dimensions-lange-65-mm-breite-7-mm","14":"pa_genre-frau","15":"pa_matiere-75018ktgelbgold","16":"sales-flash-overlay","17":"woocommerce-text-align-center","18":"woocommerce-image-align-center","19":"do-quantity-buttons","21":"first","22":"instock","23":"taxable","24":"shipping-taxable","25":"purchasable","26":"product-type-simple"},"acf":[],"_links":{"self":[{"href":"https:\/\/lediamant.ch\/de\/wp-json\/wp\/v2\/product\/209716","targetHints":{"allow":["GET"]}}],"collection":[{"href":"https:\/\/lediamant.ch\/de\/wp-json\/wp\/v2\/product"}],"about":[{"href":"https:\/\/lediamant.ch\/de\/wp-json\/wp\/v2\/types\/product"}],"wp:featuredmedia":[{"embeddable":true,"href":"https:\/\/lediamant.ch\/de\/wp-json\/wp\/v2\/media\/209718"}],"wp:attachment":[{"href":"https:\/\/lediamant.ch\/de\/wp-json\/wp\/v2\/media?parent=209716"}],"wp:term":[{"taxonomy":"brand","embeddable":true,"href":"https:\/\/lediamant.ch\/de\/wp-json\/wp\/v2\/brand?post=209716"},{"taxonomy":"product_brand","embeddable":true,"href":"https:\/\/lediamant.ch\/de\/wp-json\/wp\/v2\/product_brand?post=209716"},{"taxonomy":"product_cat","embeddable":true,"href":"https:\/\/lediamant.ch\/de\/wp-json\/wp\/v2\/product_cat?post=209716"},{"taxonomy":"product_tag","embeddable":true,"href":"https:\/\/lediamant.ch\/de\/wp-json\/wp\/v2\/product_tag?post=209716"}],"curies":[{"name":"wp","href":"https:\/\/api.w.org\/{rel}","templated":true}]}}