{"id":209828,"date":"2024-02-09T13:24:15","date_gmt":"2024-02-09T12:24:15","guid":{"rendered":"https:\/\/lediamant.ch\/?post_type=product&#038;p=209828"},"modified":"2024-02-19T15:01:35","modified_gmt":"2024-02-19T14:01:35","slug":"ti-sento-milano-ring-silber-925-12022zi-copie","status":"publish","type":"product","link":"https:\/\/lediamant.ch\/de\/schmuck\/209828-ti-sento-milano-ring-silber-925-12300zi\/","title":{"rendered":"TI SENTO - Milano Ring Silber 925, 12300ZI"},"content":{"rendered":"<p>Dieser TI SENTO 12300ZI Silberring hat ein geometrisches Mittelst\u00fcck mit Details aus Zirkonia-Pav\u00e9. Das luxuri\u00f6se, minimalistische Design verleiht Ihren Fingern bei jeder Gelegenheit einen Hauch von Raffinesse. Der Ring wird aus feinstem 925er Silber gefertigt und anschlie\u00dfend mit kostbarem Platin \u00fcberzogen, um ihn zu sch\u00fctzen und seine Leuchtkraft zu bewahren. Lassen Sie sich von der zeitlosen Magie des Silbers verzaubern und veredeln Sie Ihren Look. Der Ring enth\u00e4lt kein Nickel und ist hypoallergen.<\/p>\n<p>Der TI SENTO Ring 12300ZI ist aus platiniertem 925er Silber gefertigt. Die Farbe dieses Ringes ist Zirkonia wei\u00df. Alle TI SENTO-Schmuckst\u00fccke werden mit Liebe und einem Hauch von Magie verpackt.<\/p>\n","protected":false},"excerpt":{"rendered":"<p>Dieser TI SENTO 12300ZI Silberring hat ein geometrisches Mittelst\u00fcck mit Details aus Zirkonia-Pav\u00e9. Das luxuri\u00f6se, minimalistische Design verleiht Ihren Fingern bei jeder Gelegenheit einen Hauch von Raffinesse. Der Ring wird aus feinstem 925er Silber gefertigt und anschlie\u00dfend mit kostbarem Platin \u00fcberzogen, um ihn zu sch\u00fctzen und seine Leuchtkraft zu bewahren. Lassen Sie sich von der &#8230; <a title=\"TI SENTO - Milano Ring Silber 925, 12300ZI\" class=\"read-more\" href=\"https:\/\/lediamant.ch\/de\/schmuck\/209828-ti-sento-milano-ring-silber-925-12300zi\/\" aria-label=\"Mehr Informationen \u00fcber TI SENTO - Milano Ring Silber 925, 12300ZI\">Weiterlesen &#8230;<\/a><\/p>\n","protected":false},"featured_media":209884,"template":"","meta":{"_acf_changed":false,"_seopress_robots_primary_cat":"none","_seopress_titles_title":"","_seopress_titles_desc":"","_seopress_robots_index":""},"brand":[27111],"product_brand":[],"product_cat":[27121,27139,27299],"product_tag":[],"class_list":{"0":"post-209828","1":"product","2":"type-product","3":"status-publish","4":"has-post-thumbnail","6":"brand-silver-jewellery-de","7":"product_cat-schmuck","8":"product_cat-ringe","9":"product_cat-ringe-silber-925","10":"pa_genre-frau","11":"pa_matiere-925silber","12":"pa_tailledebague-50-de","13":"pa_tailledebague-52-de","14":"pa_tailledebague-54-de","15":"pa_tailledebague-56-de","16":"pa_tailledebague-58-de","17":"pa_tailledebague-60-de","18":"sales-flash-overlay","19":"woocommerce-text-align-center","20":"woocommerce-image-align-center","21":"do-quantity-buttons","23":"first","24":"instock","25":"taxable","26":"shipping-taxable","27":"purchasable","28":"product-type-variable","29":"has-default-attributes"},"acf":[],"_links":{"self":[{"href":"https:\/\/lediamant.ch\/de\/wp-json\/wp\/v2\/product\/209828","targetHints":{"allow":["GET"]}}],"collection":[{"href":"https:\/\/lediamant.ch\/de\/wp-json\/wp\/v2\/product"}],"about":[{"href":"https:\/\/lediamant.ch\/de\/wp-json\/wp\/v2\/types\/product"}],"wp:featuredmedia":[{"embeddable":true,"href":"https:\/\/lediamant.ch\/de\/wp-json\/wp\/v2\/media\/209884"}],"wp:attachment":[{"href":"https:\/\/lediamant.ch\/de\/wp-json\/wp\/v2\/media?parent=209828"}],"wp:term":[{"taxonomy":"brand","embeddable":true,"href":"https:\/\/lediamant.ch\/de\/wp-json\/wp\/v2\/brand?post=209828"},{"taxonomy":"product_brand","embeddable":true,"href":"https:\/\/lediamant.ch\/de\/wp-json\/wp\/v2\/product_brand?post=209828"},{"taxonomy":"product_cat","embeddable":true,"href":"https:\/\/lediamant.ch\/de\/wp-json\/wp\/v2\/product_cat?post=209828"},{"taxonomy":"product_tag","embeddable":true,"href":"https:\/\/lediamant.ch\/de\/wp-json\/wp\/v2\/product_tag?post=209828"}],"curies":[{"name":"wp","href":"https:\/\/api.w.org\/{rel}","templated":true}]}}