{"id":209892,"date":"2024-02-09T14:21:32","date_gmt":"2024-02-09T13:21:32","guid":{"rendered":"https:\/\/lediamant.ch\/?post_type=product&#038;p=209892"},"modified":"2024-02-09T14:36:15","modified_gmt":"2024-02-09T13:36:15","slug":"ti-sento-milano-ring-silber-925-12288sy-copie","status":"publish","type":"product","link":"https:\/\/lediamant.ch\/de\/schmuck\/209892-ti-sento-milano-ring-silber-925-12288si\/","title":{"rendered":"TI SENTO - Milano Ring Silber 925, 12288SI"},"content":{"rendered":"<p>Dieser TI SENTO 12288SI Ring aus Sterlingsilber hat ein wundersch\u00f6nes Kleeblattmuster als Relief. Wenn Sie sie tragen, wird das Gl\u00fcck sicherlich auf Ihrer Seite sein. Der Ring ist aus feinstem 925 silber gefertigt und mit einer Platinschicht \u00fcberzogen, um ihn vor der t\u00e4glichen Abnutzung zu sch\u00fctzen und ihn leuchtend zu halten. Unterstreichen Sie Ihren Stil mit diesem raffinierten Eyecatcher. Alle unsere Ringe sind nickelfrei und hypoallergen.<\/p>\n<p>Der TI SENTO Ring 12288SI ist aus platiniertem Silber gefertigt. Die Farbe dieses Ringes ist Silber. Alle TI SENTO-Schmuckst\u00fccke werden mit Liebe und einem Hauch von Magie verpackt.<\/p>\n","protected":false},"excerpt":{"rendered":"<p>Dieser TI SENTO 12288SI Ring aus Sterlingsilber hat ein wundersch\u00f6nes Kleeblattmuster als Relief. Wenn Sie sie tragen, wird das Gl\u00fcck sicherlich auf Ihrer Seite sein. Der Ring ist aus feinstem 925 silber gefertigt und mit einer Platinschicht \u00fcberzogen, um ihn vor der t\u00e4glichen Abnutzung zu sch\u00fctzen und ihn leuchtend zu halten. Unterstreichen Sie Ihren Stil &#8230; <a title=\"TI SENTO - Milano Ring Silber 925, 12288SI\" class=\"read-more\" href=\"https:\/\/lediamant.ch\/de\/schmuck\/209892-ti-sento-milano-ring-silber-925-12288si\/\" aria-label=\"Mehr Informationen \u00fcber TI SENTO - Milano Ring Silber 925, 12288SI\">Weiterlesen &#8230;<\/a><\/p>\n","protected":false},"featured_media":209914,"template":"","meta":{"_acf_changed":false,"_seopress_robots_primary_cat":"","_seopress_titles_title":"","_seopress_titles_desc":"","_seopress_robots_index":""},"brand":[27111],"product_brand":[],"product_cat":[27139,27299,27121],"product_tag":[],"class_list":{"0":"post-209892","1":"product","2":"type-product","3":"status-publish","4":"has-post-thumbnail","6":"brand-silver-jewellery-de","7":"product_cat-ringe","8":"product_cat-ringe-silber-925","9":"product_cat-schmuck","10":"pa_genre-frau","11":"pa_matiere-925silber","12":"pa_tailledebague-50-de","13":"pa_tailledebague-52-de","14":"pa_tailledebague-54-de","15":"pa_tailledebague-56-de","16":"pa_tailledebague-58-de","17":"pa_tailledebague-60-de","18":"sales-flash-overlay","19":"woocommerce-text-align-center","20":"woocommerce-image-align-center","21":"do-quantity-buttons","23":"first","24":"instock","25":"taxable","26":"shipping-taxable","27":"purchasable","28":"product-type-variable","29":"has-default-attributes"},"acf":[],"_links":{"self":[{"href":"https:\/\/lediamant.ch\/de\/wp-json\/wp\/v2\/product\/209892","targetHints":{"allow":["GET"]}}],"collection":[{"href":"https:\/\/lediamant.ch\/de\/wp-json\/wp\/v2\/product"}],"about":[{"href":"https:\/\/lediamant.ch\/de\/wp-json\/wp\/v2\/types\/product"}],"wp:featuredmedia":[{"embeddable":true,"href":"https:\/\/lediamant.ch\/de\/wp-json\/wp\/v2\/media\/209914"}],"wp:attachment":[{"href":"https:\/\/lediamant.ch\/de\/wp-json\/wp\/v2\/media?parent=209892"}],"wp:term":[{"taxonomy":"brand","embeddable":true,"href":"https:\/\/lediamant.ch\/de\/wp-json\/wp\/v2\/brand?post=209892"},{"taxonomy":"product_brand","embeddable":true,"href":"https:\/\/lediamant.ch\/de\/wp-json\/wp\/v2\/product_brand?post=209892"},{"taxonomy":"product_cat","embeddable":true,"href":"https:\/\/lediamant.ch\/de\/wp-json\/wp\/v2\/product_cat?post=209892"},{"taxonomy":"product_tag","embeddable":true,"href":"https:\/\/lediamant.ch\/de\/wp-json\/wp\/v2\/product_tag?post=209892"}],"curies":[{"name":"wp","href":"https:\/\/api.w.org\/{rel}","templated":true}]}}