{"id":210167,"date":"2024-02-16T16:03:28","date_gmt":"2024-02-16T15:03:28","guid":{"rendered":"https:\/\/lediamant.ch\/?post_type=product&#038;p=210167"},"modified":"2024-02-28T16:40:09","modified_gmt":"2024-02-28T15:40:09","slug":"ti-sento-milano-ring-silber-925-12239si-copie","status":"publish","type":"product","link":"https:\/\/lediamant.ch\/de\/schmuck\/210167-ti-sento-milano-ring-silber-925-12239si-copie\/","title":{"rendered":"TI SENTO - Milano Ring Silber 925, 12228ZY"},"content":{"rendered":"<p>Tauchen Sie mit unserem Ring aus vergoldetem Silber TI SENTO 12228ZY in raffinierte Eleganz ein. Er hat eine offene, ovale Form und ist mit einem funkelnden Pav\u00e9 aus wei\u00dfen Zirkonia verziert, die ihm einen Hauch von Glamour verleihen. Dieser Ring wurde aus 925er Silber gefertigt und verk\u00f6rpert die perfekte Kombination aus Qualit\u00e4t und Stil. Das elegante und markante Design wird alle Blicke auf sich ziehen und macht dieses St\u00fcck zu einem au\u00dfergew\u00f6hnlichen Schmuckst\u00fcck. Tragen Sie diesen Ring, um Ihr t\u00e4gliches Outfit aufzuwerten oder um ein anspruchsvolleres Outfit zu vervollst\u00e4ndigen, er wird Ihren Stil mit Glanz unterstreichen. Lassen Sie sich von dem strahlenden Glanz dieses vergoldeten Silberrings TI SENTO 12228ZY verf\u00fchren, eine Kreation, die Feinheit und Modernit\u00e4t vereint. Verleihen Sie Ihrer Schmucksammlung einen Hauch von Raffinesse mit diesem einzigartigen St\u00fcck, das sicherlich Bewunderung hervorrufen wird.<\/p>\n","protected":false},"excerpt":{"rendered":"<p>Tauchen Sie mit unserem Ring aus vergoldetem Silber TI SENTO 12228ZY in raffinierte Eleganz ein. Er hat eine offene, ovale Form und ist mit einem funkelnden Pav\u00e9 aus wei\u00dfen Zirkonia verziert, die ihm einen Hauch von Glamour verleihen. Dieser Ring wurde aus 925er Silber gefertigt und verk\u00f6rpert die perfekte Kombination aus Qualit\u00e4t und Stil. Das &#8230; <a title=\"TI SENTO - Milano Ring Silber 925, 12228ZY\" class=\"read-more\" href=\"https:\/\/lediamant.ch\/de\/schmuck\/210167-ti-sento-milano-ring-silber-925-12239si-copie\/\" aria-label=\"Mehr Informationen \u00fcber TI SENTO - Milano Ring Silber 925, 12228ZY\">Weiterlesen &#8230;<\/a><\/p>\n","protected":false},"featured_media":210291,"template":"","meta":{"_acf_changed":false,"_seopress_robots_primary_cat":"none","_seopress_titles_title":"%%post_title%% %%sep%% %%sitetitle%%.ch","_seopress_titles_desc":"Erg\u00e4nzen Sie Ihr Outfit mit dem elegante und funkelnden TI SENTO 12228ZY Silberring. Verleihen Sie Ihrem Style einen Hauch von Glamour und Eleganz.","_seopress_robots_index":""},"brand":[27111],"product_brand":[],"product_cat":[27139,27299,27121],"product_tag":[],"class_list":{"0":"post-210167","1":"product","2":"type-product","3":"status-publish","4":"has-post-thumbnail","6":"brand-silver-jewellery-de","7":"product_cat-ringe","8":"product_cat-ringe-silber-925","9":"product_cat-schmuck","10":"pa_genre-frau","11":"pa_matiere-925silber","12":"pa_tailledebague-50-de","13":"pa_tailledebague-52-de","14":"pa_tailledebague-54-de","15":"pa_tailledebague-56-de","16":"pa_tailledebague-58-de","17":"pa_tailledebague-60-de","18":"sales-flash-overlay","19":"woocommerce-text-align-center","20":"woocommerce-image-align-center","21":"do-quantity-buttons","23":"first","24":"instock","25":"taxable","26":"shipping-taxable","27":"purchasable","28":"product-type-variable","29":"has-default-attributes"},"acf":[],"_links":{"self":[{"href":"https:\/\/lediamant.ch\/de\/wp-json\/wp\/v2\/product\/210167","targetHints":{"allow":["GET"]}}],"collection":[{"href":"https:\/\/lediamant.ch\/de\/wp-json\/wp\/v2\/product"}],"about":[{"href":"https:\/\/lediamant.ch\/de\/wp-json\/wp\/v2\/types\/product"}],"wp:featuredmedia":[{"embeddable":true,"href":"https:\/\/lediamant.ch\/de\/wp-json\/wp\/v2\/media\/210291"}],"wp:attachment":[{"href":"https:\/\/lediamant.ch\/de\/wp-json\/wp\/v2\/media?parent=210167"}],"wp:term":[{"taxonomy":"brand","embeddable":true,"href":"https:\/\/lediamant.ch\/de\/wp-json\/wp\/v2\/brand?post=210167"},{"taxonomy":"product_brand","embeddable":true,"href":"https:\/\/lediamant.ch\/de\/wp-json\/wp\/v2\/product_brand?post=210167"},{"taxonomy":"product_cat","embeddable":true,"href":"https:\/\/lediamant.ch\/de\/wp-json\/wp\/v2\/product_cat?post=210167"},{"taxonomy":"product_tag","embeddable":true,"href":"https:\/\/lediamant.ch\/de\/wp-json\/wp\/v2\/product_tag?post=210167"}],"curies":[{"name":"wp","href":"https:\/\/api.w.org\/{rel}","templated":true}]}}