{"id":210434,"date":"2024-02-27T17:06:54","date_gmt":"2024-02-27T16:06:54","guid":{"rendered":"https:\/\/lediamant.ch\/?post_type=product&#038;p=210434"},"modified":"2025-04-04T18:19:30","modified_gmt":"2025-04-04T16:19:30","slug":"aerowatch-1942-regulator-automatic-limited-edition-copie","status":"publish","type":"product","link":"https:\/\/lediamant.ch\/de\/uhren\/210434-aerowatch-1942-regulator-automatic-limited-edition-a76983aa03m\/","title":{"rendered":"Aerowatch 1942 Automatic R\u00e9gulateur Limited Edition"},"content":{"rendered":"<p>AEROWATCH, ans\u00e4ssig im Jura, der Wiege der Schweizer Uhrmacherkunst, pr\u00e4sentiert voller Stolz sein neuestes Schmuckst\u00fcck: den Automatischen Regulator 1942 Limited Edition. Der Regulator zeichnet sich durch ein markantes Zifferblatt aus, auf dem sich nur der Minutenzeiger in der Mitte befindet. Die Stunden- und Sekundenanzeige ist dezentriert und verleiht der Uhr ein ungew\u00f6hnliches und fesselndes Aussehen. Die Stunden- und Sekundenz\u00e4hler ruhen auf einem mit &#8222;Clous de Paris&#8220; verzierten Zifferblatt, das durch ein gew\u00f6lbtes Saphirglas gesch\u00fctzt wird. Das leicht abgerundete Edelstahlgeh\u00e4use mit einem Durchmesser von 42 mm unterstreicht die klassische und zeitlose Eleganz dieser au\u00dfergew\u00f6hnlichen Kreation. Die Uhr AEROWATCH R\u00e9gulateur automatique 1942 Limited Edition beherbergt ein Sellita-Automatikwerk mit Datumsanzeige. Der transparente Geh\u00e4useboden gibt den Blick auf das faszinierende Herz dieser legend\u00e4ren Uhr frei und hebt die Genialit\u00e4t und Pr\u00e4zision ihres Mechanismus hervor. Um den distinguierten Look der Uhr zu vervollst\u00e4ndigen, wird sie mit einem Armband aus gepr\u00e4gtem Leder mit Ziern\u00e4hten und einer Faltschlie\u00dfe versehen. Diese erstklassige Kreation verk\u00f6rpert die f\u00fcr AEROWATCH typische schlichte und zeitlose Eleganz. Die Produktion des Automatischen Regulators 1942 Limited Edition ist streng auf 100 St\u00fcck limitiert. Tauchen Sie ein in die Exklusivit\u00e4t und die au\u00dfergew\u00f6hnliche Handwerkskunst dieser limitierten Auflage, die ein echtes Zeugnis der jahrhundertealten Uhrmacherkunst von AEROWATCH ist.<\/p>\n","protected":false},"excerpt":{"rendered":"<p>AEROWATCH, ans\u00e4ssig im Jura, der Wiege der Schweizer Uhrmacherkunst, pr\u00e4sentiert voller Stolz sein neuestes Schmuckst\u00fcck: den Automatischen Regulator 1942 Limited Edition. Der Regulator zeichnet sich durch ein markantes Zifferblatt aus, auf dem sich nur der Minutenzeiger in der Mitte befindet. Die Stunden- und Sekundenanzeige ist dezentriert und verleiht der Uhr ein ungew\u00f6hnliches und fesselndes Aussehen. &#8230; <a title=\"Aerowatch 1942 Automatic R\u00e9gulateur Limited Edition\" class=\"read-more\" href=\"https:\/\/lediamant.ch\/de\/uhren\/210434-aerowatch-1942-regulator-automatic-limited-edition-a76983aa03m\/\" aria-label=\"Mehr Informationen \u00fcber Aerowatch 1942 Automatic R\u00e9gulateur Limited Edition\">Weiterlesen &#8230;<\/a><\/p>\n","protected":false},"featured_media":215304,"template":"","meta":{"_acf_changed":false,"_seopress_robots_primary_cat":"27167","_seopress_titles_title":"%%post_title%%","_seopress_titles_desc":"Automatic Regulator 1942 Limited Edition von AEROWATCH - ein Schmuckst\u00fcck der Schweizer Uhrmacherkunst. Faszinierendes Design, limitierte Auflage. Jetzt erleben!","_seopress_robots_index":""},"brand":[27081],"product_brand":[],"product_cat":[27241,27167,27123],"product_tag":[],"class_list":{"0":"post-210434","1":"product","2":"type-product","3":"status-publish","4":"has-post-thumbnail","6":"brand-aerowatch-de","7":"product_cat-1942-de","8":"product_cat-aerowatch-de","9":"product_cat-uhren","10":"pa_couleurduboitier-grau-de","11":"pa_couleurdubracelet-grau-de","12":"pa_couleurducadran-silber","13":"pa_etancheite-50m-de","14":"pa_forme-runden","15":"pa_garantie-24monate","16":"pa_genre-mann","17":"pa_limitededition-100-exemplare-weltweit","18":"pa_matiere-stahl","19":"pa_matierebraceletmontre-edelstahl","20":"pa_modele-de-mouvement-sellita-sw266-de","21":"pa_mouvement-automatik-de","22":"pa_option-boitier-transparenter-hintergrund","23":"pa_swissmade-ja-de","24":"sales-flash-overlay","25":"woocommerce-text-align-center","26":"woocommerce-image-align-center","27":"do-quantity-buttons","29":"first","30":"instock","31":"taxable","32":"shipping-taxable","33":"purchasable","34":"product-type-simple"},"acf":[],"_links":{"self":[{"href":"https:\/\/lediamant.ch\/de\/wp-json\/wp\/v2\/product\/210434","targetHints":{"allow":["GET"]}}],"collection":[{"href":"https:\/\/lediamant.ch\/de\/wp-json\/wp\/v2\/product"}],"about":[{"href":"https:\/\/lediamant.ch\/de\/wp-json\/wp\/v2\/types\/product"}],"wp:featuredmedia":[{"embeddable":true,"href":"https:\/\/lediamant.ch\/de\/wp-json\/wp\/v2\/media\/215304"}],"wp:attachment":[{"href":"https:\/\/lediamant.ch\/de\/wp-json\/wp\/v2\/media?parent=210434"}],"wp:term":[{"taxonomy":"brand","embeddable":true,"href":"https:\/\/lediamant.ch\/de\/wp-json\/wp\/v2\/brand?post=210434"},{"taxonomy":"product_brand","embeddable":true,"href":"https:\/\/lediamant.ch\/de\/wp-json\/wp\/v2\/product_brand?post=210434"},{"taxonomy":"product_cat","embeddable":true,"href":"https:\/\/lediamant.ch\/de\/wp-json\/wp\/v2\/product_cat?post=210434"},{"taxonomy":"product_tag","embeddable":true,"href":"https:\/\/lediamant.ch\/de\/wp-json\/wp\/v2\/product_tag?post=210434"}],"curies":[{"name":"wp","href":"https:\/\/api.w.org\/{rel}","templated":true}]}}