{"id":210497,"date":"2024-03-26T14:10:17","date_gmt":"2024-03-26T13:10:17","guid":{"rendered":"https:\/\/lediamant.ch\/?post_type=product&#038;p=210497"},"modified":"2024-04-09T18:11:29","modified_gmt":"2024-04-09T16:11:29","slug":"tissot-flamingo-11","status":"publish","type":"product","link":"https:\/\/lediamant.ch\/de\/uhren\/210497-tissot-flamingo-t0942101133600\/","title":{"rendered":"Tissot Flamingo"},"content":{"rendered":"<p>Die klaren Linien der Tissot Flamingo verk\u00f6rpern eine exquisite Einfachheit und enth\u00fcllen ihre schlichte Sch\u00f6nheit. Diese Uhr ist schlicht und liegt im Trend der Zeit, w\u00e4hrend sie sich gleichzeitig als klassisches St\u00fcck durchsetzt.<\/p>\n","protected":false},"excerpt":{"rendered":"<p>Die klaren Linien der Tissot Flamingo verk\u00f6rpern eine exquisite Einfachheit und enth\u00fcllen ihre schlichte Sch\u00f6nheit. Diese Uhr ist schlicht und liegt im Trend der Zeit, w\u00e4hrend sie sich gleichzeitig als klassisches St\u00fcck durchsetzt.<\/p>\n","protected":false},"featured_media":210488,"template":"","meta":{"_acf_changed":false,"_seopress_robots_primary_cat":"none","_seopress_titles_title":"%%post_title%% %%sep%% %%sitetitle%%.ch","_seopress_titles_desc":"%%post_excerpt%%","_seopress_robots_index":""},"brand":[27087],"product_brand":[],"product_cat":[27123,27159,27297,27421],"product_tag":[],"class_list":{"0":"post-210497","1":"product","2":"type-product","3":"status-publish","4":"has-post-thumbnail","6":"brand-tissot-de","7":"product_cat-uhren","8":"product_cat-tissot-de","9":"product_cat-exklusiv-fur-damen","10":"product_cat-tissot-flamingo","11":"pa_couleurduboitier-grau-de","12":"pa_couleurdubracelet-grau-de","13":"pa_couleurducadran-rosa-de","14":"pa_detail-de-s-pierres-s-4-diamanten-0-0084-vs-si-tw","15":"pa_etancheite-50m-de","16":"pa_forme-runden","17":"pa_garantie-24monate","18":"pa_genre-frau","19":"pa_matiere-stahl","20":"pa_matierebraceletmontre-edelstahl","21":"pa_mouvement-quarzbatterie-de","22":"pa_swissmade-ja-de","23":"pa_verre-saphir-de","24":"sales-flash-overlay","25":"woocommerce-text-align-center","26":"woocommerce-image-align-center","27":"do-quantity-buttons","29":"first","30":"instock","31":"taxable","32":"shipping-taxable","33":"purchasable","34":"product-type-simple"},"acf":[],"_links":{"self":[{"href":"https:\/\/lediamant.ch\/de\/wp-json\/wp\/v2\/product\/210497","targetHints":{"allow":["GET"]}}],"collection":[{"href":"https:\/\/lediamant.ch\/de\/wp-json\/wp\/v2\/product"}],"about":[{"href":"https:\/\/lediamant.ch\/de\/wp-json\/wp\/v2\/types\/product"}],"wp:featuredmedia":[{"embeddable":true,"href":"https:\/\/lediamant.ch\/de\/wp-json\/wp\/v2\/media\/210488"}],"wp:attachment":[{"href":"https:\/\/lediamant.ch\/de\/wp-json\/wp\/v2\/media?parent=210497"}],"wp:term":[{"taxonomy":"brand","embeddable":true,"href":"https:\/\/lediamant.ch\/de\/wp-json\/wp\/v2\/brand?post=210497"},{"taxonomy":"product_brand","embeddable":true,"href":"https:\/\/lediamant.ch\/de\/wp-json\/wp\/v2\/product_brand?post=210497"},{"taxonomy":"product_cat","embeddable":true,"href":"https:\/\/lediamant.ch\/de\/wp-json\/wp\/v2\/product_cat?post=210497"},{"taxonomy":"product_tag","embeddable":true,"href":"https:\/\/lediamant.ch\/de\/wp-json\/wp\/v2\/product_tag?post=210497"}],"curies":[{"name":"wp","href":"https:\/\/api.w.org\/{rel}","templated":true}]}}