{"id":210591,"date":"2024-03-20T18:25:59","date_gmt":"2024-03-20T17:25:59","guid":{"rendered":"https:\/\/lediamant.ch\/?post_type=product&#038;p=210591"},"modified":"2025-12-29T09:49:37","modified_gmt":"2025-12-29T08:49:37","slug":"tissot-t-race-motogp-chronograph-automatisch","status":"publish","type":"product","link":"https:\/\/lediamant.ch\/de\/uhren\/210591-tissot-t-race-motogp-automatic-chronograph-t1414272704100\/","title":{"rendered":"Tissot T-Race MotoGP\u2122 Automatic Chronograph"},"content":{"rendered":"<p>Der Nervenkitzel der MotoGPTM und die Leidenschaft von Tissot sind untrennbar miteinander verbunden. Zur Feier eines Vierteljahrhunderts als offizieller Zeitnehmer der Meisterschaft und zu Ehren des 75-j\u00e4hrigen Erbes der MotoGP\u2122 pr\u00e4sentiert Tissot diesen einzigartigen Zeitmesser T-Race MotoGP\u2122, um diese gut ge\u00f6lte Partnerschaft und diese Meilensteine zu w\u00fcrdigen. Ja Ja ja. Ein Auge auf die Uhr, das andere auf die Stra\u00dfe. Die Uhr ist mit einer markanten blau-roten Palette geschm\u00fcckt und weist Designelemente wie Bremsscheiben, vom Lenker inspirierte Schubkr\u00e4fte und K\u00fchlrippen des Motors auf. Das Automatikmodell Valjoux verf\u00fcgt \u00fcber eine L\u00fcnette aus schwarzem PVD und ein halbtransparentes Zifferblatt, das einen Teil der komplexen Mechanismen enth\u00fcllt. Diese Uhr ist wasserdicht und die Stunden- und Minutenzeiger sind mit Super-LumiNova\u00ae beschichtet, damit sie unter allen Umst\u00e4nden klar und gut ablesbar sind. Diese Uhr wird in einem Mini-Helm verschickt, ideal f\u00fcr Aficionados, die nach einem Gegenstand suchen, der mit ihrem Lieblingssport in Verbindung steht.<\/p>\n","protected":false},"excerpt":{"rendered":"<p>Der Nervenkitzel der MotoGPTM und die Leidenschaft von Tissot sind untrennbar miteinander verbunden. Zur Feier eines Vierteljahrhunderts als offizieller Zeitnehmer der Meisterschaft und zu Ehren des 75-j\u00e4hrigen Erbes der MotoGP\u2122 pr\u00e4sentiert Tissot diesen einzigartigen Zeitmesser T-Race MotoGP\u2122, um diese gut ge\u00f6lte Partnerschaft und diese Meilensteine zu w\u00fcrdigen. Ja Ja ja. Ein Auge auf die Uhr, &#8230; <a title=\"Tissot T-Race MotoGP\u2122 Automatic Chronograph\" class=\"read-more\" href=\"https:\/\/lediamant.ch\/de\/uhren\/210591-tissot-t-race-motogp-automatic-chronograph-t1414272704100\/\" aria-label=\"Mehr Informationen \u00fcber Tissot T-Race MotoGP\u2122 Automatic Chronograph\">Weiterlesen &#8230;<\/a><\/p>\n","protected":false},"featured_media":210568,"template":"","meta":{"_acf_changed":false,"_seopress_robots_primary_cat":"none","_seopress_titles_title":"%%post_title%%","_seopress_titles_desc":"Entdecken Sie die T-Race MotoGP-Uhr von Tissot, die 25 Jahre Leidenschaft und Engagement f\u00fcr den MotoGP feiert. Weltweit auf 2024 Exemplare limitierte Auflage","_seopress_robots_index":""},"brand":[27087],"product_brand":[],"product_cat":[27159,27509,27325,27123],"product_tag":[],"class_list":{"0":"post-210591","1":"product","2":"type-product","3":"status-publish","4":"has-post-thumbnail","6":"brand-tissot-de","7":"product_cat-tissot-de","8":"product_cat-tissot-t-race","9":"product_cat-tissot-spezialitaten","10":"product_cat-uhren","11":"pa_couleurduboitier-grau-de","12":"pa_couleurdubracelet-blau-de","13":"pa_couleurducadran-blau","14":"pa_dimensions-o45mm","15":"pa_etancheite-100m","16":"pa_forme-runden","17":"pa_garantie-24monate","18":"pa_genre-mann","19":"pa_limitededition-2024-exemplare-weltweit","20":"pa_matiere-stahl","21":"pa_matierebraceletmontre-silikon","22":"pa_mouvement-automatik-de","23":"pa_option-boitier-transparenter-hintergrund","24":"pa_swissmade-ja-de","25":"pa_typedemontre-chronograph-de","26":"pa_verre-saphir","27":"sales-flash-overlay","28":"woocommerce-text-align-center","29":"woocommerce-image-align-center","30":"do-quantity-buttons","32":"first","33":"outofstock","34":"taxable","35":"shipping-taxable","36":"purchasable","37":"product-type-simple"},"acf":[],"_links":{"self":[{"href":"https:\/\/lediamant.ch\/de\/wp-json\/wp\/v2\/product\/210591","targetHints":{"allow":["GET"]}}],"collection":[{"href":"https:\/\/lediamant.ch\/de\/wp-json\/wp\/v2\/product"}],"about":[{"href":"https:\/\/lediamant.ch\/de\/wp-json\/wp\/v2\/types\/product"}],"wp:featuredmedia":[{"embeddable":true,"href":"https:\/\/lediamant.ch\/de\/wp-json\/wp\/v2\/media\/210568"}],"wp:attachment":[{"href":"https:\/\/lediamant.ch\/de\/wp-json\/wp\/v2\/media?parent=210591"}],"wp:term":[{"taxonomy":"brand","embeddable":true,"href":"https:\/\/lediamant.ch\/de\/wp-json\/wp\/v2\/brand?post=210591"},{"taxonomy":"product_brand","embeddable":true,"href":"https:\/\/lediamant.ch\/de\/wp-json\/wp\/v2\/product_brand?post=210591"},{"taxonomy":"product_cat","embeddable":true,"href":"https:\/\/lediamant.ch\/de\/wp-json\/wp\/v2\/product_cat?post=210591"},{"taxonomy":"product_tag","embeddable":true,"href":"https:\/\/lediamant.ch\/de\/wp-json\/wp\/v2\/product_tag?post=210591"}],"curies":[{"name":"wp","href":"https:\/\/api.w.org\/{rel}","templated":true}]}}