{"id":210966,"date":"2024-04-16T15:05:23","date_gmt":"2024-04-16T13:05:23","guid":{"rendered":"https:\/\/lediamant.ch\/?post_type=product&#038;p=210966"},"modified":"2024-04-16T15:05:45","modified_gmt":"2024-04-16T13:05:45","slug":"tissot-prx-automatic-chronograph-42-mm","status":"publish","type":"product","link":"https:\/\/lediamant.ch\/de\/uhren\/210966-tissot-prx-automatic-chronograph-42-mm-t1374271109100\/","title":{"rendered":"Tissot PRX Automatic Chronograph 42 mm"},"content":{"rendered":"<p>Die PRX-Kollektion wird mit dem Tissot PRX Automatic Chronograph erweitert.<br \/>\nDas ikonische Design aus den 1970er Jahren hat die Uhrenliebhaber auf der Suche nach Authentizit\u00e4t erobert.<br \/>\nMit einem Durchmesser von 42 mm, dem satinierten Stahlgeh\u00e4use und dem integrierten Armband passt dieser Chronograph an jedes Handgelenk und zu jedem Anlass.<br \/>\nDas blaue Zifferblatt und die wei\u00dfen Z\u00e4hler verleihen diesem Zeitmesser Eleganz und Charakter.<br \/>\nAusgestattet mit dem Valjoux A05.H31 Uhrwerk, das f\u00fcr seine Zuverl\u00e4ssigkeit und Pr\u00e4zision bekannt ist, verbindet die Tissot PRX Automatic Chronograph Design und Leistung.<br \/>\nMit einer Gangreserve von 60 Stunden wird diese Uhr Sie in allen Phasen Ihres Lebens begleiten.     <\/p>\n","protected":false},"excerpt":{"rendered":"<p>Die PRX-Kollektion wird mit dem Tissot PRX Automatic Chronograph erweitert. Das ikonische Design aus den 1970er Jahren hat die Uhrenliebhaber auf der Suche nach Authentizit\u00e4t erobert. Mit einem Durchmesser von 42 mm, dem satinierten Stahlgeh\u00e4use und dem integrierten Armband passt dieser Chronograph an jedes Handgelenk und zu jedem Anlass. Das blaue Zifferblatt und die wei\u00dfen &#8230; <a title=\"Tissot PRX Automatic Chronograph 42 mm\" class=\"read-more\" href=\"https:\/\/lediamant.ch\/de\/uhren\/210966-tissot-prx-automatic-chronograph-42-mm-t1374271109100\/\" aria-label=\"Mehr Informationen \u00fcber Tissot PRX Automatic Chronograph 42 mm\">Weiterlesen &#8230;<\/a><\/p>\n","protected":false},"featured_media":210949,"template":"","meta":{"_acf_changed":false,"_seopress_robots_primary_cat":"none","_seopress_titles_title":"","_seopress_titles_desc":"","_seopress_robots_index":""},"brand":[27087],"product_brand":[],"product_cat":[27159,27245,27389,27123],"product_tag":[],"class_list":{"0":"post-210966","1":"product","2":"type-product","3":"status-publish","4":"has-post-thumbnail","6":"brand-tissot-de","7":"product_cat-tissot-de","8":"product_cat-tissot-classic","9":"product_cat-tissot-prx","10":"product_cat-uhren","11":"pa_couleurduboitier-grau-de","12":"pa_couleurducadran-grun","13":"pa_dimensions-o-42-mm","14":"pa_etancheite-100m-de","15":"pa_forme-fass-de","16":"pa_garantie-24monate","17":"pa_genre-mann","18":"pa_mouvement-automatik-de","19":"pa_option-boitier-transparenter-hintergrund","20":"pa_swissmade-ja-de","21":"pa_typedemontre-chronograph-de","22":"pa_verre-saphir-de","23":"sales-flash-overlay","24":"woocommerce-text-align-center","25":"woocommerce-image-align-center","26":"do-quantity-buttons","28":"first","29":"instock","30":"taxable","31":"shipping-taxable","32":"purchasable","33":"product-type-simple"},"acf":[],"_links":{"self":[{"href":"https:\/\/lediamant.ch\/de\/wp-json\/wp\/v2\/product\/210966","targetHints":{"allow":["GET"]}}],"collection":[{"href":"https:\/\/lediamant.ch\/de\/wp-json\/wp\/v2\/product"}],"about":[{"href":"https:\/\/lediamant.ch\/de\/wp-json\/wp\/v2\/types\/product"}],"wp:featuredmedia":[{"embeddable":true,"href":"https:\/\/lediamant.ch\/de\/wp-json\/wp\/v2\/media\/210949"}],"wp:attachment":[{"href":"https:\/\/lediamant.ch\/de\/wp-json\/wp\/v2\/media?parent=210966"}],"wp:term":[{"taxonomy":"brand","embeddable":true,"href":"https:\/\/lediamant.ch\/de\/wp-json\/wp\/v2\/brand?post=210966"},{"taxonomy":"product_brand","embeddable":true,"href":"https:\/\/lediamant.ch\/de\/wp-json\/wp\/v2\/product_brand?post=210966"},{"taxonomy":"product_cat","embeddable":true,"href":"https:\/\/lediamant.ch\/de\/wp-json\/wp\/v2\/product_cat?post=210966"},{"taxonomy":"product_tag","embeddable":true,"href":"https:\/\/lediamant.ch\/de\/wp-json\/wp\/v2\/product_tag?post=210966"}],"curies":[{"name":"wp","href":"https:\/\/api.w.org\/{rel}","templated":true}]}}