{"id":211056,"date":"2024-07-31T11:34:04","date_gmt":"2024-07-31T09:34:04","guid":{"rendered":"https:\/\/lediamant.ch\/?post_type=product&#038;p=211056"},"modified":"2024-07-31T11:46:40","modified_gmt":"2024-07-31T09:46:40","slug":"tissot-weg-des-tourelles-squelette-39-mm","status":"publish","type":"product","link":"https:\/\/lediamant.ch\/de\/uhren\/211056-tissot-chemin-des-tourelles-squelette-t1398363644100\/","title":{"rendered":"Tissot Chemin Des Tourelles Skelett 39 mm"},"content":{"rendered":"<p>Die Tissot Chemin des Tourelles ist ein ganz besonderes St\u00fcck, das einen wichtigen Teil der Geschichte von Tissot verk\u00f6rpert. Sie ist nach der Stra\u00dfe in Le Locle in der Schweiz benannt, wo die Tissot-Fabrik 1907 gegr\u00fcndet wurde und wo sich das Unternehmen noch heute befindet. Das zeitgen\u00f6ssische Design ist perfekt mit der hohen Qualit\u00e4t unseres Powermatic 80 Uhrwerks kombiniert und sorgt f\u00fcr einen klassischen und eleganten Stil. Entdecken Sie dieses 39 mm Automatikmodell mit seinem Edelstahlarmband, den blauen Akzenten und dem skelettierten Zifferblatt, das die Mechanismen dieses luxuri\u00f6sen Zeitmessers enth\u00fcllt.<\/p>\n","protected":false},"excerpt":{"rendered":"<p>Die Tissot Chemin des Tourelles ist ein ganz besonderes St\u00fcck, das einen wichtigen Teil der Geschichte von Tissot verk\u00f6rpert. Sie ist nach der Stra\u00dfe in Le Locle in der Schweiz benannt, wo die Tissot-Fabrik 1907 gegr\u00fcndet wurde und wo sich das Unternehmen noch heute befindet. Das zeitgen\u00f6ssische Design ist perfekt mit der hohen Qualit\u00e4t unseres &#8230; <a title=\"Tissot Chemin Des Tourelles Skelett 39 mm\" class=\"read-more\" href=\"https:\/\/lediamant.ch\/de\/uhren\/211056-tissot-chemin-des-tourelles-squelette-t1398363644100\/\" aria-label=\"Mehr Informationen \u00fcber Tissot Chemin Des Tourelles Skelett 39 mm\">Weiterlesen &#8230;<\/a><\/p>\n","protected":false},"featured_media":211036,"template":"","meta":{"_acf_changed":false,"_seopress_robots_primary_cat":"none","_seopress_titles_title":"","_seopress_titles_desc":"Entdecken Sie die Eleganz des Modells Tissot Chemin des Tourelles, eine Hommage an das Erbe der Schweizer Uhrmacherkunst mit einem modernen Design und einem pr\u00e4zisen Uhrwerk.","_seopress_robots_index":""},"brand":[27087],"product_brand":[],"product_cat":[27159,27489,27245,27123],"product_tag":[],"class_list":{"0":"post-211056","1":"product","2":"type-product","3":"status-publish","4":"has-post-thumbnail","6":"brand-tissot-de","7":"product_cat-tissot-de","8":"product_cat-tissot-chemin-des-tourelles","9":"product_cat-tissot-classic","10":"product_cat-uhren","11":"pa_couleurduboitier-schwarz-de","12":"pa_couleurducadran-grau","13":"pa_dimensions-o-39-mm","14":"pa_etancheite-50m-de","15":"pa_forme-runden","16":"pa_garantie-24monate","17":"pa_genre-frau","18":"pa_genre-mann","19":"pa_matierebraceletmontre-leder","20":"pa_mouvement-automatik-de","21":"pa_option-boitier-transparenter-hintergrund","22":"pa_swissmade-ja-de","23":"pa_typedemontre-skelettuhren","24":"pa_verre-saphir-de","25":"sales-flash-overlay","26":"woocommerce-text-align-center","27":"woocommerce-image-align-center","28":"do-quantity-buttons","30":"first","31":"instock","32":"taxable","33":"shipping-taxable","34":"purchasable","35":"product-type-simple"},"acf":[],"_links":{"self":[{"href":"https:\/\/lediamant.ch\/de\/wp-json\/wp\/v2\/product\/211056","targetHints":{"allow":["GET"]}}],"collection":[{"href":"https:\/\/lediamant.ch\/de\/wp-json\/wp\/v2\/product"}],"about":[{"href":"https:\/\/lediamant.ch\/de\/wp-json\/wp\/v2\/types\/product"}],"wp:featuredmedia":[{"embeddable":true,"href":"https:\/\/lediamant.ch\/de\/wp-json\/wp\/v2\/media\/211036"}],"wp:attachment":[{"href":"https:\/\/lediamant.ch\/de\/wp-json\/wp\/v2\/media?parent=211056"}],"wp:term":[{"taxonomy":"brand","embeddable":true,"href":"https:\/\/lediamant.ch\/de\/wp-json\/wp\/v2\/brand?post=211056"},{"taxonomy":"product_brand","embeddable":true,"href":"https:\/\/lediamant.ch\/de\/wp-json\/wp\/v2\/product_brand?post=211056"},{"taxonomy":"product_cat","embeddable":true,"href":"https:\/\/lediamant.ch\/de\/wp-json\/wp\/v2\/product_cat?post=211056"},{"taxonomy":"product_tag","embeddable":true,"href":"https:\/\/lediamant.ch\/de\/wp-json\/wp\/v2\/product_tag?post=211056"}],"curies":[{"name":"wp","href":"https:\/\/api.w.org\/{rel}","templated":true}]}}