{"id":211074,"date":"2024-05-22T18:04:32","date_gmt":"2024-05-22T16:04:32","guid":{"rendered":"https:\/\/lediamant.ch\/?post_type=product&#038;p=211074"},"modified":"2024-05-24T13:30:54","modified_gmt":"2024-05-24T11:30:54","slug":"tissot-pr-100-chronograph-5","status":"publish","type":"product","link":"https:\/\/lediamant.ch\/de\/uhren\/211074-tissot-pr-100-chronograph-t1504171104100\/","title":{"rendered":"Tissot PR 100 Chronograph"},"content":{"rendered":"<p>Die PR100-Kollektion bietet sportliche und elegante Quarz-Chronographen in verschiedenen Farben. Das Chrono-Quarzwerk bietet Pr\u00e4zision und Robustheit, erg\u00e4nzt durch eine Wasserdichtigkeit bis zu 10 bar (100 Meter). Die Sichtbarkeit bei schlechten Lichtverh\u00e4ltnissen wird durch die Super-LumiNova\u00ae-Beschichtung auf den Zeigern gew\u00e4hrleistet.<\/p>\n","protected":false},"excerpt":{"rendered":"<p>Die PR100-Kollektion bietet sportliche und elegante Quarz-Chronographen in verschiedenen Farben. Das Chrono-Quarzwerk bietet Pr\u00e4zision und Robustheit, erg\u00e4nzt durch eine Wasserdichtigkeit bis zu 10 bar (100 Meter). Die Sichtbarkeit bei schlechten Lichtverh\u00e4ltnissen wird durch die Super-LumiNova\u00ae-Beschichtung auf den Zeigern gew\u00e4hrleistet.<\/p>\n","protected":false},"featured_media":211058,"template":"","meta":{"_acf_changed":false,"_seopress_robots_primary_cat":"none","_seopress_titles_title":"","_seopress_titles_desc":"Entdecken Sie die eleganten PR100 Quarz-Chronographen mit extremer Pr\u00e4zision, 100m Wasserdichtigkeit und optimaler Sichtbarkeit. W\u00e4hlen Sie Ihren Stil!","_seopress_robots_index":""},"brand":[27087],"product_brand":[],"product_cat":[27159,27513,27123],"product_tag":[],"class_list":{"0":"post-211074","1":"product","2":"type-product","3":"status-publish","4":"has-post-thumbnail","6":"brand-tissot-de","7":"product_cat-tissot-de","8":"product_cat-tissot-pr100","9":"product_cat-uhren","10":"pa_couleurduboitier-grau-de","11":"pa_couleurducadran-blau","12":"pa_dimensions-o-40-mm","13":"pa_etancheite-100m-de","14":"pa_forme-runden","15":"pa_garantie-24monate","16":"pa_genre-frau","17":"pa_genre-mann","18":"pa_mouvement-quarzbatterie-de","19":"pa_swissmade-ja-de","20":"pa_typedemontre-chronograph-de","21":"pa_verre-saphir-de","22":"sales-flash-overlay","23":"woocommerce-text-align-center","24":"woocommerce-image-align-center","25":"do-quantity-buttons","27":"first","28":"instock","29":"taxable","30":"shipping-taxable","31":"purchasable","32":"product-type-simple"},"acf":[],"_links":{"self":[{"href":"https:\/\/lediamant.ch\/de\/wp-json\/wp\/v2\/product\/211074","targetHints":{"allow":["GET"]}}],"collection":[{"href":"https:\/\/lediamant.ch\/de\/wp-json\/wp\/v2\/product"}],"about":[{"href":"https:\/\/lediamant.ch\/de\/wp-json\/wp\/v2\/types\/product"}],"wp:featuredmedia":[{"embeddable":true,"href":"https:\/\/lediamant.ch\/de\/wp-json\/wp\/v2\/media\/211058"}],"wp:attachment":[{"href":"https:\/\/lediamant.ch\/de\/wp-json\/wp\/v2\/media?parent=211074"}],"wp:term":[{"taxonomy":"brand","embeddable":true,"href":"https:\/\/lediamant.ch\/de\/wp-json\/wp\/v2\/brand?post=211074"},{"taxonomy":"product_brand","embeddable":true,"href":"https:\/\/lediamant.ch\/de\/wp-json\/wp\/v2\/product_brand?post=211074"},{"taxonomy":"product_cat","embeddable":true,"href":"https:\/\/lediamant.ch\/de\/wp-json\/wp\/v2\/product_cat?post=211074"},{"taxonomy":"product_tag","embeddable":true,"href":"https:\/\/lediamant.ch\/de\/wp-json\/wp\/v2\/product_tag?post=211074"}],"curies":[{"name":"wp","href":"https:\/\/api.w.org\/{rel}","templated":true}]}}