{"id":211114,"date":"2024-05-22T17:43:45","date_gmt":"2024-05-22T15:43:45","guid":{"rendered":"https:\/\/lediamant.ch\/?post_type=product&#038;p=211114"},"modified":"2024-05-24T13:26:37","modified_gmt":"2024-05-24T11:26:37","slug":"tissot-pr-100-chronograph-6","status":"publish","type":"product","link":"https:\/\/lediamant.ch\/de\/uhren\/211114-tissot-pr-100-chronograph-t1504171135100\/","title":{"rendered":"Tissot PR 100 Chronograph 40mm"},"content":{"rendered":"<p>Die PR100-Kollektion bietet sportliche und elegante Quarz-Chronographen in verschiedenen Farben. Das Chronographenwerk<span style=\"font-size: inherit;\"> Quarz bietet Pr\u00e4zision und Robustheit, erg\u00e4nzt durch eine Wasserdichtigkeit bis 10 bar (100 Meter). Die Sichtbarkeit bei schlechten Lichtverh\u00e4ltnissen wird durch die Super-LumiNova\u00ae-Beschichtung auf den Zeigern gew\u00e4hrleistet.<\/span><\/p>\n","protected":false},"excerpt":{"rendered":"<p>Die PR100-Kollektion bietet sportliche und elegante Quarz-Chronographen in verschiedenen Farben. Das Chronographenwerk Quarz bietet Pr\u00e4zision und Robustheit, erg\u00e4nzt durch eine Wasserdichtigkeit bis 10 bar (100 Meter). Die Sichtbarkeit bei schlechten Lichtverh\u00e4ltnissen wird durch die Super-LumiNova\u00ae-Beschichtung auf den Zeigern gew\u00e4hrleistet.<\/p>\n","protected":false},"featured_media":211098,"template":"","meta":{"_acf_changed":false,"_seopress_robots_primary_cat":"none","_seopress_titles_title":"","_seopress_titles_desc":"Entdecken Sie die PR100 Chronographen: sportliche Eleganz, Farbvielfalt, Quarzpr\u00e4zision und wasserdicht bis 100m. Perfekt f\u00fcr jeden Stil!","_seopress_robots_index":""},"brand":[27087],"product_brand":[],"product_cat":[27159,27513,27123],"product_tag":[],"class_list":{"0":"post-211114","1":"product","2":"type-product","3":"status-publish","4":"has-post-thumbnail","6":"brand-tissot-de","7":"product_cat-tissot-de","8":"product_cat-tissot-pr100","9":"product_cat-uhren","10":"pa_couleurduboitier-grau-de","11":"pa_couleurducadran-blau","12":"pa_dimensions-o-40-mm","13":"pa_etancheite-100m-de","14":"pa_forme-runden","15":"pa_garantie-24monate","16":"pa_genre-frau","17":"pa_genre-mann","18":"pa_mouvement-quarzbatterie-de","19":"pa_swissmade-ja-de","20":"pa_typedemontre-chronograph-de","21":"pa_verre-saphir-de","22":"sales-flash-overlay","23":"woocommerce-text-align-center","24":"woocommerce-image-align-center","25":"do-quantity-buttons","27":"first","28":"instock","29":"taxable","30":"shipping-taxable","31":"purchasable","32":"product-type-simple"},"acf":[],"_links":{"self":[{"href":"https:\/\/lediamant.ch\/de\/wp-json\/wp\/v2\/product\/211114","targetHints":{"allow":["GET"]}}],"collection":[{"href":"https:\/\/lediamant.ch\/de\/wp-json\/wp\/v2\/product"}],"about":[{"href":"https:\/\/lediamant.ch\/de\/wp-json\/wp\/v2\/types\/product"}],"wp:featuredmedia":[{"embeddable":true,"href":"https:\/\/lediamant.ch\/de\/wp-json\/wp\/v2\/media\/211098"}],"wp:attachment":[{"href":"https:\/\/lediamant.ch\/de\/wp-json\/wp\/v2\/media?parent=211114"}],"wp:term":[{"taxonomy":"brand","embeddable":true,"href":"https:\/\/lediamant.ch\/de\/wp-json\/wp\/v2\/brand?post=211114"},{"taxonomy":"product_brand","embeddable":true,"href":"https:\/\/lediamant.ch\/de\/wp-json\/wp\/v2\/product_brand?post=211114"},{"taxonomy":"product_cat","embeddable":true,"href":"https:\/\/lediamant.ch\/de\/wp-json\/wp\/v2\/product_cat?post=211114"},{"taxonomy":"product_tag","embeddable":true,"href":"https:\/\/lediamant.ch\/de\/wp-json\/wp\/v2\/product_tag?post=211114"}],"curies":[{"name":"wp","href":"https:\/\/api.w.org\/{rel}","templated":true}]}}