{"id":211174,"date":"2024-04-11T10:56:56","date_gmt":"2024-04-11T08:56:56","guid":{"rendered":"https:\/\/lediamant.ch\/?post_type=product&#038;p=211174"},"modified":"2024-06-21T18:00:39","modified_gmt":"2024-06-21T16:00:39","slug":"trashed-11","status":"publish","type":"product","link":"https:\/\/lediamant.ch\/de\/uhren\/211174-tissot-pr-100-tour-de-france-t1504171105100\/","title":{"rendered":"Tissot PR 100 Tour de France"},"content":{"rendered":"<p>Diese Sonderedition ist mit einem Geh\u00e4use aus langlebigem und widerstandsf\u00e4higem 316L-Edelstahl ausgestattet, so dass die Uhr auch unter schwierigen Bedingungen ihren Reiz beh\u00e4lt.<\/p>\n<p>Das Zifferblatt ist mit einer thematischen schwarzen Asphaltfarbe versehen, die die Stra\u00dfe unter den R\u00e4dern der Radfahrer widerspiegelt. Das Design beinhaltet einen Sekundenzeiger in der gelben Farbe der Tour de France, der geschickt in Form eines Fahrrads gestaltet wurde. Die schwarze Scheibe des Datumsfensters verleiht der Uhr eine elegante Note, die mit der allgemeinen \u00c4sthetik der Uhr \u00fcbereinstimmt.<\/p>\n<p>Das G10.212 Chrono-Quarzwerk bietet Pr\u00e4zision und Robustheit, erg\u00e4nzt durch eine Wasserdichtigkeit bis 10 bar (100 Meter\/330 Fu\u00df). Die Sichtbarkeit bei schlechten Lichtverh\u00e4ltnissen wird durch die Super-LumiNova\u00ae-Beschichtung auf den Zeigern gew\u00e4hrleistet. Der Geh\u00e4useboden dieses Modells PR100 ist mit dem Logo der Tour de France graviert.<\/p>\n<p>Die Vielseitigkeit der PR100 wird durch ein zweites schwarzes Armband aus zwei Materialien verst\u00e4rkt, das die Textur von Fahrradlenkergriffen aufgreift und in den Farben der Tour de France gehalten ist.<\/p>\n","protected":false},"excerpt":{"rendered":"<p>Diese Sonderedition ist mit einem Geh\u00e4use aus langlebigem und widerstandsf\u00e4higem 316L-Edelstahl ausgestattet, so dass die Uhr auch unter schwierigen Bedingungen ihren Reiz beh\u00e4lt. Das Zifferblatt ist mit einer thematischen schwarzen Asphaltfarbe versehen, die die Stra\u00dfe unter den R\u00e4dern der Radfahrer widerspiegelt. Das Design beinhaltet einen Sekundenzeiger in der gelben Farbe der Tour de France, der &#8230; <a title=\"Tissot PR 100 Tour de France\" class=\"read-more\" href=\"https:\/\/lediamant.ch\/de\/uhren\/211174-tissot-pr-100-tour-de-france-t1504171105100\/\" aria-label=\"Mehr Informationen \u00fcber Tissot PR 100 Tour de France\">Weiterlesen &#8230;<\/a><\/p>\n","protected":false},"featured_media":211152,"template":"","meta":{"_acf_changed":false,"_seopress_robots_primary_cat":"none","_seopress_titles_title":"","_seopress_titles_desc":"Entdecken Sie die Uhr PR100, eine Hommage an die Tour de France mit einem Geh\u00e4use aus 316L-Stahl, einem thematisch schwarzen Zifferblatt und einem Armband, das von Fahrr\u00e4dern inspiriert ist. Wasserdicht bis 100m.","_seopress_robots_index":""},"brand":[27087],"product_brand":[],"product_cat":[27159,27513,27325,27123],"product_tag":[],"class_list":{"0":"post-211174","1":"product","2":"type-product","3":"status-publish","4":"has-post-thumbnail","6":"brand-tissot-de","7":"product_cat-tissot-de","8":"product_cat-tissot-pr100","9":"product_cat-tissot-spezialitaten","10":"product_cat-uhren","11":"pa_couleurduboitier-grau-de","12":"pa_couleurducadran-schwarz","13":"pa_dimensions-o-40-mm","14":"pa_etancheite-100m-de","15":"pa_forme-runden","16":"pa_garantie-24monate","17":"pa_genre-mann","18":"pa_matierebraceletmontre-edelstahl","19":"pa_mouvement-quarzbatterie-de","20":"pa_swissmade-ja-de","21":"pa_typedemontre-chronograph-de","22":"pa_typedemontre-sportuhren","23":"pa_verre-saphir-de","24":"sales-flash-overlay","25":"woocommerce-text-align-center","26":"woocommerce-image-align-center","27":"do-quantity-buttons","29":"first","30":"instock","31":"taxable","32":"shipping-taxable","33":"purchasable","34":"product-type-simple"},"acf":[],"_links":{"self":[{"href":"https:\/\/lediamant.ch\/de\/wp-json\/wp\/v2\/product\/211174","targetHints":{"allow":["GET"]}}],"collection":[{"href":"https:\/\/lediamant.ch\/de\/wp-json\/wp\/v2\/product"}],"about":[{"href":"https:\/\/lediamant.ch\/de\/wp-json\/wp\/v2\/types\/product"}],"wp:featuredmedia":[{"embeddable":true,"href":"https:\/\/lediamant.ch\/de\/wp-json\/wp\/v2\/media\/211152"}],"wp:attachment":[{"href":"https:\/\/lediamant.ch\/de\/wp-json\/wp\/v2\/media?parent=211174"}],"wp:term":[{"taxonomy":"brand","embeddable":true,"href":"https:\/\/lediamant.ch\/de\/wp-json\/wp\/v2\/brand?post=211174"},{"taxonomy":"product_brand","embeddable":true,"href":"https:\/\/lediamant.ch\/de\/wp-json\/wp\/v2\/product_brand?post=211174"},{"taxonomy":"product_cat","embeddable":true,"href":"https:\/\/lediamant.ch\/de\/wp-json\/wp\/v2\/product_cat?post=211174"},{"taxonomy":"product_tag","embeddable":true,"href":"https:\/\/lediamant.ch\/de\/wp-json\/wp\/v2\/product_tag?post=211174"}],"curies":[{"name":"wp","href":"https:\/\/api.w.org\/{rel}","templated":true}]}}