{"id":211285,"date":"2024-04-17T16:05:22","date_gmt":"2024-04-17T14:05:22","guid":{"rendered":"https:\/\/lediamant.ch\/?post_type=product&#038;p=211285"},"modified":"2024-11-20T15:52:43","modified_gmt":"2024-11-20T14:52:43","slug":"aerowatch-1942-chrono-quartz-braun-44mm-stahl","status":"publish","type":"product","link":"https:\/\/lediamant.ch\/de\/uhren\/211285-aerowatch-1942-chrono-quartz-braun-44mm-stahl-a-79100-aa02-m\/","title":{"rendered":"Aerowatch 1942 Chrono Quarz Braun 44mm Stahl"},"content":{"rendered":"<p>Entdecken Sie den Aerowatch Quarz-Chronographen, eine perfekte Verschmelzung von Stil und Funktionalit\u00e4t. Dieser au\u00dfergew\u00f6hnliche Zeitmesser vereint die Pr\u00e4zision des Quarzwerks mit einem robusten Design und erf\u00fcllt damit die Anforderungen der anspruchsvollsten Uhrenliebhaber. Wasserdicht bis 50 Meter. Mit einem imposanten Durchmesser von 44 mm sorgt das Geh\u00e4use f\u00fcr eine k\u00fchne Pr\u00e4senz am Handgelenk und zieht mit seinem eleganten Zifferblatt in Braun- und Schwarzt\u00f6nen die Aufmerksamkeit auf sich. Personalisieren Sie Ihren Stil mit der Wahl zwischen zwei verschiedenen Armb\u00e4ndern. Entscheiden Sie sich f\u00fcr die zeitlose Eleganz eines braunen Lederarmbands, das mit einer Dornschlie\u00dfe verziert ist und einen Hauch von klassischer Raffinesse ausstrahlt. Oder w\u00e4hlen Sie das Stahlarmband mit Faltschlie\u00dfe f\u00fcr einen modernen, sportlichen Look, der perfekt zu jedem Anlass passt. Der Aerowatch Quarz-Chronograph verk\u00f6rpert die perfekte Verbindung von raffiniertem Design und zuverl\u00e4ssiger Leistung. Ob f\u00fcr den Alltag oder f\u00fcr besondere Momente, diese Uhr wird Ihren Stil unterstreichen und gleichzeitig kompromisslose Pr\u00e4zision gew\u00e4hrleisten. Definieren Sie Ihre Zeit neu mit der selbstbewussten Eleganz des Aerowatch Quarz-Chronographen. Bestellen Sie Ihren noch heute und lassen Sie jeden Moment zu einem un\u00fcbertroffenen Stil-Statement werden.<\/p>\n","protected":false},"excerpt":{"rendered":"<p>Entdecken Sie den Aerowatch Quarz-Chronographen, eine perfekte Verschmelzung von Stil und Funktionalit\u00e4t. Dieser au\u00dfergew\u00f6hnliche Zeitmesser vereint die Pr\u00e4zision des Quarzwerks mit einem robusten Design und erf\u00fcllt damit die Anforderungen der anspruchsvollsten Uhrenliebhaber. Wasserdicht bis 50 Meter. Mit einem imposanten Durchmesser von 44 mm sorgt das Geh\u00e4use f\u00fcr eine k\u00fchne Pr\u00e4senz am Handgelenk und zieht mit &#8230; <a title=\"Aerowatch 1942 Chrono Quarz Braun 44mm Stahl\" class=\"read-more\" href=\"https:\/\/lediamant.ch\/de\/uhren\/211285-aerowatch-1942-chrono-quartz-braun-44mm-stahl-a-79100-aa02-m\/\" aria-label=\"Mehr Informationen \u00fcber Aerowatch 1942 Chrono Quarz Braun 44mm Stahl\">Weiterlesen &#8230;<\/a><\/p>\n","protected":false},"featured_media":211287,"template":"","meta":{"_acf_changed":false,"_seopress_robots_primary_cat":"27167","_seopress_titles_title":"%%post_title%% %%sep%% %%sitetitle%%.ch","_seopress_titles_desc":"Entdecken Sie den Aerowatch Quartz Chronograph, den perfekten Zeitmesser, der Eleganz und Funktionalit\u00e4t vereint. Bestellen Sie noch heute f\u00fcr einen unvergleichlichen Stil.","_seopress_robots_index":""},"brand":[],"product_brand":[],"product_cat":[27241,27167,27123],"product_tag":[],"class_list":{"0":"post-211285","1":"product","2":"type-product","3":"status-publish","4":"has-post-thumbnail","6":"product_cat-1942-de","7":"product_cat-aerowatch-de","8":"product_cat-uhren","9":"pa_couleurdubracelet-grau-de","10":"pa_couleurducadran-braun","11":"pa_couleurducadran-schwarz","12":"pa_dimensions-o-44-mm","13":"pa_etancheite-50m-de","14":"pa_forme-runden","15":"pa_genre-mann","16":"pa_matiere-stahl","17":"pa_matierebraceletmontre-edelstahl","18":"pa_mouvement-quarzbatterie-de","19":"pa_swissmade-ja-de","20":"pa_typedemontre-chronograph-de","21":"sales-flash-overlay","22":"woocommerce-text-align-center","23":"woocommerce-image-align-center","24":"do-quantity-buttons","26":"first","27":"instock","28":"taxable","29":"shipping-taxable","30":"purchasable","31":"product-type-simple"},"acf":[],"_links":{"self":[{"href":"https:\/\/lediamant.ch\/de\/wp-json\/wp\/v2\/product\/211285","targetHints":{"allow":["GET"]}}],"collection":[{"href":"https:\/\/lediamant.ch\/de\/wp-json\/wp\/v2\/product"}],"about":[{"href":"https:\/\/lediamant.ch\/de\/wp-json\/wp\/v2\/types\/product"}],"wp:featuredmedia":[{"embeddable":true,"href":"https:\/\/lediamant.ch\/de\/wp-json\/wp\/v2\/media\/211287"}],"wp:attachment":[{"href":"https:\/\/lediamant.ch\/de\/wp-json\/wp\/v2\/media?parent=211285"}],"wp:term":[{"taxonomy":"brand","embeddable":true,"href":"https:\/\/lediamant.ch\/de\/wp-json\/wp\/v2\/brand?post=211285"},{"taxonomy":"product_brand","embeddable":true,"href":"https:\/\/lediamant.ch\/de\/wp-json\/wp\/v2\/product_brand?post=211285"},{"taxonomy":"product_cat","embeddable":true,"href":"https:\/\/lediamant.ch\/de\/wp-json\/wp\/v2\/product_cat?post=211285"},{"taxonomy":"product_tag","embeddable":true,"href":"https:\/\/lediamant.ch\/de\/wp-json\/wp\/v2\/product_tag?post=211285"}],"curies":[{"name":"wp","href":"https:\/\/api.w.org\/{rel}","templated":true}]}}