{"id":211714,"date":"2024-09-06T15:23:23","date_gmt":"2024-09-06T13:23:23","guid":{"rendered":"https:\/\/lediamant.ch\/?post_type=product&#038;p=211714"},"modified":"2024-09-06T15:23:43","modified_gmt":"2024-09-06T13:23:43","slug":"tissot-lovely-round-5","status":"publish","type":"product","link":"https:\/\/lediamant.ch\/de\/uhren\/211714-tissot-lovely-round-t1400096111600\/","title":{"rendered":"Tissot Lovely Round"},"content":{"rendered":"<p>Die Tissot Lovely ist eine Uhr von raffinierter Eleganz und zeitlosem Design.<br \/>\nAlle Tissot Lovely Uhren sind mit kratzfestem Saphirglas ausgestattet und werden von einem pr\u00e4zisen Swiss Made Quarzwerk angetrieben, damit Sie Tag und Nacht mit der Zeit gehen k\u00f6nnen.<br \/>\nDieses Modell hat ein Geh\u00e4use aus 316L Edelstahl und ein raffiniertes wei\u00dfes Perlmuttzifferblatt, das bei 12, 3, 6 und 9 Uhr mit einem Diamanten besetzt ist.<br \/>\nDar\u00fcber hinaus verf\u00fcgt die Uhr \u00fcber eine L\u00fcnette, die mit 42 zus\u00e4tzlichen Diamanten besetzt ist, die der Uhr einen funkelnden Glanz verleihen.<br \/>\nDas massive und gleichzeitig flexible Armband aus Edelstahl 316L h\u00e4lt die Tissot Lovely elegant und sicher am Handgelenk.    <\/p>\n","protected":false},"excerpt":{"rendered":"<p>Die Tissot Lovely ist eine Uhr von raffinierter Eleganz und zeitlosem Design. Alle Tissot Lovely Uhren sind mit kratzfestem Saphirglas ausgestattet und werden von einem pr\u00e4zisen Swiss Made Quarzwerk angetrieben, damit Sie Tag und Nacht mit der Zeit gehen k\u00f6nnen. Dieses Modell hat ein Geh\u00e4use aus 316L Edelstahl und ein raffiniertes wei\u00dfes Perlmuttzifferblatt, das bei &#8230; <a title=\"Tissot Lovely Round\" class=\"read-more\" href=\"https:\/\/lediamant.ch\/de\/uhren\/211714-tissot-lovely-round-t1400096111600\/\" aria-label=\"Mehr Informationen \u00fcber Tissot Lovely Round\">Weiterlesen &#8230;<\/a><\/p>\n","protected":false},"featured_media":211697,"template":"","meta":{"_acf_changed":false,"_seopress_robots_primary_cat":"none","_seopress_titles_title":"","_seopress_titles_desc":"Eleganz und Pr\u00e4zision mit der Tissot Lovely: Uhr aus Perlmutt und Diamanten, Quarzwerk Swiss Made.\nPerfekt f\u00fcr Tag und Nacht. ","_seopress_robots_index":""},"brand":[27087],"product_brand":[],"product_cat":[27123,27159,27297,27423],"product_tag":[],"class_list":{"0":"post-211714","1":"product","2":"type-product","3":"status-publish","4":"has-post-thumbnail","6":"brand-tissot-de","7":"product_cat-uhren","8":"product_cat-tissot-de","9":"product_cat-exklusiv-fur-damen","10":"product_cat-tissot-lovely","11":"pa_couleurduboitier-grau-de","12":"pa_couleurdubracelet-grau-de","13":"pa_couleurducadran-perlmutt","14":"pa_detail-de-s-pierres-s-42-diamanten-0-126-ct-vs-si-top-wesselton","15":"pa_dimensions-o-19-5-mm","16":"pa_etancheite-30m-de","17":"pa_forme-runden","18":"pa_garantie-24monate","19":"pa_genre-frau","20":"pa_matierebraceletmontre-edelstahl","21":"pa_mouvement-quarzbatterie-de","22":"pa_swissmade-ja-de","23":"pa_typedemontre-uhrenmitdiamanten","24":"pa_verre-saphir-de","25":"sales-flash-overlay","26":"woocommerce-text-align-center","27":"woocommerce-image-align-center","28":"do-quantity-buttons","30":"first","31":"instock","32":"taxable","33":"shipping-taxable","34":"purchasable","35":"product-type-simple"},"acf":[],"_links":{"self":[{"href":"https:\/\/lediamant.ch\/de\/wp-json\/wp\/v2\/product\/211714","targetHints":{"allow":["GET"]}}],"collection":[{"href":"https:\/\/lediamant.ch\/de\/wp-json\/wp\/v2\/product"}],"about":[{"href":"https:\/\/lediamant.ch\/de\/wp-json\/wp\/v2\/types\/product"}],"wp:featuredmedia":[{"embeddable":true,"href":"https:\/\/lediamant.ch\/de\/wp-json\/wp\/v2\/media\/211697"}],"wp:attachment":[{"href":"https:\/\/lediamant.ch\/de\/wp-json\/wp\/v2\/media?parent=211714"}],"wp:term":[{"taxonomy":"brand","embeddable":true,"href":"https:\/\/lediamant.ch\/de\/wp-json\/wp\/v2\/brand?post=211714"},{"taxonomy":"product_brand","embeddable":true,"href":"https:\/\/lediamant.ch\/de\/wp-json\/wp\/v2\/product_brand?post=211714"},{"taxonomy":"product_cat","embeddable":true,"href":"https:\/\/lediamant.ch\/de\/wp-json\/wp\/v2\/product_cat?post=211714"},{"taxonomy":"product_tag","embeddable":true,"href":"https:\/\/lediamant.ch\/de\/wp-json\/wp\/v2\/product_tag?post=211714"}],"curies":[{"name":"wp","href":"https:\/\/api.w.org\/{rel}","templated":true}]}}