{"id":211732,"date":"2024-09-06T15:35:23","date_gmt":"2024-09-06T13:35:23","guid":{"rendered":"https:\/\/lediamant.ch\/?post_type=product&#038;p=211732"},"modified":"2024-09-06T15:35:47","modified_gmt":"2024-09-06T13:35:47","slug":"tissot-lovely-round-19-5mm","status":"publish","type":"product","link":"https:\/\/lediamant.ch\/de\/uhren\/211732-tissot-lovely-round-t1400096302600\/","title":{"rendered":"Tissot Lovely Round 19.5mm"},"content":{"rendered":"<p>Die Tissot Lovely ist eine Uhr von raffinierter Eleganz und zeitlosem Design.<br \/>\nAlle Tissot Lovely Uhren haben kratzfestes Saphirglas und werden von einem pr\u00e4zisen Swiss Made Quarzwerk angetrieben, so dass Sie Tag und Nacht mit der Zeit gehen k\u00f6nnen.<br \/>\nDieses Modell hat ein Geh\u00e4use aus 316L Edelstahl mit gelbgoldener PVD-Beschichtung und ein sonnenbeschienenes Zifferblatt in der gleichen Farbe.<br \/>\nEin Diamant bildet die Indizes bei 12, 3, 6 und 9 Uhr.<br \/>\nDar\u00fcber hinaus verf\u00fcgt die Uhr \u00fcber eine L\u00fcnette, die mit 42 zus\u00e4tzlichen Diamanten besetzt ist, die der Uhr einen funkelnden Glanz verleihen.<br \/>\nDas massive und flexible 316L-Edelstahlarmband, ebenfalls mit PVD-Beschichtung in Gelbgold, h\u00e4lt die Tissot Lovely elegant und sicher am Handgelenk.     <\/p>\n","protected":false},"excerpt":{"rendered":"<p>Die Tissot Lovely ist eine Uhr von raffinierter Eleganz und zeitlosem Design. Alle Tissot Lovely Uhren haben kratzfestes Saphirglas und werden von einem pr\u00e4zisen Swiss Made Quarzwerk angetrieben, so dass Sie Tag und Nacht mit der Zeit gehen k\u00f6nnen. Dieses Modell hat ein Geh\u00e4use aus 316L Edelstahl mit gelbgoldener PVD-Beschichtung und ein sonnenbeschienenes Zifferblatt in &#8230; <a title=\"Tissot Lovely Round 19.5mm\" class=\"read-more\" href=\"https:\/\/lediamant.ch\/de\/uhren\/211732-tissot-lovely-round-t1400096302600\/\" aria-label=\"Mehr Informationen \u00fcber Tissot Lovely Round 19.5mm\">Weiterlesen &#8230;<\/a><\/p>\n","protected":false},"featured_media":211717,"template":"","meta":{"_acf_changed":false,"_seopress_robots_primary_cat":"none","_seopress_titles_title":"","_seopress_titles_desc":"Entdecken Sie die Tissot Lovely Uhr: zeitloses Design, kratzfestes Saphirglas und ein Swiss Made Quarzwerk.\nGlanz und Eleganz f\u00fcr jeden Tag. ","_seopress_robots_index":""},"brand":[27087],"product_brand":[],"product_cat":[27297,27159,27423,27123],"product_tag":[],"class_list":{"0":"post-211732","1":"product","2":"type-product","3":"status-publish","4":"has-post-thumbnail","6":"brand-tissot-de","7":"product_cat-exklusiv-fur-damen","8":"product_cat-tissot-de","9":"product_cat-tissot-lovely","10":"product_cat-uhren","11":"pa_couleurduboitier-gelb-de","12":"pa_couleurdubracelet-gelb-de","13":"pa_couleurducadran-champagner","14":"pa_detail-de-s-pierres-s-42-diamanten-0-126-ct-vs-si-top-wesselton","15":"pa_dimensions-o-19-5-mm","16":"pa_etancheite-30m-de","17":"pa_forme-runden","18":"pa_garantie-24monate","19":"pa_genre-frau","20":"pa_matiere-gelbgoldpvd","21":"pa_matierebraceletmontre-edelstahl","22":"pa_mouvement-quarzbatterie-de","23":"pa_swissmade-ja-de","24":"pa_typedemontre-uhrenmitdiamanten","25":"sales-flash-overlay","26":"woocommerce-text-align-center","27":"woocommerce-image-align-center","28":"do-quantity-buttons","30":"first","31":"instock","32":"taxable","33":"shipping-taxable","34":"purchasable","35":"product-type-simple"},"acf":[],"_links":{"self":[{"href":"https:\/\/lediamant.ch\/de\/wp-json\/wp\/v2\/product\/211732","targetHints":{"allow":["GET"]}}],"collection":[{"href":"https:\/\/lediamant.ch\/de\/wp-json\/wp\/v2\/product"}],"about":[{"href":"https:\/\/lediamant.ch\/de\/wp-json\/wp\/v2\/types\/product"}],"wp:featuredmedia":[{"embeddable":true,"href":"https:\/\/lediamant.ch\/de\/wp-json\/wp\/v2\/media\/211717"}],"wp:attachment":[{"href":"https:\/\/lediamant.ch\/de\/wp-json\/wp\/v2\/media?parent=211732"}],"wp:term":[{"taxonomy":"brand","embeddable":true,"href":"https:\/\/lediamant.ch\/de\/wp-json\/wp\/v2\/brand?post=211732"},{"taxonomy":"product_brand","embeddable":true,"href":"https:\/\/lediamant.ch\/de\/wp-json\/wp\/v2\/product_brand?post=211732"},{"taxonomy":"product_cat","embeddable":true,"href":"https:\/\/lediamant.ch\/de\/wp-json\/wp\/v2\/product_cat?post=211732"},{"taxonomy":"product_tag","embeddable":true,"href":"https:\/\/lediamant.ch\/de\/wp-json\/wp\/v2\/product_tag?post=211732"}],"curies":[{"name":"wp","href":"https:\/\/api.w.org\/{rel}","templated":true}]}}