{"id":211768,"date":"2024-06-12T16:50:13","date_gmt":"2024-06-12T14:50:13","guid":{"rendered":"https:\/\/lediamant.ch\/?post_type=product&#038;p=211768"},"modified":"2024-06-12T17:13:56","modified_gmt":"2024-06-12T15:13:56","slug":"tissot-t-race-powermatic-80-40mm","status":"publish","type":"product","link":"https:\/\/lediamant.ch\/de\/uhren\/211768-tissot-t-race-powermatic-80-41mm-t1418071705100\/","title":{"rendered":"Tissot T-Race Powermatic 80 41mm"},"content":{"rendered":"<p>Motorr\u00e4der sind mehr als nur ein Transportmittel: Sie sind ein Lebensstil und Motorradfahrer k\u00f6nnen ihre Zugeh\u00f6rigkeit und Leidenschaft mit der T-Race-Kollektion demonstrieren. Der transparente Geh\u00e4useboden ist ein Fenster zum Herzen der Pr\u00e4zisionsuhrmacherei: Ausgestattet mit dem Powermatic 80 Uhrwerk mit Nivachron-Spiralfeder, definiert die T-Race Automatic neu, was man auf der Stra\u00dfe tun kann. Die L\u00fcnette und der Kronenschutz sind von der Bremsscheibe und dem Bremssattel inspiriert. Genie\u00dfen Sie ein Fahrerlebnis, das die Leidenschaft f\u00fcr den Motorsport und die Innovation harmonisch miteinander verbindet.<\/p>\n","protected":false},"excerpt":{"rendered":"<p>Motorr\u00e4der sind mehr als nur ein Transportmittel: Sie sind ein Lebensstil und Motorradfahrer k\u00f6nnen ihre Zugeh\u00f6rigkeit und Leidenschaft mit der T-Race-Kollektion demonstrieren. Der transparente Geh\u00e4useboden ist ein Fenster zum Herzen der Pr\u00e4zisionsuhrmacherei: Ausgestattet mit dem Powermatic 80 Uhrwerk mit Nivachron-Spiralfeder, definiert die T-Race Automatic neu, was man auf der Stra\u00dfe tun kann. Die L\u00fcnette und &#8230; <a title=\"Tissot T-Race Powermatic 80 41mm\" class=\"read-more\" href=\"https:\/\/lediamant.ch\/de\/uhren\/211768-tissot-t-race-powermatic-80-41mm-t1418071705100\/\" aria-label=\"Mehr Informationen \u00fcber Tissot T-Race Powermatic 80 41mm\">Weiterlesen &#8230;<\/a><\/p>\n","protected":false},"featured_media":211753,"template":"","meta":{"_acf_changed":false,"_seopress_robots_primary_cat":"none","_seopress_titles_title":"","_seopress_titles_desc":"Tauchen Sie mit der T-Race Automatic in die Welt der Motorradfahrer ein: ein Symbol f\u00fcr Leidenschaft und hohe Uhrmacherkunst. Stil, Innovation und Motorsport in einem.","_seopress_robots_index":""},"brand":[27087],"product_brand":[],"product_cat":[27159,27509,27123],"product_tag":[],"class_list":{"0":"post-211768","1":"product","2":"type-product","3":"status-publish","4":"has-post-thumbnail","6":"brand-tissot-de","7":"product_cat-tissot-de","8":"product_cat-tissot-t-race","9":"product_cat-uhren","10":"pa_couleurduboitier-grau-de","11":"pa_couleurducadran-schwarz","12":"pa_dimensions-41-mm","13":"pa_etancheite-100m-de","14":"pa_forme-runden","15":"pa_garantie-24monate","16":"pa_genre-mann","17":"pa_matierebraceletmontre-silikon","18":"pa_mouvement-automatik-de","19":"pa_option-boitier-transparenter-hintergrund","20":"pa_swissmade-ja-de","21":"pa_typedemontre-sportuhren","22":"pa_verre-saphir-de","23":"sales-flash-overlay","24":"woocommerce-text-align-center","25":"woocommerce-image-align-center","26":"do-quantity-buttons","28":"first","29":"instock","30":"taxable","31":"shipping-taxable","32":"purchasable","33":"product-type-simple"},"acf":[],"_links":{"self":[{"href":"https:\/\/lediamant.ch\/de\/wp-json\/wp\/v2\/product\/211768","targetHints":{"allow":["GET"]}}],"collection":[{"href":"https:\/\/lediamant.ch\/de\/wp-json\/wp\/v2\/product"}],"about":[{"href":"https:\/\/lediamant.ch\/de\/wp-json\/wp\/v2\/types\/product"}],"wp:featuredmedia":[{"embeddable":true,"href":"https:\/\/lediamant.ch\/de\/wp-json\/wp\/v2\/media\/211753"}],"wp:attachment":[{"href":"https:\/\/lediamant.ch\/de\/wp-json\/wp\/v2\/media?parent=211768"}],"wp:term":[{"taxonomy":"brand","embeddable":true,"href":"https:\/\/lediamant.ch\/de\/wp-json\/wp\/v2\/brand?post=211768"},{"taxonomy":"product_brand","embeddable":true,"href":"https:\/\/lediamant.ch\/de\/wp-json\/wp\/v2\/product_brand?post=211768"},{"taxonomy":"product_cat","embeddable":true,"href":"https:\/\/lediamant.ch\/de\/wp-json\/wp\/v2\/product_cat?post=211768"},{"taxonomy":"product_tag","embeddable":true,"href":"https:\/\/lediamant.ch\/de\/wp-json\/wp\/v2\/product_tag?post=211768"}],"curies":[{"name":"wp","href":"https:\/\/api.w.org\/{rel}","templated":true}]}}