{"id":211814,"date":"2024-06-21T18:09:32","date_gmt":"2024-06-21T16:09:32","guid":{"rendered":"https:\/\/lediamant.ch\/?post_type=product&#038;p=211814"},"modified":"2024-06-21T18:10:36","modified_gmt":"2024-06-21T16:10:36","slug":"tissot-pr-100-vuelta","status":"publish","type":"product","link":"https:\/\/lediamant.ch\/de\/uhren\/211814-tissot-pr-100-vuelta-t1504171105101\/","title":{"rendered":"Tissot PR 100 Vuelta"},"content":{"rendered":"<p>Das 40 mm Geh\u00e4use der Tissot PR 100 Vuelta Special Edition ist aus Edelstahl 316L gefertigt und ist langlebig und widerstandsf\u00e4hig. Das Zifferblatt in Asphaltschwarz spiegelt den Stra\u00dfenbelag wider. Das Design umfasst auch einen zentralen Sekundenzeiger mit dem emblematischen Rot der Vuelta in Form eines Fahrrads. Die schwarze Scheibe im Datumsfenster verleiht der Uhr einen Hauch von Eleganz und f\u00fcgt sich perfekt in die Gesamt\u00e4sthetik der Uhr ein.<\/p>\n<p>Das Herz der Tissot PR 100 Vuelta ist das Quarz-Chronographenwerk G10.212, das f\u00fcr Pr\u00e4zision und Robustheit steht. Dank der Super-LumiNova\u00ae-Beschichtung ist die Lesbarkeit auch bei schlechten Lichtverh\u00e4ltnissen gew\u00e4hrleistet. Der Boden dieses Modells ist mit dem offiziellen Vuelta-Logo graviert. Die Uhr ist auch wasserdicht bis zu einem Druck von 10 bar (100 m).<\/p>\n<p>Die Vielseitigkeit der Tissot PR 100 Vuelta wird durch ein dreireihiges, ebenso massives wie flexibles Armband aus Edelstahl 316L unterstrichen. Dank des Schnellwechselsystems kann er sehr einfach und ohne Werkzeug ausgetauscht werden. Ein zweites Armband dieser Art wird ebenfalls mit der Uhr geliefert: ein rot-schwarzes Armband, das aus einer Mischung aus Silikon und Leder besteht. Das Leder ist perforiert und erinnert so an den Lenker eines Rennrades.<\/p>\n","protected":false},"excerpt":{"rendered":"<p>Das 40 mm Geh\u00e4use der Tissot PR 100 Vuelta Special Edition ist aus Edelstahl 316L gefertigt und ist langlebig und widerstandsf\u00e4hig. Das Zifferblatt in Asphaltschwarz spiegelt den Stra\u00dfenbelag wider. Das Design umfasst auch einen zentralen Sekundenzeiger mit dem emblematischen Rot der Vuelta in Form eines Fahrrads. Die schwarze Scheibe im Datumsfenster verleiht der Uhr einen &#8230; <a title=\"Tissot PR 100 Vuelta\" class=\"read-more\" href=\"https:\/\/lediamant.ch\/de\/uhren\/211814-tissot-pr-100-vuelta-t1504171105101\/\" aria-label=\"Mehr Informationen \u00fcber Tissot PR 100 Vuelta\">Weiterlesen &#8230;<\/a><\/p>\n","protected":false},"featured_media":211793,"template":"","meta":{"_acf_changed":false,"_seopress_robots_primary_cat":"none","_seopress_titles_title":"","_seopress_titles_desc":"Entdecken Sie die Tissot PR 100 Vuelta, eine elegante Uhr mit schwarzem Zifferblatt, pr\u00e4zisem Quarzwerk und austauschbarem Armband. Perfekt f\u00fcr Radfahrer.","_seopress_robots_index":""},"brand":[27087],"product_brand":[],"product_cat":[27159,27513,27325,27123],"product_tag":[],"class_list":{"0":"post-211814","1":"product","2":"type-product","3":"status-publish","4":"has-post-thumbnail","6":"brand-tissot-de","7":"product_cat-tissot-de","8":"product_cat-tissot-pr100","9":"product_cat-tissot-spezialitaten","10":"product_cat-uhren","11":"pa_couleurduboitier-grau-de","12":"pa_couleurducadran-schwarz","13":"pa_dimensions-o-40-mm","14":"pa_etancheite-100m-de","15":"pa_forme-runden","16":"pa_garantie-24monate","17":"pa_genre-mann","18":"pa_matierebraceletmontre-edelstahl","19":"pa_mouvement-quarzbatterie-de","20":"pa_swissmade-ja-de","21":"pa_typedemontre-chronograph-de","22":"pa_typedemontre-sportuhren","23":"pa_verre-saphir-de","24":"sales-flash-overlay","25":"woocommerce-text-align-center","26":"woocommerce-image-align-center","27":"do-quantity-buttons","29":"first","30":"instock","31":"taxable","32":"shipping-taxable","33":"purchasable","34":"product-type-simple"},"acf":[],"_links":{"self":[{"href":"https:\/\/lediamant.ch\/de\/wp-json\/wp\/v2\/product\/211814","targetHints":{"allow":["GET"]}}],"collection":[{"href":"https:\/\/lediamant.ch\/de\/wp-json\/wp\/v2\/product"}],"about":[{"href":"https:\/\/lediamant.ch\/de\/wp-json\/wp\/v2\/types\/product"}],"wp:featuredmedia":[{"embeddable":true,"href":"https:\/\/lediamant.ch\/de\/wp-json\/wp\/v2\/media\/211793"}],"wp:attachment":[{"href":"https:\/\/lediamant.ch\/de\/wp-json\/wp\/v2\/media?parent=211814"}],"wp:term":[{"taxonomy":"brand","embeddable":true,"href":"https:\/\/lediamant.ch\/de\/wp-json\/wp\/v2\/brand?post=211814"},{"taxonomy":"product_brand","embeddable":true,"href":"https:\/\/lediamant.ch\/de\/wp-json\/wp\/v2\/product_brand?post=211814"},{"taxonomy":"product_cat","embeddable":true,"href":"https:\/\/lediamant.ch\/de\/wp-json\/wp\/v2\/product_cat?post=211814"},{"taxonomy":"product_tag","embeddable":true,"href":"https:\/\/lediamant.ch\/de\/wp-json\/wp\/v2\/product_tag?post=211814"}],"curies":[{"name":"wp","href":"https:\/\/api.w.org\/{rel}","templated":true}]}}