{"id":211856,"date":"2024-05-07T14:11:18","date_gmt":"2024-05-07T12:11:18","guid":{"rendered":"https:\/\/lediamant.ch\/?post_type=product&#038;p=211856"},"modified":"2024-05-07T14:30:21","modified_gmt":"2024-05-07T12:30:21","slug":"hamilton-jazzmaster-open-heart-automatisch-40-mm-5","status":"publish","type":"product","link":"https:\/\/lediamant.ch\/de\/uhren\/211856-hamilton-jazzmaster-open-heart-automatisch-40-mm-5-h32675170\/","title":{"rendered":"Hamilton Jazzmaster Open Heart Automatisch 40 mm"},"content":{"rendered":"<div class=\"product-info-links-wrapper\">\n<div class=\"product attribute description\">\n<div class=\"value\">Pr\u00e4zision ist das Schl\u00fcsselwort der Jazzmaster Open Heart 40 mm, die die subtile Sch\u00f6nheit ihres inneren Mechanismus durch ihr bordeauxrotes, rauchfarbenes, durchbrochenes Zifferblatt enth\u00fcllt. Angetrieben von einem H-10-S Automatikwerk mit 80 Stunden Gangreserve und einer Nivachron\u2122 Spiralfeder, ist die Jazzmaster Open Heart mit einem anspruchsvollen Edelstahlarmband ausgestattet, das die Liebe zum Detail und die st\u00e4ndige Weiterentwicklung der Hamilton Handwerkskunst widerspiegelt.<\/div>\n<\/div>\n<\/div>\n<div class=\"product-info-wrapper\">\n<div class=\"product-variations\">\n<div class=\"img-stamp \" data-index=\"2\"><\/div>\n<\/div>\n<\/div>\n","protected":false},"excerpt":{"rendered":"<p>Pr\u00e4zision ist das Schl\u00fcsselwort der Jazzmaster Open Heart 40 mm, die die subtile Sch\u00f6nheit ihres inneren Mechanismus durch ihr bordeauxrotes, rauchfarbenes, durchbrochenes Zifferblatt enth\u00fcllt. Angetrieben von einem H-10-S Automatikwerk mit 80 Stunden Gangreserve und einer Nivachron\u2122 Spiralfeder, ist die Jazzmaster Open Heart mit einem anspruchsvollen Edelstahlarmband ausgestattet, das die Liebe zum Detail und die st\u00e4ndige &#8230; <a title=\"Hamilton Jazzmaster Open Heart Automatisch 40 mm\" class=\"read-more\" href=\"https:\/\/lediamant.ch\/de\/uhren\/211856-hamilton-jazzmaster-open-heart-automatisch-40-mm-5-h32675170\/\" aria-label=\"Mehr Informationen \u00fcber Hamilton Jazzmaster Open Heart Automatisch 40 mm\">Weiterlesen &#8230;<\/a><\/p>\n","protected":false},"featured_media":211858,"template":"","meta":{"_acf_changed":false,"_seopress_robots_primary_cat":"27242","_seopress_titles_title":"%%post_title%%","_seopress_titles_desc":"%%post_excerpt%%","_seopress_robots_index":""},"brand":[27085],"product_brand":[],"product_cat":[27137,27181,27243,27123],"product_tag":[],"class_list":{"0":"post-211856","1":"product","2":"type-product","3":"status-publish","4":"has-post-thumbnail","6":"brand-hamilton-de","7":"product_cat-bracelet-ajustable-de","8":"product_cat-hamilton-de","9":"product_cat-jazzmaster-de","10":"product_cat-uhren","11":"pa_couleurdubracelet-grau-de","12":"pa_couleurducadran-rot","13":"pa_dimensions-o-40-mm","14":"pa_etancheite-50m-de","15":"pa_forme-runden","16":"pa_genre-mann","17":"pa_matiere-stahl","18":"pa_matierebraceletmontre-edelstahl","19":"pa_mouvement-automatik-de","20":"pa_option-boitier-transparenter-hintergrund","21":"pa_swissmade-ja-de","22":"pa_typedemontre-skelettuhren","23":"pa_verre-saphir-de","24":"sales-flash-overlay","25":"woocommerce-text-align-center","26":"woocommerce-image-align-center","27":"do-quantity-buttons","29":"first","30":"instock","31":"taxable","32":"shipping-taxable","33":"purchasable","34":"product-type-simple"},"acf":[],"_links":{"self":[{"href":"https:\/\/lediamant.ch\/de\/wp-json\/wp\/v2\/product\/211856","targetHints":{"allow":["GET"]}}],"collection":[{"href":"https:\/\/lediamant.ch\/de\/wp-json\/wp\/v2\/product"}],"about":[{"href":"https:\/\/lediamant.ch\/de\/wp-json\/wp\/v2\/types\/product"}],"wp:featuredmedia":[{"embeddable":true,"href":"https:\/\/lediamant.ch\/de\/wp-json\/wp\/v2\/media\/211858"}],"wp:attachment":[{"href":"https:\/\/lediamant.ch\/de\/wp-json\/wp\/v2\/media?parent=211856"}],"wp:term":[{"taxonomy":"brand","embeddable":true,"href":"https:\/\/lediamant.ch\/de\/wp-json\/wp\/v2\/brand?post=211856"},{"taxonomy":"product_brand","embeddable":true,"href":"https:\/\/lediamant.ch\/de\/wp-json\/wp\/v2\/product_brand?post=211856"},{"taxonomy":"product_cat","embeddable":true,"href":"https:\/\/lediamant.ch\/de\/wp-json\/wp\/v2\/product_cat?post=211856"},{"taxonomy":"product_tag","embeddable":true,"href":"https:\/\/lediamant.ch\/de\/wp-json\/wp\/v2\/product_tag?post=211856"}],"curies":[{"name":"wp","href":"https:\/\/api.w.org\/{rel}","templated":true}]}}