{"id":211884,"date":"2024-05-07T14:54:24","date_gmt":"2024-05-07T12:54:24","guid":{"rendered":"https:\/\/lediamant.ch\/?post_type=product&#038;p=211884"},"modified":"2024-05-07T15:02:43","modified_gmt":"2024-05-07T13:02:43","slug":"hamilton-jazzmaster-performer-auto-cadran-silber-34mm","status":"publish","type":"product","link":"https:\/\/lediamant.ch\/de\/uhren\/211884-hamilton-jazzmaster-performer-auto-cadran-silber-34mm-h36105150\/","title":{"rendered":"HAMILTON JAZZMASTER PERFORMER AUTO silbernes Zifferblatt 34mm"},"content":{"rendered":"<p>Die Jazzmaster Performer Uhren wurden f\u00fcr Liebhaber von Funktionalit\u00e4t und Stil entworfen und bieten eine ausgepr\u00e4gte sportlich-schicke \u00c4sthetik. Die Jazzmaster Performer Automatic wird von einem H-10 Automatikwerk mit einer Gangreserve von 80 Stunden angetrieben. Sie hat ein 34 mm Edelstahlgeh\u00e4use mit einem modernen silbernen Zifferblatt, Nickelindexen und einem raffinierten Edelstahlarmband.<\/p>\n","protected":false},"excerpt":{"rendered":"<p>Die Jazzmaster Performer Uhren wurden f\u00fcr Liebhaber von Funktionalit\u00e4t und Stil entworfen und bieten eine ausgepr\u00e4gte sportlich-schicke \u00c4sthetik. Die Jazzmaster Performer Automatic wird von einem H-10 Automatikwerk mit einer Gangreserve von 80 Stunden angetrieben. Sie hat ein 34 mm Edelstahlgeh\u00e4use mit einem modernen silbernen Zifferblatt, Nickelindexen und einem raffinierten Edelstahlarmband.<\/p>\n","protected":false},"featured_media":211886,"template":"","meta":{"_acf_changed":false,"_seopress_robots_primary_cat":"27242","_seopress_titles_title":"%%post_title%%","_seopress_titles_desc":"","_seopress_robots_index":""},"brand":[27085],"product_brand":[],"product_cat":[27137,27181,27243,27123],"product_tag":[],"class_list":{"0":"post-211884","1":"product","2":"type-product","3":"status-publish","4":"has-post-thumbnail","6":"brand-hamilton-de","7":"product_cat-bracelet-ajustable-de","8":"product_cat-hamilton-de","9":"product_cat-jazzmaster-de","10":"product_cat-uhren","11":"pa_couleurduboitier-grau-de","12":"pa_couleurducadran-silber","13":"pa_etancheite-100m-de","14":"pa_forme-runden","15":"pa_genre-frau","16":"pa_matiere-stahl","17":"pa_matierebraceletmontre-edelstahl","18":"pa_mouvement-automatik-de","19":"pa_option-boitier-transparenter-hintergrund","20":"pa_swissmade-ja-de","21":"pa_verre-saphir-de","22":"sales-flash-overlay","23":"woocommerce-text-align-center","24":"woocommerce-image-align-center","25":"do-quantity-buttons","27":"first","28":"instock","29":"taxable","30":"shipping-taxable","31":"purchasable","32":"product-type-simple"},"acf":[],"_links":{"self":[{"href":"https:\/\/lediamant.ch\/de\/wp-json\/wp\/v2\/product\/211884","targetHints":{"allow":["GET"]}}],"collection":[{"href":"https:\/\/lediamant.ch\/de\/wp-json\/wp\/v2\/product"}],"about":[{"href":"https:\/\/lediamant.ch\/de\/wp-json\/wp\/v2\/types\/product"}],"wp:featuredmedia":[{"embeddable":true,"href":"https:\/\/lediamant.ch\/de\/wp-json\/wp\/v2\/media\/211886"}],"wp:attachment":[{"href":"https:\/\/lediamant.ch\/de\/wp-json\/wp\/v2\/media?parent=211884"}],"wp:term":[{"taxonomy":"brand","embeddable":true,"href":"https:\/\/lediamant.ch\/de\/wp-json\/wp\/v2\/brand?post=211884"},{"taxonomy":"product_brand","embeddable":true,"href":"https:\/\/lediamant.ch\/de\/wp-json\/wp\/v2\/product_brand?post=211884"},{"taxonomy":"product_cat","embeddable":true,"href":"https:\/\/lediamant.ch\/de\/wp-json\/wp\/v2\/product_cat?post=211884"},{"taxonomy":"product_tag","embeddable":true,"href":"https:\/\/lediamant.ch\/de\/wp-json\/wp\/v2\/product_tag?post=211884"}],"curies":[{"name":"wp","href":"https:\/\/api.w.org\/{rel}","templated":true}]}}