{"id":211926,"date":"2024-05-07T15:45:41","date_gmt":"2024-05-07T13:45:41","guid":{"rendered":"https:\/\/lediamant.ch\/?post_type=product&#038;p=211926"},"modified":"2024-11-02T16:27:45","modified_gmt":"2024-11-02T15:27:45","slug":"hamilton-jazzmaster-performer-auto-zifferblatt-blau-34-mm","status":"publish","type":"product","link":"https:\/\/lediamant.ch\/de\/uhren\/211926-hamilton-jazzmaster-performer-auto-zifferblatt-blau-34-mm-h36115140\/","title":{"rendered":"HAMILTON JAZZMASTER PERFORMER AUTO 34 mm"},"content":{"rendered":"<p>Die Jazzmaster Performer Uhren wurden f\u00fcr Liebhaber von Funktionalit\u00e4t und Stil entworfen und bieten eine ausgepr\u00e4gte sportlich-schicke \u00c4sthetik. Die Jazzmaster Performer Automatic wird von einem H-10 Automatikwerk mit einer Gangreserve von 80 Stunden angetrieben. Sie hat ein 34 mm Edelstahlgeh\u00e4use mit einem blauen Zifferblatt, Nickelindexen und einem raffinierten Edelstahlarmband.<\/p>\n","protected":false},"excerpt":{"rendered":"<p>Die Jazzmaster Performer Uhren wurden f\u00fcr Liebhaber von Funktionalit\u00e4t und Stil entworfen und bieten eine ausgepr\u00e4gte sportlich-schicke \u00c4sthetik. Die Jazzmaster Performer Automatic wird von einem H-10 Automatikwerk mit einer Gangreserve von 80 Stunden angetrieben. Sie hat ein 34 mm Edelstahlgeh\u00e4use mit einem blauen Zifferblatt, Nickelindexen und einem raffinierten Edelstahlarmband.<\/p>\n","protected":false},"featured_media":211928,"template":"","meta":{"_acf_changed":false,"_seopress_robots_primary_cat":"27243","_seopress_titles_title":"%%post_title%%","_seopress_titles_desc":"%%post_excerpt%%","_seopress_robots_index":""},"brand":[27085],"product_brand":[],"product_cat":[27181,27243,27123],"product_tag":[],"class_list":{"0":"post-211926","1":"product","2":"type-product","3":"status-publish","4":"has-post-thumbnail","6":"brand-hamilton-de","7":"product_cat-hamilton-de","8":"product_cat-jazzmaster-de","9":"product_cat-uhren","10":"pa_couleurduboitier-grau-de","11":"pa_couleurdubracelet-grau-de","12":"pa_couleurducadran-blau","13":"pa_etancheite-100m-de","14":"pa_forme-runden","15":"pa_genre-frau","16":"pa_matiere-stahl","17":"pa_matierebraceletmontre-edelstahl","18":"pa_mouvement-automatik-de","19":"pa_swissmade-ja-de","20":"sales-flash-overlay","21":"woocommerce-text-align-center","22":"woocommerce-image-align-center","23":"do-quantity-buttons","25":"first","26":"instock","27":"taxable","28":"shipping-taxable","29":"purchasable","30":"product-type-simple"},"acf":[],"_links":{"self":[{"href":"https:\/\/lediamant.ch\/de\/wp-json\/wp\/v2\/product\/211926","targetHints":{"allow":["GET"]}}],"collection":[{"href":"https:\/\/lediamant.ch\/de\/wp-json\/wp\/v2\/product"}],"about":[{"href":"https:\/\/lediamant.ch\/de\/wp-json\/wp\/v2\/types\/product"}],"wp:featuredmedia":[{"embeddable":true,"href":"https:\/\/lediamant.ch\/de\/wp-json\/wp\/v2\/media\/211928"}],"wp:attachment":[{"href":"https:\/\/lediamant.ch\/de\/wp-json\/wp\/v2\/media?parent=211926"}],"wp:term":[{"taxonomy":"brand","embeddable":true,"href":"https:\/\/lediamant.ch\/de\/wp-json\/wp\/v2\/brand?post=211926"},{"taxonomy":"product_brand","embeddable":true,"href":"https:\/\/lediamant.ch\/de\/wp-json\/wp\/v2\/product_brand?post=211926"},{"taxonomy":"product_cat","embeddable":true,"href":"https:\/\/lediamant.ch\/de\/wp-json\/wp\/v2\/product_cat?post=211926"},{"taxonomy":"product_tag","embeddable":true,"href":"https:\/\/lediamant.ch\/de\/wp-json\/wp\/v2\/product_tag?post=211926"}],"curies":[{"name":"wp","href":"https:\/\/api.w.org\/{rel}","templated":true}]}}