{"id":211938,"date":"2024-05-07T16:07:33","date_gmt":"2024-05-07T14:07:33","guid":{"rendered":"https:\/\/lediamant.ch\/?post_type=product&#038;p=211938"},"modified":"2024-05-07T16:58:28","modified_gmt":"2024-05-07T14:58:28","slug":"hamilton-shaped-ventura-xxl-bright-dune-limited-edition","status":"publish","type":"product","link":"https:\/\/lediamant.ch\/de\/uhren\/211938-hamilton-shaped-ventura-xxl-bright-dune-limited-edition-h24614330\/","title":{"rendered":"Hamilton Shaped Ventura XXL Bright DUNE Limited Edition"},"content":{"rendered":"<p>Der Ventura XXL Bright Dune in limitierter Auflage wurde von dem Accessoire inspiriert, das Hamilton f\u00fcr den Film Dune, Teil 2 entworfen hat. Er repr\u00e4sentiert perfekt die Vision des Regisseurs Denis Villeneuve f\u00fcr das n\u00e4chste Kapitel dieses epischen Filmerlebnisses. Das elegante, leuchtend blaue Zifferblatt verweist auf die typischen blauen Augen der Fremen. Ein Knopf auf der linken Seite des Geh\u00e4uses der Ventura XXL Bright aktiviert die blau leuchtenden Linien, die dem Design des Zifferblatts der Desert Watch nachempfunden sind. Diese M\u00fcnze in limitierter Auflage ist in einer dekorativen, vom Spielfilm inspirierten Schachtel verpackt, die sich Fans der Filme und B\u00fccher sowie Sammler nicht entgehen lassen wollen!<\/p>\n<p><strong>Inspiriert von Dune: Teil Zwei (2024)<\/strong><\/p>\n","protected":false},"excerpt":{"rendered":"<p>Der Ventura XXL Bright Dune in limitierter Auflage wurde von dem Accessoire inspiriert, das Hamilton f\u00fcr den Film Dune, Teil 2 entworfen hat. Er repr\u00e4sentiert perfekt die Vision des Regisseurs Denis Villeneuve f\u00fcr das n\u00e4chste Kapitel dieses epischen Filmerlebnisses. Das elegante, leuchtend blaue Zifferblatt verweist auf die typischen blauen Augen der Fremen. Ein Knopf auf &#8230; <a title=\"Hamilton Shaped Ventura XXL Bright DUNE Limited Edition\" class=\"read-more\" href=\"https:\/\/lediamant.ch\/de\/uhren\/211938-hamilton-shaped-ventura-xxl-bright-dune-limited-edition-h24614330\/\" aria-label=\"Mehr Informationen \u00fcber Hamilton Shaped Ventura XXL Bright DUNE Limited Edition\">Weiterlesen &#8230;<\/a><\/p>\n","protected":false},"featured_media":211940,"template":"","meta":{"_acf_changed":false,"_seopress_robots_primary_cat":"27322","_seopress_titles_title":"","_seopress_titles_desc":"","_seopress_robots_index":""},"brand":[27085],"product_brand":[],"product_cat":[27123,27181,27323],"product_tag":[],"class_list":{"0":"post-211938","1":"product","2":"type-product","3":"status-publish","4":"has-post-thumbnail","6":"brand-hamilton-de","7":"product_cat-uhren","8":"product_cat-hamilton-de","9":"product_cat-ventura-de","10":"pa_couleurdubracelet-schwarz-de","11":"pa_couleurducadran-schwarz","12":"pa_dimensions-52-0-x-47-6mm-de","13":"pa_etancheite-50m-de","14":"pa_forme-dreieck-de","15":"pa_genre-mann","16":"pa_limitededition-3000-exemplare-weltweit","17":"pa_matiere-schwarzespvd","18":"pa_matierebraceletmontre-kautschuk","19":"pa_mouvement-quarzbatterie-de","20":"pa_verre-saphir-de","21":"sales-flash-overlay","22":"woocommerce-text-align-center","23":"woocommerce-image-align-center","24":"do-quantity-buttons","26":"first","27":"instock","28":"taxable","29":"shipping-taxable","30":"purchasable","31":"product-type-simple"},"acf":[],"_links":{"self":[{"href":"https:\/\/lediamant.ch\/de\/wp-json\/wp\/v2\/product\/211938","targetHints":{"allow":["GET"]}}],"collection":[{"href":"https:\/\/lediamant.ch\/de\/wp-json\/wp\/v2\/product"}],"about":[{"href":"https:\/\/lediamant.ch\/de\/wp-json\/wp\/v2\/types\/product"}],"wp:featuredmedia":[{"embeddable":true,"href":"https:\/\/lediamant.ch\/de\/wp-json\/wp\/v2\/media\/211940"}],"wp:attachment":[{"href":"https:\/\/lediamant.ch\/de\/wp-json\/wp\/v2\/media?parent=211938"}],"wp:term":[{"taxonomy":"brand","embeddable":true,"href":"https:\/\/lediamant.ch\/de\/wp-json\/wp\/v2\/brand?post=211938"},{"taxonomy":"product_brand","embeddable":true,"href":"https:\/\/lediamant.ch\/de\/wp-json\/wp\/v2\/product_brand?post=211938"},{"taxonomy":"product_cat","embeddable":true,"href":"https:\/\/lediamant.ch\/de\/wp-json\/wp\/v2\/product_cat?post=211938"},{"taxonomy":"product_tag","embeddable":true,"href":"https:\/\/lediamant.ch\/de\/wp-json\/wp\/v2\/product_tag?post=211938"}],"curies":[{"name":"wp","href":"https:\/\/api.w.org\/{rel}","templated":true}]}}