{"id":211994,"date":"2024-05-07T17:23:30","date_gmt":"2024-05-07T15:23:30","guid":{"rendered":"https:\/\/lediamant.ch\/?post_type=product&#038;p=211994"},"modified":"2024-11-02T16:10:12","modified_gmt":"2024-11-02T15:10:12","slug":"hamilton-kakhi-field-expedition-auto-weiss-37mm","status":"publish","type":"product","link":"https:\/\/lediamant.ch\/de\/uhren\/211994-hamilton-kakhi-field-expedition-auto-weiss-37mm-h70225910\/","title":{"rendered":"Hamilton Kakhi Field Expedition Auto 37mm"},"content":{"rendered":"<p>Mit der Khaki Field Expedition und ihrem neuen NATO-Armband k\u00f6nnen Sie sich ganz einfach f\u00fcr die freie Natur ausr\u00fcsten. Diese Offroad-Abenteueruhr mit einer Kompassl\u00fcnette wird Ihnen bei Ihrem n\u00e4chsten Ausflug den Weg mit Hilfe der Sonne weisen. Neben einem 37 mm Edelstahlgeh\u00e4use und einem gr\u00fcnen NATO-Stoffarmband verf\u00fcgt sie \u00fcber eine verschraubte Krone und ein wei\u00dfes sandgestrahltes Zifferblatt f\u00fcr optimale Robustheit.<\/p>\n","protected":false},"excerpt":{"rendered":"<p>Mit der Khaki Field Expedition und ihrem neuen NATO-Armband k\u00f6nnen Sie sich ganz einfach f\u00fcr die freie Natur ausr\u00fcsten. Diese Offroad-Abenteueruhr mit einer Kompassl\u00fcnette wird Ihnen bei Ihrem n\u00e4chsten Ausflug den Weg mit Hilfe der Sonne weisen. Neben einem 37 mm Edelstahlgeh\u00e4use und einem gr\u00fcnen NATO-Stoffarmband verf\u00fcgt sie \u00fcber eine verschraubte Krone und ein wei\u00dfes &#8230; <a title=\"Hamilton Kakhi Field Expedition Auto 37mm\" class=\"read-more\" href=\"https:\/\/lediamant.ch\/de\/uhren\/211994-hamilton-kakhi-field-expedition-auto-weiss-37mm-h70225910\/\" aria-label=\"Mehr Informationen \u00fcber Hamilton Kakhi Field Expedition Auto 37mm\">Weiterlesen &#8230;<\/a><\/p>\n","protected":false},"featured_media":211996,"template":"","meta":{"_acf_changed":false,"_seopress_robots_primary_cat":"27291","_seopress_titles_title":"","_seopress_titles_desc":"","_seopress_robots_index":""},"brand":[27085],"product_brand":[],"product_cat":[27181,27291,27123],"product_tag":[],"class_list":{"0":"post-211994","1":"product","2":"type-product","3":"status-publish","4":"has-post-thumbnail","6":"brand-hamilton-de","7":"product_cat-hamilton-de","8":"product_cat-khaki-field-de","9":"product_cat-uhren","10":"pa_couleurduboitier-grau-de","11":"pa_couleurdubracelet-grun-de","12":"pa_couleurducadran-weiss","13":"pa_etancheite-100m-de","14":"pa_forme-runden","15":"pa_genre-mann","16":"pa_matiere-stahl","17":"pa_matierebraceletmontre-nato-de","18":"pa_mouvement-automatik-de","19":"pa_swissmade-ja-de","20":"pa_verre-saphir-de","21":"sales-flash-overlay","22":"woocommerce-text-align-center","23":"woocommerce-image-align-center","24":"do-quantity-buttons","26":"first","27":"instock","28":"taxable","29":"shipping-taxable","30":"purchasable","31":"product-type-simple"},"acf":[],"_links":{"self":[{"href":"https:\/\/lediamant.ch\/de\/wp-json\/wp\/v2\/product\/211994","targetHints":{"allow":["GET"]}}],"collection":[{"href":"https:\/\/lediamant.ch\/de\/wp-json\/wp\/v2\/product"}],"about":[{"href":"https:\/\/lediamant.ch\/de\/wp-json\/wp\/v2\/types\/product"}],"wp:featuredmedia":[{"embeddable":true,"href":"https:\/\/lediamant.ch\/de\/wp-json\/wp\/v2\/media\/211996"}],"wp:attachment":[{"href":"https:\/\/lediamant.ch\/de\/wp-json\/wp\/v2\/media?parent=211994"}],"wp:term":[{"taxonomy":"brand","embeddable":true,"href":"https:\/\/lediamant.ch\/de\/wp-json\/wp\/v2\/brand?post=211994"},{"taxonomy":"product_brand","embeddable":true,"href":"https:\/\/lediamant.ch\/de\/wp-json\/wp\/v2\/product_brand?post=211994"},{"taxonomy":"product_cat","embeddable":true,"href":"https:\/\/lediamant.ch\/de\/wp-json\/wp\/v2\/product_cat?post=211994"},{"taxonomy":"product_tag","embeddable":true,"href":"https:\/\/lediamant.ch\/de\/wp-json\/wp\/v2\/product_tag?post=211994"}],"curies":[{"name":"wp","href":"https:\/\/api.w.org\/{rel}","templated":true}]}}