{"id":212008,"date":"2024-05-07T17:37:03","date_gmt":"2024-05-07T15:37:03","guid":{"rendered":"https:\/\/lediamant.ch\/?post_type=product&#038;p=212008"},"modified":"2024-11-02T16:09:09","modified_gmt":"2024-11-02T15:09:09","slug":"hamilton-khaki-field-expedition-auto-schwarz-37mm","status":"publish","type":"product","link":"https:\/\/lediamant.ch\/de\/uhren\/212008-hamilton-khaki-field-expedition-auto-schwarz-37mm-h70225931\/","title":{"rendered":"Hamilton Khaki Field Expedition Auto 37mm"},"content":{"rendered":"<p>Mit der Khaki Field Expedition und ihrem neuen NATO-Armband k\u00f6nnen Sie sich ganz einfach f\u00fcr die freie Natur ausr\u00fcsten. Diese Offroad-Abenteueruhr mit einer Kompassl\u00fcnette wird Ihnen bei Ihrem n\u00e4chsten Ausflug den Weg mit Hilfe der Sonne weisen. Neben einem 37 mm Edelstahlgeh\u00e4use und einem gr\u00fcnen NATO-Stoffarmband verf\u00fcgt sie \u00fcber eine verschraubte Krone und ein schwarzes Zifferblatt f\u00fcr optimale Robustheit.<\/p>\n","protected":false},"excerpt":{"rendered":"<p>Mit der Khaki Field Expedition und ihrem neuen NATO-Armband k\u00f6nnen Sie sich ganz einfach f\u00fcr die freie Natur ausr\u00fcsten. Diese Offroad-Abenteueruhr mit einer Kompassl\u00fcnette wird Ihnen bei Ihrem n\u00e4chsten Ausflug den Weg mit Hilfe der Sonne weisen. Neben einem 37 mm Edelstahlgeh\u00e4use und einem gr\u00fcnen NATO-Stoffarmband verf\u00fcgt sie \u00fcber eine verschraubte Krone und ein schwarzes &#8230; <a title=\"Hamilton Khaki Field Expedition Auto 37mm\" class=\"read-more\" href=\"https:\/\/lediamant.ch\/de\/uhren\/212008-hamilton-khaki-field-expedition-auto-schwarz-37mm-h70225931\/\" aria-label=\"Mehr Informationen \u00fcber Hamilton Khaki Field Expedition Auto 37mm\">Weiterlesen &#8230;<\/a><\/p>\n","protected":false},"featured_media":212010,"template":"","meta":{"_acf_changed":false,"_seopress_robots_primary_cat":"27291","_seopress_titles_title":"%%post_title%%","_seopress_titles_desc":"%%post_excerpt%%","_seopress_robots_index":""},"brand":[27085],"product_brand":[],"product_cat":[27123,27181,27291],"product_tag":[],"class_list":{"0":"post-212008","1":"product","2":"type-product","3":"status-publish","4":"has-post-thumbnail","6":"brand-hamilton-de","7":"product_cat-uhren","8":"product_cat-hamilton-de","9":"product_cat-khaki-field-de","10":"pa_couleurduboitier-grau-de","11":"pa_couleurdubracelet-grun-de","12":"pa_couleurducadran-schwarz","13":"pa_etancheite-100m-de","14":"pa_forme-runden","15":"pa_genre-mann","16":"pa_matiere-stahl","17":"pa_matierebraceletmontre-nato-de","18":"pa_mouvement-automatik-de","19":"pa_swissmade-ja-de","20":"pa_verre-saphir-de","21":"sales-flash-overlay","22":"woocommerce-text-align-center","23":"woocommerce-image-align-center","24":"do-quantity-buttons","26":"first","27":"instock","28":"taxable","29":"shipping-taxable","30":"purchasable","31":"product-type-simple"},"acf":[],"_links":{"self":[{"href":"https:\/\/lediamant.ch\/de\/wp-json\/wp\/v2\/product\/212008","targetHints":{"allow":["GET"]}}],"collection":[{"href":"https:\/\/lediamant.ch\/de\/wp-json\/wp\/v2\/product"}],"about":[{"href":"https:\/\/lediamant.ch\/de\/wp-json\/wp\/v2\/types\/product"}],"wp:featuredmedia":[{"embeddable":true,"href":"https:\/\/lediamant.ch\/de\/wp-json\/wp\/v2\/media\/212010"}],"wp:attachment":[{"href":"https:\/\/lediamant.ch\/de\/wp-json\/wp\/v2\/media?parent=212008"}],"wp:term":[{"taxonomy":"brand","embeddable":true,"href":"https:\/\/lediamant.ch\/de\/wp-json\/wp\/v2\/brand?post=212008"},{"taxonomy":"product_brand","embeddable":true,"href":"https:\/\/lediamant.ch\/de\/wp-json\/wp\/v2\/product_brand?post=212008"},{"taxonomy":"product_cat","embeddable":true,"href":"https:\/\/lediamant.ch\/de\/wp-json\/wp\/v2\/product_cat?post=212008"},{"taxonomy":"product_tag","embeddable":true,"href":"https:\/\/lediamant.ch\/de\/wp-json\/wp\/v2\/product_tag?post=212008"}],"curies":[{"name":"wp","href":"https:\/\/api.w.org\/{rel}","templated":true}]}}