{"id":212036,"date":"2024-05-07T18:14:48","date_gmt":"2024-05-07T16:14:48","guid":{"rendered":"https:\/\/lediamant.ch\/?post_type=product&#038;p=212036"},"modified":"2024-11-02T16:06:54","modified_gmt":"2024-11-02T15:06:54","slug":"hamilton-jazzmaster-skeleton-lady-auto-orange-36mm","status":"publish","type":"product","link":"https:\/\/lediamant.ch\/de\/uhren\/212036-hamilton-jazzmaster-skeleton-lady-auto-orange-36mm-h32215100\/","title":{"rendered":"Hamilton Jazzmaster Skeleton Lady Auto 36mm"},"content":{"rendered":"<p>Pr\u00e4zision ist das Schl\u00fcsselwort der Jazzmaster Open Heart 36 mm, die die subtile Sch\u00f6nheit ihres inneren Mechanismus durch das sonnengebr\u00e4unte, apricotfarbene, durchbrochene Zifferblatt enth\u00fcllt. Angetrieben von einem H-10-S Automatikwerk mit 80 Stunden Gangreserve und einer Nivachron\u2122 Spiralfeder, ist die Jazzmaster Open Heart mit einem anspruchsvollen Edelstahlarmband ausgestattet, das die Liebe zum Detail und die st\u00e4ndige Weiterentwicklung der Hamilton Handwerkskunst widerspiegelt.<\/p>\n","protected":false},"excerpt":{"rendered":"<p>Pr\u00e4zision ist das Schl\u00fcsselwort der Jazzmaster Open Heart 36 mm, die die subtile Sch\u00f6nheit ihres inneren Mechanismus durch das sonnengebr\u00e4unte, apricotfarbene, durchbrochene Zifferblatt enth\u00fcllt. Angetrieben von einem H-10-S Automatikwerk mit 80 Stunden Gangreserve und einer Nivachron\u2122 Spiralfeder, ist die Jazzmaster Open Heart mit einem anspruchsvollen Edelstahlarmband ausgestattet, das die Liebe zum Detail und die st\u00e4ndige &#8230; <a title=\"Hamilton Jazzmaster Skeleton Lady Auto 36mm\" class=\"read-more\" href=\"https:\/\/lediamant.ch\/de\/uhren\/212036-hamilton-jazzmaster-skeleton-lady-auto-orange-36mm-h32215100\/\" aria-label=\"Mehr Informationen \u00fcber Hamilton Jazzmaster Skeleton Lady Auto 36mm\">Weiterlesen &#8230;<\/a><\/p>\n","protected":false},"featured_media":212038,"template":"","meta":{"_acf_changed":false,"_seopress_robots_primary_cat":"27243","_seopress_titles_title":"%%post_title%%","_seopress_titles_desc":"","_seopress_robots_index":""},"brand":[27085],"product_brand":[],"product_cat":[27137,27181,27243,27123],"product_tag":[],"class_list":{"0":"post-212036","1":"product","2":"type-product","3":"status-publish","4":"has-post-thumbnail","6":"brand-hamilton-de","7":"product_cat-bracelet-ajustable-de","8":"product_cat-hamilton-de","9":"product_cat-jazzmaster-de","10":"product_cat-uhren","11":"pa_couleurduboitier-grau-de","12":"pa_couleurducadran-orange-de","13":"pa_dimensions-o-36-mm","14":"pa_etancheite-50m-de","15":"pa_forme-runden","16":"pa_genre-frau","17":"pa_matiere-stahl","18":"pa_matierebraceletmontre-edelstahl","19":"pa_mouvement-automatik-de","20":"pa_swissmade-ja-de","21":"pa_typedemontre-skelettuhren","22":"sales-flash-overlay","23":"woocommerce-text-align-center","24":"woocommerce-image-align-center","25":"do-quantity-buttons","27":"first","28":"instock","29":"taxable","30":"shipping-taxable","31":"purchasable","32":"product-type-simple"},"acf":[],"_links":{"self":[{"href":"https:\/\/lediamant.ch\/de\/wp-json\/wp\/v2\/product\/212036","targetHints":{"allow":["GET"]}}],"collection":[{"href":"https:\/\/lediamant.ch\/de\/wp-json\/wp\/v2\/product"}],"about":[{"href":"https:\/\/lediamant.ch\/de\/wp-json\/wp\/v2\/types\/product"}],"wp:featuredmedia":[{"embeddable":true,"href":"https:\/\/lediamant.ch\/de\/wp-json\/wp\/v2\/media\/212038"}],"wp:attachment":[{"href":"https:\/\/lediamant.ch\/de\/wp-json\/wp\/v2\/media?parent=212036"}],"wp:term":[{"taxonomy":"brand","embeddable":true,"href":"https:\/\/lediamant.ch\/de\/wp-json\/wp\/v2\/brand?post=212036"},{"taxonomy":"product_brand","embeddable":true,"href":"https:\/\/lediamant.ch\/de\/wp-json\/wp\/v2\/product_brand?post=212036"},{"taxonomy":"product_cat","embeddable":true,"href":"https:\/\/lediamant.ch\/de\/wp-json\/wp\/v2\/product_cat?post=212036"},{"taxonomy":"product_tag","embeddable":true,"href":"https:\/\/lediamant.ch\/de\/wp-json\/wp\/v2\/product_tag?post=212036"}],"curies":[{"name":"wp","href":"https:\/\/api.w.org\/{rel}","templated":true}]}}