{"id":212082,"date":"2024-05-08T11:06:40","date_gmt":"2024-05-08T09:06:40","guid":{"rendered":"https:\/\/lediamant.ch\/?post_type=product&#038;p=212082"},"modified":"2024-11-05T18:31:26","modified_gmt":"2024-11-05T17:31:26","slug":"hamilton-khaki-field-expedition-auto-weiss-41mm","status":"publish","type":"product","link":"https:\/\/lediamant.ch\/de\/uhren\/212082-hamilton-khaki-field-expedition-auto-weiss-41mm-h70315910\/","title":{"rendered":"Hamilton Khaki Field Expedition Auto 41mm"},"content":{"rendered":"<p>R\u00fcsten Sie sich mit der Khaki Field Expedition und ihrem neuen NATO-Armband f\u00fcr die freie Natur. Diese einzigartige Abenteueruhr mit einer Kompassl\u00fcnette wird Ihnen helfen, Ihren Weg mit Hilfe der Sonne zu finden. Die Uhr ist in einem 41 mm Edelstahlgeh\u00e4use mit einem gr\u00fcnen Nato-Armband untergebracht und verf\u00fcgt \u00fcber eine verschraubte Krone, die das Uhrwerk vor allen Witterungsbedingungen sch\u00fctzt. Die Khaki Field Expedition ist eine robuste Uhr mit einem strukturierten wei\u00dfen Zifferblatt, das mit Super-Luminova\u00ae beschichtet ist, um eine optimale Lesbarkeit zu gew\u00e4hrleisten.<\/p>\n","protected":false},"excerpt":{"rendered":"<p>R\u00fcsten Sie sich mit der Khaki Field Expedition und ihrem neuen NATO-Armband f\u00fcr die freie Natur. Diese einzigartige Abenteueruhr mit einer Kompassl\u00fcnette wird Ihnen helfen, Ihren Weg mit Hilfe der Sonne zu finden. Die Uhr ist in einem 41 mm Edelstahlgeh\u00e4use mit einem gr\u00fcnen Nato-Armband untergebracht und verf\u00fcgt \u00fcber eine verschraubte Krone, die das Uhrwerk &#8230; <a title=\"Hamilton Khaki Field Expedition Auto 41mm\" class=\"read-more\" href=\"https:\/\/lediamant.ch\/de\/uhren\/212082-hamilton-khaki-field-expedition-auto-weiss-41mm-h70315910\/\" aria-label=\"Mehr Informationen \u00fcber Hamilton Khaki Field Expedition Auto 41mm\">Weiterlesen &#8230;<\/a><\/p>\n","protected":false},"featured_media":212084,"template":"","meta":{"_acf_changed":false,"_seopress_robots_primary_cat":"27291","_seopress_titles_title":"%%post_title%% %%sep%% %%sitetitle%%.ch","_seopress_titles_desc":"Entdecken Sie die Khaki Field Expedition mit NATO-Armband, Kompassl\u00fcnette und Super-Luminova\u00ae f\u00fcr optimale Sicht in der Wildnis.","_seopress_robots_index":""},"brand":[27085],"product_brand":[],"product_cat":[27181,27291,27123],"product_tag":[],"class_list":{"0":"post-212082","1":"product","2":"type-product","3":"status-publish","4":"has-post-thumbnail","6":"brand-hamilton-de","7":"product_cat-hamilton-de","8":"product_cat-khaki-field-de","9":"product_cat-uhren","10":"pa_couleurduboitier-grau-de","11":"pa_couleurdubracelet-grun-de","12":"pa_couleurducadran-weiss","13":"pa_etancheite-100m-de","14":"pa_forme-runden","15":"pa_genre-mann","16":"pa_matiere-stahl","17":"pa_matierebraceletmontre-nato-de","18":"pa_mouvement-automatik-de","19":"pa_swissmade-ja-de","20":"pa_verre-saphir-de","21":"sales-flash-overlay","22":"woocommerce-text-align-center","23":"woocommerce-image-align-center","24":"do-quantity-buttons","26":"first","27":"instock","28":"taxable","29":"shipping-taxable","30":"purchasable","31":"product-type-simple"},"acf":[],"_links":{"self":[{"href":"https:\/\/lediamant.ch\/de\/wp-json\/wp\/v2\/product\/212082","targetHints":{"allow":["GET"]}}],"collection":[{"href":"https:\/\/lediamant.ch\/de\/wp-json\/wp\/v2\/product"}],"about":[{"href":"https:\/\/lediamant.ch\/de\/wp-json\/wp\/v2\/types\/product"}],"wp:featuredmedia":[{"embeddable":true,"href":"https:\/\/lediamant.ch\/de\/wp-json\/wp\/v2\/media\/212084"}],"wp:attachment":[{"href":"https:\/\/lediamant.ch\/de\/wp-json\/wp\/v2\/media?parent=212082"}],"wp:term":[{"taxonomy":"brand","embeddable":true,"href":"https:\/\/lediamant.ch\/de\/wp-json\/wp\/v2\/brand?post=212082"},{"taxonomy":"product_brand","embeddable":true,"href":"https:\/\/lediamant.ch\/de\/wp-json\/wp\/v2\/product_brand?post=212082"},{"taxonomy":"product_cat","embeddable":true,"href":"https:\/\/lediamant.ch\/de\/wp-json\/wp\/v2\/product_cat?post=212082"},{"taxonomy":"product_tag","embeddable":true,"href":"https:\/\/lediamant.ch\/de\/wp-json\/wp\/v2\/product_tag?post=212082"}],"curies":[{"name":"wp","href":"https:\/\/api.w.org\/{rel}","templated":true}]}}