{"id":212364,"date":"2024-05-22T14:44:54","date_gmt":"2024-05-22T12:44:54","guid":{"rendered":"https:\/\/lediamant.ch\/?post_type=product&#038;p=212364"},"modified":"2024-11-02T16:00:07","modified_gmt":"2024-11-02T15:00:07","slug":"khaki-aviation-pilot-auto-air-glaciers-edition-42mm","status":"publish","type":"product","link":"https:\/\/lediamant.ch\/de\/uhren\/212364-khaki-aviation-pilot-auto-air-glaciers-edition-42mm-h64655941\/","title":{"rendered":"KHAKI AVIATION PILOT AUTO AIR-GLACIERS EDITION 42mm"},"content":{"rendered":"<p>Schweizer Pr\u00e4zision am Handgelenk von Piloten: Die Sonderedition der Hamilton Khaki Aviation Pilot Air-Glaciers feiert die Zusammenarbeit mit dem Schweizer Helikopter-Rettungsteam. Diese Uhr mit ihrem blauen Zifferblatt und dem 42 mm gro\u00dfen Titangeh\u00e4use hat einen einzigartig gestalteten Geh\u00e4useboden, in den das Logo von Air-Glaciers eingraviert ist. Mit dem charakteristischen H-30 Automatikwerk, einer Gangreserve von 80 Stunden und einem Armband mit Klettverschluss mit Nylonau\u00dfenseite und Lederfutter f\u00fcr maximale Individualit\u00e4t ist dieser Zeitmesser immer einsatzbereit. Die Uhr wird in einer exklusiven Pelican Ruck Case R40 Spezialbox und mit einem zus\u00e4tzlichen austauschbaren Armband aus braunem Wildleder geliefert.<\/p>\n","protected":false},"excerpt":{"rendered":"<p>Schweizer Pr\u00e4zision am Handgelenk von Piloten: Die Sonderedition der Hamilton Khaki Aviation Pilot Air-Glaciers feiert die Zusammenarbeit mit dem Schweizer Helikopter-Rettungsteam. Diese Uhr mit ihrem blauen Zifferblatt und dem 42 mm gro\u00dfen Titangeh\u00e4use hat einen einzigartig gestalteten Geh\u00e4useboden, in den das Logo von Air-Glaciers eingraviert ist. Mit dem charakteristischen H-30 Automatikwerk, einer Gangreserve von 80 &#8230; <a title=\"KHAKI AVIATION PILOT AUTO AIR-GLACIERS EDITION 42mm\" class=\"read-more\" href=\"https:\/\/lediamant.ch\/de\/uhren\/212364-khaki-aviation-pilot-auto-air-glaciers-edition-42mm-h64655941\/\" aria-label=\"Mehr Informationen \u00fcber KHAKI AVIATION PILOT AUTO AIR-GLACIERS EDITION 42mm\">Weiterlesen &#8230;<\/a><\/p>\n","protected":false},"featured_media":212366,"template":"","meta":{"_acf_changed":false,"_seopress_robots_primary_cat":"27269","_seopress_titles_title":"%%post_title%%","_seopress_titles_desc":"Entdecken Sie die Hamilton Khaki Aviation Pilot Air-Glaciers mit ihrem blauen Zifferblatt, Titangeh\u00e4use und Lederarmband. Schweizer Pr\u00e4zision f\u00fcr Piloten.","_seopress_robots_index":""},"brand":[27085],"product_brand":[],"product_cat":[27181,27269,27123],"product_tag":[],"class_list":{"0":"post-212364","1":"product","2":"type-product","3":"status-publish","4":"has-post-thumbnail","6":"brand-hamilton-de","7":"product_cat-hamilton-de","8":"product_cat-khaki-aviation-de","9":"product_cat-uhren","10":"pa_couleurduboitier-grau-de","11":"pa_couleurdubracelet-blau-de","12":"pa_couleurdubracelet-grau-de","13":"pa_couleurducadran-blau","14":"pa_dimensions-42-cm","15":"pa_etancheite-100m-de","16":"pa_forme-runden","17":"pa_garantie-24monate","18":"pa_genre-mann","19":"pa_matiere-titan","20":"pa_matierebraceletmontre-leder","21":"pa_matierebraceletmontre-textil-de","22":"pa_mouvement-automatik-de","23":"pa_option-boitier-transparenter-hintergrund","24":"pa_swissmade-ja-de","25":"pa_typedemontre-fliegeruhren","26":"pa_verre-saphir-de","27":"sales-flash-overlay","28":"woocommerce-text-align-center","29":"woocommerce-image-align-center","30":"do-quantity-buttons","32":"first","33":"instock","34":"taxable","35":"shipping-taxable","36":"purchasable","37":"product-type-simple"},"acf":[],"_links":{"self":[{"href":"https:\/\/lediamant.ch\/de\/wp-json\/wp\/v2\/product\/212364","targetHints":{"allow":["GET"]}}],"collection":[{"href":"https:\/\/lediamant.ch\/de\/wp-json\/wp\/v2\/product"}],"about":[{"href":"https:\/\/lediamant.ch\/de\/wp-json\/wp\/v2\/types\/product"}],"wp:featuredmedia":[{"embeddable":true,"href":"https:\/\/lediamant.ch\/de\/wp-json\/wp\/v2\/media\/212366"}],"wp:attachment":[{"href":"https:\/\/lediamant.ch\/de\/wp-json\/wp\/v2\/media?parent=212364"}],"wp:term":[{"taxonomy":"brand","embeddable":true,"href":"https:\/\/lediamant.ch\/de\/wp-json\/wp\/v2\/brand?post=212364"},{"taxonomy":"product_brand","embeddable":true,"href":"https:\/\/lediamant.ch\/de\/wp-json\/wp\/v2\/product_brand?post=212364"},{"taxonomy":"product_cat","embeddable":true,"href":"https:\/\/lediamant.ch\/de\/wp-json\/wp\/v2\/product_cat?post=212364"},{"taxonomy":"product_tag","embeddable":true,"href":"https:\/\/lediamant.ch\/de\/wp-json\/wp\/v2\/product_tag?post=212364"}],"curies":[{"name":"wp","href":"https:\/\/api.w.org\/{rel}","templated":true}]}}