{"id":212756,"date":"2024-07-31T14:46:48","date_gmt":"2024-07-31T12:46:48","guid":{"rendered":"https:\/\/lediamant.ch\/?post_type=product&#038;p=212756"},"modified":"2024-07-31T14:48:54","modified_gmt":"2024-07-31T12:48:54","slug":"tissot-heritage-1938-automatic-cosc-3","status":"publish","type":"product","link":"https:\/\/lediamant.ch\/de\/uhren\/212756-tissot-heritage-1938-automatic-cosc-t1424641603200\/","title":{"rendered":"TISSOT HERITAGE 1938 AUTOMATIC COSC"},"content":{"rendered":"<p>Die Tissot Heritage 1938 COSC ist von einem Modell der Tissot-Kollektion aus den 1930er Jahren inspiriert und spiegelt dessen einzigartigen Charme wider.<br \/>\nDas n\u00fcchterne, sandgestrahlte Zifferblatt mit arabischen Ziffern und dem historischen Markenlogo erinnern an das klare Design vergangener Zeiten.<br \/>\nDas 39 Millimeter gro\u00dfe Geh\u00e4use aus 316L-Edelstahl, kombiniert mit einem gew\u00f6lbten, extrem kratzfesten und entspiegelten Saphirglas, bietet einen robusten Schutz und ist wasserdicht bis zu einem Druck von 5 bar (50 m).<br \/>\nIm Inneren der Uhr schl\u00e4gt ein Automatikwerk 2824-2 der h\u00f6chsten Qualit\u00e4t, das von der Offiziellen Schweizerischen Chronometerkontrolle (COSC) zertifiziert wurde und eine konstante Ganggenauigkeit garantiert.<br \/>\nDiese Version der Tissot Heritage 1938 COSC hat ein silbernes Zifferblatt und wird im Set mit zwei Armb\u00e4ndern geliefert, die sowohl Komfort als auch Stil bieten: ein weiches, dunkelblaues Lederarmband mit Dornschlie\u00dfe und ein fein gearbeitetes, flexibles Milanaise-Armband aus Edelstahl 316L.<br \/>\nBeide Armb\u00e4nder sind mit einem Schnellwechselsystem ausgestattet, so dass sie einfach und ohne Werkzeug ausgetauscht werden k\u00f6nnen.<\/p>\n","protected":false},"excerpt":{"rendered":"<p>Die Tissot Heritage 1938 COSC ist von einem Modell der Tissot-Kollektion aus den 1930er Jahren inspiriert und spiegelt dessen einzigartigen Charme wider. Das n\u00fcchterne, sandgestrahlte Zifferblatt mit arabischen Ziffern und dem historischen Markenlogo erinnern an das klare Design vergangener Zeiten. Das 39 Millimeter gro\u00dfe Geh\u00e4use aus 316L-Edelstahl, kombiniert mit einem gew\u00f6lbten, extrem kratzfesten und entspiegelten &#8230; <a title=\"TISSOT HERITAGE 1938 AUTOMATIC COSC\" class=\"read-more\" href=\"https:\/\/lediamant.ch\/de\/uhren\/212756-tissot-heritage-1938-automatic-cosc-t1424641603200\/\" aria-label=\"Mehr Informationen \u00fcber TISSOT HERITAGE 1938 AUTOMATIC COSC\">Weiterlesen &#8230;<\/a><\/p>\n","protected":false},"featured_media":212735,"template":"","meta":{"_acf_changed":false,"_seopress_robots_primary_cat":"none","_seopress_titles_title":"","_seopress_titles_desc":"Tauchen Sie ein in die Eleganz der 1930er Jahre mit der Tissot Heritage 1938 COSC, die historisches Design mit moderner Technologie verbindet.\r\nF\u00fcr Liebhaber von Pr\u00e4zision.","_seopress_robots_index":""},"brand":[27087],"product_brand":[],"product_cat":[27159,27307,40570,27123],"product_tag":[],"class_list":{"0":"post-212756","1":"product","2":"type-product","3":"status-publish","4":"has-post-thumbnail","6":"brand-tissot-de","7":"product_cat-tissot-de","8":"product_cat-tissot-heritage","9":"product_cat-tissot-telemeter","10":"product_cat-uhren","11":"pa_couleurduboitier-grau-de","12":"pa_couleurdubracelet-blau-de","13":"pa_couleurducadran-silber","14":"pa_dimensions-o-39-mm","15":"pa_etancheite-50m-de","16":"pa_forme-runden","17":"pa_garantie-36-monate","18":"pa_genre-mann","19":"pa_matierebraceletmontre-edelstahl","20":"pa_matierebraceletmontre-leder","21":"pa_mouvement-automatik-de","22":"pa_option-boitier-transparenter-hintergrund","23":"pa_swissmade-ja-de","24":"pa_typedemontre-chronometer","25":"pa_verre-saphir-de","26":"sales-flash-overlay","27":"woocommerce-text-align-center","28":"woocommerce-image-align-center","29":"do-quantity-buttons","31":"first","32":"instock","33":"taxable","34":"shipping-taxable","35":"purchasable","36":"product-type-simple"},"acf":[],"_links":{"self":[{"href":"https:\/\/lediamant.ch\/de\/wp-json\/wp\/v2\/product\/212756","targetHints":{"allow":["GET"]}}],"collection":[{"href":"https:\/\/lediamant.ch\/de\/wp-json\/wp\/v2\/product"}],"about":[{"href":"https:\/\/lediamant.ch\/de\/wp-json\/wp\/v2\/types\/product"}],"wp:featuredmedia":[{"embeddable":true,"href":"https:\/\/lediamant.ch\/de\/wp-json\/wp\/v2\/media\/212735"}],"wp:attachment":[{"href":"https:\/\/lediamant.ch\/de\/wp-json\/wp\/v2\/media?parent=212756"}],"wp:term":[{"taxonomy":"brand","embeddable":true,"href":"https:\/\/lediamant.ch\/de\/wp-json\/wp\/v2\/brand?post=212756"},{"taxonomy":"product_brand","embeddable":true,"href":"https:\/\/lediamant.ch\/de\/wp-json\/wp\/v2\/product_brand?post=212756"},{"taxonomy":"product_cat","embeddable":true,"href":"https:\/\/lediamant.ch\/de\/wp-json\/wp\/v2\/product_cat?post=212756"},{"taxonomy":"product_tag","embeddable":true,"href":"https:\/\/lediamant.ch\/de\/wp-json\/wp\/v2\/product_tag?post=212756"}],"curies":[{"name":"wp","href":"https:\/\/api.w.org\/{rel}","templated":true}]}}