{"id":212851,"date":"2024-07-31T13:57:43","date_gmt":"2024-07-31T11:57:43","guid":{"rendered":"https:\/\/lediamant.ch\/?post_type=product&#038;p=212851"},"modified":"2024-07-31T13:58:29","modified_gmt":"2024-07-31T11:58:29","slug":"tissot-seastar-1000-quartz-gmt","status":"publish","type":"product","link":"https:\/\/lediamant.ch\/de\/uhren\/212851-tissot-seastar-1000-quartz-gmt-t1208521105100\/","title":{"rendered":"Tissot Seastar 1000 Quartz GMT"},"content":{"rendered":"<p>Dieses Modell vereint alle Elemente, die Sie von einer Sportuhr erwarten.<br \/>\nEine beeindruckende Wasserdichtigkeit bis zu einem Druck von 30 bar (300m) wird mit der Energie eines Swiss Made Quarzwerkes kombiniert.<br \/>\nDie SuperLumiNova \u00ae Leuchtbeschichtung auf den Zeigern und den Stundenmarkierungen sorgt f\u00fcr eine gute Ablesbarkeit im Dunkeln.<br \/>\nDie verschraubte Krone bietet zus\u00e4tzlichen Schutz vor St\u00f6\u00dfen.<br \/>\nUnser Tissot Schnellwechselsystem erm\u00f6glicht einen einfachen Austausch der Armb\u00e4nder, die der Besitzer aus einer breiten Palette von kompatiblen Tissot-Armb\u00e4ndern ausw\u00e4hlen kann.<br \/>\nSo ist es m\u00f6glich, die Seastar je nach Stimmung oder Anlass zu personalisieren.<\/p>\n","protected":false},"excerpt":{"rendered":"<p>Dieses Modell vereint alle Elemente, die Sie von einer Sportuhr erwarten. Eine beeindruckende Wasserdichtigkeit bis zu einem Druck von 30 bar (300m) wird mit der Energie eines Swiss Made Quarzwerkes kombiniert. Die SuperLumiNova \u00ae Leuchtbeschichtung auf den Zeigern und den Stundenmarkierungen sorgt f\u00fcr eine gute Ablesbarkeit im Dunkeln. Die verschraubte Krone bietet zus\u00e4tzlichen Schutz vor &#8230; <a title=\"Tissot Seastar 1000 Quartz GMT\" class=\"read-more\" href=\"https:\/\/lediamant.ch\/de\/uhren\/212851-tissot-seastar-1000-quartz-gmt-t1208521105100\/\" aria-label=\"Mehr Informationen \u00fcber Tissot Seastar 1000 Quartz GMT\">Weiterlesen &#8230;<\/a><\/p>\n","protected":false},"featured_media":212832,"template":"","meta":{"_acf_changed":false,"_seopress_robots_primary_cat":"none","_seopress_titles_title":"","_seopress_titles_desc":"Entdecken Sie die Tissot Seastar Uhr: 300m wasserdicht, Swiss Made Quarzwerk, SuperLumiNova \u00ae und austauschbare Armb\u00e4nder.\r\nPerfekt f\u00fcr jeden Anlass.","_seopress_robots_index":""},"brand":[27087],"product_brand":[],"product_cat":[27159,27441,27203,27123],"product_tag":[],"class_list":{"0":"post-212851","1":"product","2":"type-product","3":"status-publish","4":"has-post-thumbnail","6":"brand-tissot-de","7":"product_cat-tissot-de","8":"product_cat-tissot-seastar","9":"product_cat-tissot-sport","10":"product_cat-uhren","11":"pa_couleurduboitier-grau-de","12":"pa_couleurducadran-schwarz","13":"pa_dimensions-o-40-mm","14":"pa_etancheite-300m-de","15":"pa_forme-runden","16":"pa_garantie-24monate","17":"pa_genre-mann","18":"pa_matierebraceletmontre-edelstahl","19":"pa_mouvement-quarzbatterie-de","20":"pa_swissmade-ja-de","21":"pa_verre-saphir-de","22":"sales-flash-overlay","23":"woocommerce-text-align-center","24":"woocommerce-image-align-center","25":"do-quantity-buttons","27":"first","28":"instock","29":"taxable","30":"shipping-taxable","31":"purchasable","32":"product-type-simple"},"acf":[],"_links":{"self":[{"href":"https:\/\/lediamant.ch\/de\/wp-json\/wp\/v2\/product\/212851","targetHints":{"allow":["GET"]}}],"collection":[{"href":"https:\/\/lediamant.ch\/de\/wp-json\/wp\/v2\/product"}],"about":[{"href":"https:\/\/lediamant.ch\/de\/wp-json\/wp\/v2\/types\/product"}],"wp:featuredmedia":[{"embeddable":true,"href":"https:\/\/lediamant.ch\/de\/wp-json\/wp\/v2\/media\/212832"}],"wp:attachment":[{"href":"https:\/\/lediamant.ch\/de\/wp-json\/wp\/v2\/media?parent=212851"}],"wp:term":[{"taxonomy":"brand","embeddable":true,"href":"https:\/\/lediamant.ch\/de\/wp-json\/wp\/v2\/brand?post=212851"},{"taxonomy":"product_brand","embeddable":true,"href":"https:\/\/lediamant.ch\/de\/wp-json\/wp\/v2\/product_brand?post=212851"},{"taxonomy":"product_cat","embeddable":true,"href":"https:\/\/lediamant.ch\/de\/wp-json\/wp\/v2\/product_cat?post=212851"},{"taxonomy":"product_tag","embeddable":true,"href":"https:\/\/lediamant.ch\/de\/wp-json\/wp\/v2\/product_tag?post=212851"}],"curies":[{"name":"wp","href":"https:\/\/api.w.org\/{rel}","templated":true}]}}