{"id":212869,"date":"2024-07-31T14:17:38","date_gmt":"2024-07-31T12:17:38","guid":{"rendered":"https:\/\/lediamant.ch\/?post_type=product&#038;p=212869"},"modified":"2024-07-31T14:18:16","modified_gmt":"2024-07-31T12:18:16","slug":"tissot-seastar-1000-quartz-gmt-40mm","status":"publish","type":"product","link":"https:\/\/lediamant.ch\/de\/uhren\/212869-tissot-seastar-1000-quartz-gmt-t1208521705100\/","title":{"rendered":"Tissot Seastar 1000 Quartz GMT 40mm"},"content":{"rendered":"<p>Dieses Modell vereint alle Elemente, die Sie von einer Sportuhr erwarten. Eine beeindruckende Wasserdichtigkeit bis zu einem Druck von 30 bar (300m) wird mit der Energie eines Swiss Made Quarzwerkes kombiniert. Die SuperLumiNova \u00ae Leuchtbeschichtung auf den Zeigern und den Stundenmarkierungen sorgt f\u00fcr eine gute Ablesbarkeit im Dunkeln. Die verschraubte Krone bietet einen zus\u00e4tzlichen Schutz vor St\u00f6\u00dfen. Unser Tissot Schnellwechselsystem erm\u00f6glicht einen einfachen Austausch der Armb\u00e4nder, die der Besitzer aus einer breiten Palette von kompatiblen Tissot-Armb\u00e4ndern ausw\u00e4hlen kann. So k\u00f6nnen Sie den Seastar an Ihre Stimmung oder an den Anlass anpassen.<\/p>\n","protected":false},"excerpt":{"rendered":"<p>Dieses Modell vereint alle Elemente, die Sie von einer Sportuhr erwarten. Eine beeindruckende Wasserdichtigkeit bis zu einem Druck von 30 bar (300m) wird mit der Energie eines Swiss Made Quarzwerkes kombiniert. Die SuperLumiNova \u00ae Leuchtbeschichtung auf den Zeigern und den Stundenmarkierungen sorgt f\u00fcr eine gute Ablesbarkeit im Dunkeln. Die verschraubte Krone bietet einen zus\u00e4tzlichen Schutz &#8230; <a title=\"Tissot Seastar 1000 Quartz GMT 40mm\" class=\"read-more\" href=\"https:\/\/lediamant.ch\/de\/uhren\/212869-tissot-seastar-1000-quartz-gmt-t1208521705100\/\" aria-label=\"Mehr Informationen \u00fcber Tissot Seastar 1000 Quartz GMT 40mm\">Weiterlesen &#8230;<\/a><\/p>\n","protected":false},"featured_media":212854,"template":"","meta":{"_acf_changed":false,"_seopress_robots_primary_cat":"none","_seopress_titles_title":"","_seopress_titles_desc":"Entdecken Sie die Tissot Seastar Uhr: wasserdicht bis 300m, Swiss Made Quarzwerk, optimale Ablesbarkeit mit SuperLumiNova\u00ae.","_seopress_robots_index":""},"brand":[27087],"product_brand":[],"product_cat":[27159,27441,27203,27123],"product_tag":[],"class_list":{"0":"post-212869","1":"product","2":"type-product","3":"status-publish","4":"has-post-thumbnail","6":"brand-tissot-de","7":"product_cat-tissot-de","8":"product_cat-tissot-seastar","9":"product_cat-tissot-sport","10":"product_cat-uhren","11":"pa_couleurduboitier-grau-de","12":"pa_couleurdubracelet-schwarz-de","13":"pa_couleurducadran-schwarz","14":"pa_dimensions-o-40-mm","15":"pa_etancheite-300m-de","16":"pa_forme-runden","17":"pa_garantie-24monate","18":"pa_genre-mann","19":"pa_matierebraceletmontre-kautschuk","20":"pa_mouvement-quarzbatterie-de","21":"pa_swissmade-ja-de","22":"pa_verre-saphir-de","23":"sales-flash-overlay","24":"woocommerce-text-align-center","25":"woocommerce-image-align-center","26":"do-quantity-buttons","28":"first","29":"instock","30":"taxable","31":"shipping-taxable","32":"purchasable","33":"product-type-simple"},"acf":[],"_links":{"self":[{"href":"https:\/\/lediamant.ch\/de\/wp-json\/wp\/v2\/product\/212869","targetHints":{"allow":["GET"]}}],"collection":[{"href":"https:\/\/lediamant.ch\/de\/wp-json\/wp\/v2\/product"}],"about":[{"href":"https:\/\/lediamant.ch\/de\/wp-json\/wp\/v2\/types\/product"}],"wp:featuredmedia":[{"embeddable":true,"href":"https:\/\/lediamant.ch\/de\/wp-json\/wp\/v2\/media\/212854"}],"wp:attachment":[{"href":"https:\/\/lediamant.ch\/de\/wp-json\/wp\/v2\/media?parent=212869"}],"wp:term":[{"taxonomy":"brand","embeddable":true,"href":"https:\/\/lediamant.ch\/de\/wp-json\/wp\/v2\/brand?post=212869"},{"taxonomy":"product_brand","embeddable":true,"href":"https:\/\/lediamant.ch\/de\/wp-json\/wp\/v2\/product_brand?post=212869"},{"taxonomy":"product_cat","embeddable":true,"href":"https:\/\/lediamant.ch\/de\/wp-json\/wp\/v2\/product_cat?post=212869"},{"taxonomy":"product_tag","embeddable":true,"href":"https:\/\/lediamant.ch\/de\/wp-json\/wp\/v2\/product_tag?post=212869"}],"curies":[{"name":"wp","href":"https:\/\/api.w.org\/{rel}","templated":true}]}}