{"id":213226,"date":"2024-08-17T14:49:55","date_gmt":"2024-08-17T12:49:55","guid":{"rendered":"https:\/\/lediamant.ch\/?post_type=product&#038;p=213226"},"modified":"2024-08-17T14:54:28","modified_gmt":"2024-08-17T12:54:28","slug":"maurice-lacroix-eliros-chronograph-40mm-3","status":"publish","type":"product","link":"https:\/\/lediamant.ch\/de\/uhren\/213226-maurice-lacroix-eliros-chronograph-40mm-3-el1098-pvy01-110-2\/","title":{"rendered":"Maurice Lacroix ELIROS Chronograph 40mm"},"content":{"rendered":"<p>Der ELIROS ist ein elegantes Modell mit einem klaren Stil. Mit ihren klassischen Linien bietet die ELIROS-Kollektion einen zeitlosen Charme. Die Liebe zum Detail und die Qualit\u00e4t der Materialien, zusammen mit dem Ruf von Maurice Lacroix, einen hohen Wert zu bieten, machen diese Uhr zur idealen Wahl f\u00fcr anspruchsvolle Millennials.<\/p>\n","protected":false},"excerpt":{"rendered":"<p>Der ELIROS ist ein elegantes Modell mit einem klaren Stil. Mit ihren klassischen Linien bietet die ELIROS-Kollektion einen zeitlosen Charme. Die Liebe zum Detail und die Qualit\u00e4t der Materialien, zusammen mit dem Ruf von Maurice Lacroix, einen hohen Wert zu bieten, machen diese Uhr zur idealen Wahl f\u00fcr anspruchsvolle Millennials.<\/p>\n","protected":false},"featured_media":213228,"template":"","meta":{"_acf_changed":false,"_seopress_robots_primary_cat":"none","_seopress_titles_title":"","_seopress_titles_desc":"Entdecken Sie den ELIROS von Maurice Lacroix: schlichte Eleganz, liebevolle Details und au\u00dfergew\u00f6hnliche Qualit\u00e4t f\u00fcr einen klassischen und zeitlosen Charme.","_seopress_robots_index":""},"brand":[27103],"product_brand":[],"product_cat":[27293,27149,27123],"product_tag":[],"class_list":{"0":"post-213226","1":"product","2":"type-product","3":"status-publish","4":"has-post-thumbnail","6":"brand-mauricelacroix-de","7":"product_cat-eliros-de","8":"product_cat-maurice-lacroix-de","9":"product_cat-uhren","10":"pa_couleurduboitier-gelb-de","11":"pa_couleurdubracelet-schwarz-de","12":"pa_couleurducadran-weiss","13":"pa_etancheite-50m-de","14":"pa_forme-runden","15":"pa_genre-frau","16":"pa_genre-mann","17":"pa_matiere-gelbgoldpvd","18":"pa_matierebraceletmontre-leder","19":"pa_mouvement-quarzbatterie-de","20":"pa_swissmade-ja-de","21":"pa_typedemontre-chronograph-de","22":"sales-flash-overlay","23":"woocommerce-text-align-center","24":"woocommerce-image-align-center","25":"do-quantity-buttons","27":"first","28":"instock","29":"taxable","30":"shipping-taxable","31":"purchasable","32":"product-type-simple"},"acf":[],"_links":{"self":[{"href":"https:\/\/lediamant.ch\/de\/wp-json\/wp\/v2\/product\/213226","targetHints":{"allow":["GET"]}}],"collection":[{"href":"https:\/\/lediamant.ch\/de\/wp-json\/wp\/v2\/product"}],"about":[{"href":"https:\/\/lediamant.ch\/de\/wp-json\/wp\/v2\/types\/product"}],"wp:featuredmedia":[{"embeddable":true,"href":"https:\/\/lediamant.ch\/de\/wp-json\/wp\/v2\/media\/213228"}],"wp:attachment":[{"href":"https:\/\/lediamant.ch\/de\/wp-json\/wp\/v2\/media?parent=213226"}],"wp:term":[{"taxonomy":"brand","embeddable":true,"href":"https:\/\/lediamant.ch\/de\/wp-json\/wp\/v2\/brand?post=213226"},{"taxonomy":"product_brand","embeddable":true,"href":"https:\/\/lediamant.ch\/de\/wp-json\/wp\/v2\/product_brand?post=213226"},{"taxonomy":"product_cat","embeddable":true,"href":"https:\/\/lediamant.ch\/de\/wp-json\/wp\/v2\/product_cat?post=213226"},{"taxonomy":"product_tag","embeddable":true,"href":"https:\/\/lediamant.ch\/de\/wp-json\/wp\/v2\/product_tag?post=213226"}],"curies":[{"name":"wp","href":"https:\/\/api.w.org\/{rel}","templated":true}]}}