{"id":213350,"date":"2024-08-28T15:26:16","date_gmt":"2024-08-28T13:26:16","guid":{"rendered":"https:\/\/lediamant.ch\/?post_type=product&#038;p=213350"},"modified":"2024-11-05T18:27:58","modified_gmt":"2024-11-05T17:27:58","slug":"hamilton-khaki-field-quartz-33mm","status":"publish","type":"product","link":"https:\/\/lediamant.ch\/de\/uhren\/213350-hamilton-khaki-field-quartz-33mm-h69301910\/","title":{"rendered":"Hamilton Khaki Field Quartz 33mm"},"content":{"rendered":"<p>Die Khaki Field Quartz mit ihrem schlichten Design ist eine R\u00fcckkehr zummilit\u00e4rischen Erbe von Hamilton.<br \/>\nDas Zifferblatt zeigt eine klare Typographie mit geraden arabischen Ziffern und einer Eisenbahnminuterie.<br \/>\nDas Zifferblatt ist in schlichtem Wei\u00df gehalten und wird durch die mit Super-LumiNova\u00ae beschichteten Indizes in gealterter Radiumfarbe hervorgehoben.<br \/>\nDie Uhr ist mit einem gr\u00fcnen NATO-Stoffarmband und braunen Lederschlaufen ausgestattet und ist ideal f\u00fcr Ihre n\u00e4chsten Abenteuer im Feld.<\/p>\n","protected":false},"excerpt":{"rendered":"<p>Die Khaki Field Quartz mit ihrem schlichten Design ist eine R\u00fcckkehr zummilit\u00e4rischen Erbe von Hamilton. Das Zifferblatt zeigt eine klare Typographie mit geraden arabischen Ziffern und einer Eisenbahnminuterie. Das Zifferblatt ist in schlichtem Wei\u00df gehalten und wird durch die mit Super-LumiNova\u00ae beschichteten Indizes in gealterter Radiumfarbe hervorgehoben. Die Uhr ist mit einem gr\u00fcnen NATO-Stoffarmband und &#8230; <a title=\"Hamilton Khaki Field Quartz 33mm\" class=\"read-more\" href=\"https:\/\/lediamant.ch\/de\/uhren\/213350-hamilton-khaki-field-quartz-33mm-h69301910\/\" aria-label=\"Mehr Informationen \u00fcber Hamilton Khaki Field Quartz 33mm\">Weiterlesen &#8230;<\/a><\/p>\n","protected":false},"featured_media":213355,"template":"","meta":{"_acf_changed":false,"_seopress_robots_primary_cat":"27291","_seopress_titles_title":"","_seopress_titles_desc":"Die Khaki Field Quartz vereint schlichtes Design mit milit\u00e4rischem Erbe. Perfekt f\u00fcr Abenteuer mit leuchtenden Indizes und NATO-Armband.","_seopress_robots_index":""},"brand":[27085],"product_brand":[],"product_cat":[27123,27181,27291],"product_tag":[],"class_list":{"0":"post-213350","1":"product","2":"type-product","3":"status-publish","4":"has-post-thumbnail","6":"brand-hamilton-de","7":"product_cat-uhren","8":"product_cat-hamilton-de","9":"product_cat-khaki-field-de","10":"pa_couleurduboitier-grau-de","11":"pa_couleurdubracelet-grun-de","12":"pa_couleurducadran-weiss","13":"pa_dimensions-o-33-mm","14":"pa_etancheite-50m-de","15":"pa_forme-runden","16":"pa_matiere-stahl","17":"pa_matierebraceletmontre-nato-de","18":"pa_mouvement-quarzbatterie-de","19":"pa_swissmade-ja-de","20":"pa_verre-saphir-de","21":"sales-flash-overlay","22":"woocommerce-text-align-center","23":"woocommerce-image-align-center","24":"do-quantity-buttons","26":"first","27":"instock","28":"taxable","29":"shipping-taxable","30":"purchasable","31":"product-type-simple"},"acf":[],"_links":{"self":[{"href":"https:\/\/lediamant.ch\/de\/wp-json\/wp\/v2\/product\/213350","targetHints":{"allow":["GET"]}}],"collection":[{"href":"https:\/\/lediamant.ch\/de\/wp-json\/wp\/v2\/product"}],"about":[{"href":"https:\/\/lediamant.ch\/de\/wp-json\/wp\/v2\/types\/product"}],"wp:featuredmedia":[{"embeddable":true,"href":"https:\/\/lediamant.ch\/de\/wp-json\/wp\/v2\/media\/213355"}],"wp:attachment":[{"href":"https:\/\/lediamant.ch\/de\/wp-json\/wp\/v2\/media?parent=213350"}],"wp:term":[{"taxonomy":"brand","embeddable":true,"href":"https:\/\/lediamant.ch\/de\/wp-json\/wp\/v2\/brand?post=213350"},{"taxonomy":"product_brand","embeddable":true,"href":"https:\/\/lediamant.ch\/de\/wp-json\/wp\/v2\/product_brand?post=213350"},{"taxonomy":"product_cat","embeddable":true,"href":"https:\/\/lediamant.ch\/de\/wp-json\/wp\/v2\/product_cat?post=213350"},{"taxonomy":"product_tag","embeddable":true,"href":"https:\/\/lediamant.ch\/de\/wp-json\/wp\/v2\/product_tag?post=213350"}],"curies":[{"name":"wp","href":"https:\/\/api.w.org\/{rel}","templated":true}]}}