{"id":213367,"date":"2024-08-28T16:10:03","date_gmt":"2024-08-28T14:10:03","guid":{"rendered":"https:\/\/lediamant.ch\/?post_type=product&#038;p=213367"},"modified":"2024-11-02T15:57:45","modified_gmt":"2024-11-02T14:57:45","slug":"hamilton-khaki-field-quartz-33mm-2","status":"publish","type":"product","link":"https:\/\/lediamant.ch\/de\/uhren\/213367-hamilton-khaki-field-quartz-33mm-h69301930\/","title":{"rendered":"Hamilton Khaki Field Quartz 33mm"},"content":{"rendered":"<p>Die Khaki Field Quartz mit ihrem schlichten Design ist eine R\u00fcckkehr zummilit\u00e4rischen Erbe von Hamilton. Das Zifferblatt zeigt eine klare Typographie mit geraden arabischen Ziffern und einer Eisenbahnminuterie. Das schlichte schwarze Zifferblatt wird durch die mit Super-LumiNova\u00ae beschichteten Indizes in der Farbe von gealtertem Radium hervorgehoben.<br \/>\nDie Uhr ist mit einem gr\u00fcnen NATO-Stoffarmband und braunen Lederschlaufen ausgestattet und ist ideal f\u00fcr Ihre n\u00e4chsten Abenteuer im Feld.<\/p>\n","protected":false},"excerpt":{"rendered":"<p>Die Khaki Field Quartz mit ihrem schlichten Design ist eine R\u00fcckkehr zummilit\u00e4rischen Erbe von Hamilton. Das Zifferblatt zeigt eine klare Typographie mit geraden arabischen Ziffern und einer Eisenbahnminuterie. Das schlichte schwarze Zifferblatt wird durch die mit Super-LumiNova\u00ae beschichteten Indizes in der Farbe von gealtertem Radium hervorgehoben. Die Uhr ist mit einem gr\u00fcnen NATO-Stoffarmband und braunen &#8230; <a title=\"Hamilton Khaki Field Quartz 33mm\" class=\"read-more\" href=\"https:\/\/lediamant.ch\/de\/uhren\/213367-hamilton-khaki-field-quartz-33mm-h69301930\/\" aria-label=\"Mehr Informationen \u00fcber Hamilton Khaki Field Quartz 33mm\">Weiterlesen &#8230;<\/a><\/p>\n","protected":false},"featured_media":213369,"template":"","meta":{"_acf_changed":false,"_seopress_robots_primary_cat":"27291","_seopress_titles_title":"","_seopress_titles_desc":"Die Khaki Field Quartz von Hamilton verbindet schlichte Eleganz mit milit\u00e4rischem Erbe und Super-LumiNova\u00ae Details f\u00fcr optimale Ablesbarkeit.","_seopress_robots_index":""},"brand":[27085],"product_brand":[],"product_cat":[27181,27291,27123],"product_tag":[],"class_list":{"0":"post-213367","1":"product","2":"type-product","3":"status-publish","4":"has-post-thumbnail","6":"brand-hamilton-de","7":"product_cat-hamilton-de","8":"product_cat-khaki-field-de","9":"product_cat-uhren","10":"pa_couleurduboitier-grau-de","11":"pa_couleurdubracelet-grun-de","12":"pa_couleurducadran-schwarz","13":"pa_dimensions-o-33-mm","14":"pa_etancheite-50m-de","15":"pa_forme-runden","16":"pa_genre-frau","17":"pa_genre-kind","18":"pa_genre-mann","19":"pa_matiere-stahl","20":"pa_matierebraceletmontre-nato-de","21":"pa_mouvement-quarzbatterie-de","22":"pa_swissmade-ja-de","23":"pa_verre-saphir-de","24":"sales-flash-overlay","25":"woocommerce-text-align-center","26":"woocommerce-image-align-center","27":"do-quantity-buttons","29":"first","30":"instock","31":"taxable","32":"shipping-taxable","33":"purchasable","34":"product-type-simple"},"acf":[],"_links":{"self":[{"href":"https:\/\/lediamant.ch\/de\/wp-json\/wp\/v2\/product\/213367","targetHints":{"allow":["GET"]}}],"collection":[{"href":"https:\/\/lediamant.ch\/de\/wp-json\/wp\/v2\/product"}],"about":[{"href":"https:\/\/lediamant.ch\/de\/wp-json\/wp\/v2\/types\/product"}],"wp:featuredmedia":[{"embeddable":true,"href":"https:\/\/lediamant.ch\/de\/wp-json\/wp\/v2\/media\/213369"}],"wp:attachment":[{"href":"https:\/\/lediamant.ch\/de\/wp-json\/wp\/v2\/media?parent=213367"}],"wp:term":[{"taxonomy":"brand","embeddable":true,"href":"https:\/\/lediamant.ch\/de\/wp-json\/wp\/v2\/brand?post=213367"},{"taxonomy":"product_brand","embeddable":true,"href":"https:\/\/lediamant.ch\/de\/wp-json\/wp\/v2\/product_brand?post=213367"},{"taxonomy":"product_cat","embeddable":true,"href":"https:\/\/lediamant.ch\/de\/wp-json\/wp\/v2\/product_cat?post=213367"},{"taxonomy":"product_tag","embeddable":true,"href":"https:\/\/lediamant.ch\/de\/wp-json\/wp\/v2\/product_tag?post=213367"}],"curies":[{"name":"wp","href":"https:\/\/api.w.org\/{rel}","templated":true}]}}