{"id":213546,"date":"2024-09-06T16:16:32","date_gmt":"2024-09-06T14:16:32","guid":{"rendered":"https:\/\/lediamant.ch\/?post_type=product&#038;p=213546"},"modified":"2024-09-06T16:16:50","modified_gmt":"2024-09-06T14:16:50","slug":"tissot-pr-100-quartz-34mm-2","status":"publish","type":"product","link":"https:\/\/lediamant.ch\/de\/uhren\/213546-tissot-pr-100-quartz-34mm-t1502101111600\/","title":{"rendered":"Tissot PR 100 Quarz 34mm"},"content":{"rendered":"<p>Seit ihrer Einf\u00fchrung in den fr\u00fchen 1980er Jahren ist die Tissot PR 100 ihrem Namen treu geblieben: pr\u00e4zise ( P ), robust (R) und wasserdicht bis 10 bar (100 m).<br \/>\nHergestellt aus hochwertigem 316L-Edelstahl mit ausgezeichneter Widerstandsf\u00e4higkeit und Haltbarkeit, wurde die \u00c4sthetik dieser Kollektion im Laufe der Jahre immer wieder \u00fcberarbeitet.<br \/>\nDie konische Krone verleiht diesem Zeitmesser einen Hauch von Luxus.<br \/>\nDiese Version ist mit einem Swiss Made Quarzwerk und einem Edelstahlarmband ausgestattet.   <\/p>\n","protected":false},"excerpt":{"rendered":"<p>Seit ihrer Einf\u00fchrung in den fr\u00fchen 1980er Jahren ist die Tissot PR 100 ihrem Namen treu geblieben: pr\u00e4zise ( P ), robust (R) und wasserdicht bis 10 bar (100 m). Hergestellt aus hochwertigem 316L-Edelstahl mit ausgezeichneter Widerstandsf\u00e4higkeit und Haltbarkeit, wurde die \u00c4sthetik dieser Kollektion im Laufe der Jahre immer wieder \u00fcberarbeitet. Die konische Krone verleiht &#8230; <a title=\"Tissot PR 100 Quarz 34mm\" class=\"read-more\" href=\"https:\/\/lediamant.ch\/de\/uhren\/213546-tissot-pr-100-quartz-34mm-t1502101111600\/\" aria-label=\"Mehr Informationen \u00fcber Tissot PR 100 Quarz 34mm\">Weiterlesen &#8230;<\/a><\/p>\n","protected":false},"featured_media":213531,"template":"","meta":{"_acf_changed":false,"_seopress_robots_primary_cat":"none","_seopress_titles_title":"","_seopress_titles_desc":"Erleben Sie Pr\u00e4zision und Robustheit mit der Tissot PR 100, einem langlebigen und eleganten Klassiker. Perfekt f\u00fcr jeden Anlass.","_seopress_robots_index":""},"brand":[27087],"product_brand":[],"product_cat":[27159,27245,27513,27123],"product_tag":[],"class_list":{"0":"post-213546","1":"product","2":"type-product","3":"status-publish","4":"has-post-thumbnail","6":"brand-tissot-de","7":"product_cat-tissot-de","8":"product_cat-tissot-classic","9":"product_cat-tissot-pr100","10":"product_cat-uhren","11":"pa_couleurduboitier-grau-de","12":"pa_couleurdubracelet-grau-de","13":"pa_couleurducadran-perlmutt","14":"pa_detail-de-s-pierres-s-11-diamanten-0-041ct","15":"pa_dimensions-o-34-mm","16":"pa_etancheite-100m-de","17":"pa_forme-runden","18":"pa_garantie-24monate","19":"pa_genre-frau","20":"pa_matierebraceletmontre-edelstahl","21":"pa_mouvement-quarzbatterie-de","22":"pa_swissmade-ja-de","23":"pa_typedemontre-uhrenmitdiamanten","24":"pa_verre-saphir-de","25":"sales-flash-overlay","26":"woocommerce-text-align-center","27":"woocommerce-image-align-center","28":"do-quantity-buttons","30":"first","31":"instock","32":"taxable","33":"shipping-taxable","34":"purchasable","35":"product-type-simple"},"acf":[],"_links":{"self":[{"href":"https:\/\/lediamant.ch\/de\/wp-json\/wp\/v2\/product\/213546","targetHints":{"allow":["GET"]}}],"collection":[{"href":"https:\/\/lediamant.ch\/de\/wp-json\/wp\/v2\/product"}],"about":[{"href":"https:\/\/lediamant.ch\/de\/wp-json\/wp\/v2\/types\/product"}],"wp:featuredmedia":[{"embeddable":true,"href":"https:\/\/lediamant.ch\/de\/wp-json\/wp\/v2\/media\/213531"}],"wp:attachment":[{"href":"https:\/\/lediamant.ch\/de\/wp-json\/wp\/v2\/media?parent=213546"}],"wp:term":[{"taxonomy":"brand","embeddable":true,"href":"https:\/\/lediamant.ch\/de\/wp-json\/wp\/v2\/brand?post=213546"},{"taxonomy":"product_brand","embeddable":true,"href":"https:\/\/lediamant.ch\/de\/wp-json\/wp\/v2\/product_brand?post=213546"},{"taxonomy":"product_cat","embeddable":true,"href":"https:\/\/lediamant.ch\/de\/wp-json\/wp\/v2\/product_cat?post=213546"},{"taxonomy":"product_tag","embeddable":true,"href":"https:\/\/lediamant.ch\/de\/wp-json\/wp\/v2\/product_tag?post=213546"}],"curies":[{"name":"wp","href":"https:\/\/api.w.org\/{rel}","templated":true}]}}