{"id":213582,"date":"2024-09-06T16:48:41","date_gmt":"2024-09-06T14:48:41","guid":{"rendered":"https:\/\/lediamant.ch\/?post_type=product&#038;p=213582"},"modified":"2024-09-06T16:49:00","modified_gmt":"2024-09-06T14:49:00","slug":"tissot-pr-100-quartz-40mm","status":"publish","type":"product","link":"https:\/\/lediamant.ch\/de\/uhren\/213582-tissot-pr-100-quartz-40mm-t1504101135100\/","title":{"rendered":"Tissot PR 100 Quarz 40mm"},"content":{"rendered":"<p>Seit ihrer Einf\u00fchrung in den fr\u00fchen 1980er Jahren ist die Tissot PR 100 ihrem Namen treu geblieben: pr\u00e4zise ( P ), robust (R) und wasserdicht bis 10 bar (100 m).<br \/>\nHergestellt aus hochwertigem 316L-Edelstahl mit ausgezeichneter Widerstandsf\u00e4higkeit und Haltbarkeit, wurde die \u00c4sthetik dieser Kollektion im Laufe der Jahre immer wieder \u00fcberarbeitet.<br \/>\nDie konische Krone verleiht diesem Zeitmesser einen Hauch von Luxus.<br \/>\nDiese Version ist mit einem Swiss Made Quarzwerk ausgestattet.   <\/p>\n","protected":false},"excerpt":{"rendered":"<p>Seit ihrer Einf\u00fchrung in den fr\u00fchen 1980er Jahren ist die Tissot PR 100 ihrem Namen treu geblieben: pr\u00e4zise ( P ), robust (R) und wasserdicht bis 10 bar (100 m). Hergestellt aus hochwertigem 316L-Edelstahl mit ausgezeichneter Widerstandsf\u00e4higkeit und Haltbarkeit, wurde die \u00c4sthetik dieser Kollektion im Laufe der Jahre immer wieder \u00fcberarbeitet. Die konische Krone verleiht &#8230; <a title=\"Tissot PR 100 Quarz 40mm\" class=\"read-more\" href=\"https:\/\/lediamant.ch\/de\/uhren\/213582-tissot-pr-100-quartz-40mm-t1504101135100\/\" aria-label=\"Mehr Informationen \u00fcber Tissot PR 100 Quarz 40mm\">Weiterlesen &#8230;<\/a><\/p>\n","protected":false},"featured_media":213567,"template":"","meta":{"_acf_changed":false,"_seopress_robots_primary_cat":"none","_seopress_titles_title":"","_seopress_titles_desc":"Entdecken Sie die Tissot PR 100: eine pr\u00e4zise, robuste und wasserdichte Uhr, die moderne \u00c4sthetik mit Schweizer Qualit\u00e4t verbindet.","_seopress_robots_index":""},"brand":[27087],"product_brand":[],"product_cat":[27159,27245,27513,27123],"product_tag":[],"class_list":{"0":"post-213582","1":"product","2":"type-product","3":"status-publish","4":"has-post-thumbnail","6":"brand-tissot-de","7":"product_cat-tissot-de","8":"product_cat-tissot-classic","9":"product_cat-tissot-pr100","10":"product_cat-uhren","11":"pa_couleurduboitier-grau-de","12":"pa_couleurdubracelet-grau-de","13":"pa_couleurducadran-blau","14":"pa_dimensions-o-40-mm","15":"pa_etancheite-100m-de","16":"pa_forme-runden","17":"pa_garantie-24monate","18":"pa_genre-mann","19":"pa_matierebraceletmontre-edelstahl","20":"pa_mouvement-quarzbatterie-de","21":"pa_swissmade-ja-de","22":"pa_verre-saphir-de","23":"sales-flash-overlay","24":"woocommerce-text-align-center","25":"woocommerce-image-align-center","26":"do-quantity-buttons","28":"first","29":"instock","30":"taxable","31":"shipping-taxable","32":"purchasable","33":"product-type-simple"},"acf":[],"_links":{"self":[{"href":"https:\/\/lediamant.ch\/de\/wp-json\/wp\/v2\/product\/213582","targetHints":{"allow":["GET"]}}],"collection":[{"href":"https:\/\/lediamant.ch\/de\/wp-json\/wp\/v2\/product"}],"about":[{"href":"https:\/\/lediamant.ch\/de\/wp-json\/wp\/v2\/types\/product"}],"wp:featuredmedia":[{"embeddable":true,"href":"https:\/\/lediamant.ch\/de\/wp-json\/wp\/v2\/media\/213567"}],"wp:attachment":[{"href":"https:\/\/lediamant.ch\/de\/wp-json\/wp\/v2\/media?parent=213582"}],"wp:term":[{"taxonomy":"brand","embeddable":true,"href":"https:\/\/lediamant.ch\/de\/wp-json\/wp\/v2\/brand?post=213582"},{"taxonomy":"product_brand","embeddable":true,"href":"https:\/\/lediamant.ch\/de\/wp-json\/wp\/v2\/product_brand?post=213582"},{"taxonomy":"product_cat","embeddable":true,"href":"https:\/\/lediamant.ch\/de\/wp-json\/wp\/v2\/product_cat?post=213582"},{"taxonomy":"product_tag","embeddable":true,"href":"https:\/\/lediamant.ch\/de\/wp-json\/wp\/v2\/product_tag?post=213582"}],"curies":[{"name":"wp","href":"https:\/\/api.w.org\/{rel}","templated":true}]}}